{"id":26027,"date":"2025-03-29T15:36:59","date_gmt":"2025-03-29T14:36:59","guid":{"rendered":"https:\/\/dupescents.co\/products\/sent-comme-bottled-intense\/"},"modified":"2026-02-21T20:06:06","modified_gmt":"2026-02-21T19:06:06","slug":"sent-comme-bottled-intense","status":"publish","type":"product","link":"https:\/\/dupescents.co\/fr\/products\/sent-comme-bottled-intense\/","title":{"rendered":"Sent comme&#8230; Bottled Intense"},"content":{"rendered":"<p>346M - Hugo Boss Bottled Intense remplacement<br \/>\nEAU DE PARFUM NO 346M - HUGO BOSS BOTTLED INTENSE REMPLACEMENT<\/p>\n<p>PARFUMS DE NOS SUBSTITUTS :<\/p>\n<p>FRUIT<br \/>\nFLEUR D&rsquo;ORANGER<br \/>\nBERGAMOTE<br \/>\nZINNAMON<br \/>\nCLOVE (\u00c9PICES)<br \/>\nCARDAMOME<br \/>\nG\u00c9RANIUM<br \/>\nLAWENDA<br \/>\nVANILLE<br \/>\nBOIS DE SANTAL<br \/>\nCOUMARINE<br \/>\nC\u00c8DRE<br \/>\nV\u00c9TIVER<br \/>\nDESCRIPTION DE LA FRAGRANCE :<\/p>\n<p>L&rsquo;\u00e9quivalent du parfum Hugo Boss Bottled Intense vous donnera confiance et courage. Il met en valeur la force unique de votre caract\u00e8re et vous pousse \u00e0 vivre la vie encore plus intens\u00e9ment ! Ce m\u00e9lange intense, sensuel et profond contient des notes de pomme, d&rsquo;huile d&rsquo;orange am\u00e8re, de clou de girofle, de cannelle, de bois de santal, de bois de c\u00e8dre et de vanille.  <\/p>\n<p>CARACTERISTIQUES DE L&rsquo;EQUIPEMENT DE HUGO BOSS BOTTLED INTENSIVE PARFUM :<br \/>\nType de parfum : bois\u00e9, \u00e9pic\u00e9<br \/>\nPour qui : homme<br \/>\nContenu 10 ml \/ 30 ml \/ 50 ml \/ 100 ml<br \/>\nCode produit : 346M<br \/>\nLe prix de ce parfum d\u00e9pend de la quantit\u00e9 indiqu\u00e9e.<br \/>\nMerci de nous donner votre avis apr\u00e8s l&rsquo;achat !<\/p>\n<p>Voir les autres parfums Hugo Boss.<\/p>\n","protected":false},"excerpt":{"rendered":"<p class=\"product__text inline-richtext\">Inspiration : Hugo Boss Bottled Intense EDP 100ML<\/p>\n<p class=\"product__text inline-richtext\"><strong>\u2705 Eau de toilette 19-21% Parfum<\/strong><\/p>\n<p class=\"product__text inline-richtext\"><strong>\u2705 Le parfum dure une seconde journ\u00e9e<\/strong><\/p>\n<p class=\"product__text inline-richtext\"><strong>Achetez le parfum, pas la marque - \u00e9conomisez de l&rsquo;argent<\/strong><\/p>\n","protected":false},"featured_media":35820,"comment_status":"open","ping_status":"closed","template":"","meta":{"_acf_changed":false},"product_brand":[],"product_cat":[201],"product_tag":[],"class_list":{"0":"post-26027","1":"product","2":"type-product","3":"status-publish","4":"has-post-thumbnail","6":"product_cat-pour-les-hommes","8":"first","9":"instock","10":"shipping-taxable","11":"purchasable","12":"product-type-variable"},"acf":[],"aioseo_notices":[],"jetpack_sharing_enabled":true,"_links":{"self":[{"href":"https:\/\/dupescents.co\/fr\/wp-json\/wp\/v2\/product\/26027","targetHints":{"allow":["GET"]}}],"collection":[{"href":"https:\/\/dupescents.co\/fr\/wp-json\/wp\/v2\/product"}],"about":[{"href":"https:\/\/dupescents.co\/fr\/wp-json\/wp\/v2\/types\/product"}],"replies":[{"embeddable":true,"href":"https:\/\/dupescents.co\/fr\/wp-json\/wp\/v2\/comments?post=26027"}],"wp:featuredmedia":[{"embeddable":true,"href":"https:\/\/dupescents.co\/fr\/wp-json\/wp\/v2\/media\/35820"}],"wp:attachment":[{"href":"https:\/\/dupescents.co\/fr\/wp-json\/wp\/v2\/media?parent=26027"}],"wp:term":[{"taxonomy":"product_brand","embeddable":true,"href":"https:\/\/dupescents.co\/fr\/wp-json\/wp\/v2\/product_brand?post=26027"},{"taxonomy":"product_cat","embeddable":true,"href":"https:\/\/dupescents.co\/fr\/wp-json\/wp\/v2\/product_cat?post=26027"},{"taxonomy":"product_tag","embeddable":true,"href":"https:\/\/dupescents.co\/fr\/wp-json\/wp\/v2\/product_tag?post=26027"}],"curies":[{"name":"wp","href":"https:\/\/api.w.org\/{rel}","templated":true}]}}