{"id":26018,"date":"2025-03-29T15:44:55","date_gmt":"2025-03-29T14:44:55","guid":{"rendered":"https:\/\/dupescents.co\/products\/sent-comme-invictus-victory\/"},"modified":"2025-11-05T19:21:56","modified_gmt":"2025-11-05T18:21:56","slug":"sent-comme-invictus-victory","status":"publish","type":"product","link":"https:\/\/dupescents.co\/fr\/products\/sent-comme-invictus-victory\/","title":{"rendered":"Sent comme&#8230; Invictus Victory"},"content":{"rendered":"<p>303M - Ersatz f\u00fcr Paco Rabanne Invictus Victory<br \/>\nEAU DE PARFUM NR. 303M - ERSATZ F\u00dcR PACO RABANNE INVICTUS VICTORY<\/p>\n<p>DUFTNOTEN UNSERES ERSATZES:<\/p>\n<p>PINK<br \/>\nZITRONE<br \/>\nLAVENDER<br \/>\nOLIBANUM<br \/>\nVANILLE<br \/>\nTONKA FASOL<br \/>\nBURSHINE<br \/>\nDUFTBESCHREIBUNG:<\/p>\n<p>Das energiegeladene Gegenst\u00fcck zu Paco Rabanne Invictus Victory ist eine energiegeladene und zugleich elegante Mischung, die Sie dazu auffordert, aus Ihrer Komfortzone herauszutreten. Die Kombination aus w\u00e4rmendem Pfeffer und knackiger Zitrone mit der Subtilit\u00e4t von Vanille und Lavendel schafft ein hypnotisches Finale, das unwiderstehlich ist.<\/p>\n<p>Das Gegenst\u00fcck zu 303M - PACO RABANNE INVICTUS VICTORY ist ein Leader-Duft, der bei gro\u00dfen Anl\u00e4ssen, im B\u00fcro und sogar beim Workout \u00fcberzeugt. Die perfekte Wahl f\u00fcr stilvolle M\u00e4nner, die jeden Tag feiern.<\/p>\n<p>EIGENSCHAFTEN DES INVICTUS VICTORY PARF\u00dcM-GEGENST\u00dcCKS:<br \/>\nDufttyp: blumig, w\u00fcrzig<br \/>\nF\u00fcr wen: m\u00e4nnlich<br \/>\nInhalt: 10 ml \/ 30 ml \/ 50 ml \/ 100 ml<br \/>\nProdukt-Code: 303M<br \/>\nDer Preis f\u00fcr dieses Parf\u00fcm h\u00e4ngt von der angegebenen Kapazit\u00e4t ab.<br \/>\nBitte geben Sie uns nach dem Kauf eine R\u00fcckmeldung!<\/p>\n<p>Sehen Sie auch andere Paco Rabanne Parfums und ihre Ersatzprodukte.<\/p>\n","protected":false},"excerpt":{"rendered":"<p>Inspiration : Paco Rabanne Invictus Victory EDP 50ML<\/p>\n<p class=\"product__text inline-richtext\"><strong>\u2705 Eau de toilette 19-21% Parfum<\/strong><\/p>\n<p class=\"product__text inline-richtext\"><strong>\u2705 Le parfum dure une seconde journ\u00e9e<\/strong><\/p>\n<p class=\"product__text inline-richtext\"><strong>Achetez le parfum, pas la marque - \u00e9conomisez de l&rsquo;argent<\/strong><\/p>\n","protected":false},"featured_media":36361,"comment_status":"open","ping_status":"closed","template":"","meta":{"_acf_changed":false},"product_brand":[],"product_cat":[201],"product_tag":[],"class_list":{"0":"post-26018","1":"product","2":"type-product","3":"status-publish","4":"has-post-thumbnail","6":"product_cat-pour-les-hommes","8":"first","9":"instock","10":"shipping-taxable","11":"purchasable","12":"product-type-variable"},"acf":[],"aioseo_notices":[],"jetpack_sharing_enabled":true,"_links":{"self":[{"href":"https:\/\/dupescents.co\/fr\/wp-json\/wp\/v2\/product\/26018","targetHints":{"allow":["GET"]}}],"collection":[{"href":"https:\/\/dupescents.co\/fr\/wp-json\/wp\/v2\/product"}],"about":[{"href":"https:\/\/dupescents.co\/fr\/wp-json\/wp\/v2\/types\/product"}],"replies":[{"embeddable":true,"href":"https:\/\/dupescents.co\/fr\/wp-json\/wp\/v2\/comments?post=26018"}],"wp:featuredmedia":[{"embeddable":true,"href":"https:\/\/dupescents.co\/fr\/wp-json\/wp\/v2\/media\/36361"}],"wp:attachment":[{"href":"https:\/\/dupescents.co\/fr\/wp-json\/wp\/v2\/media?parent=26018"}],"wp:term":[{"taxonomy":"product_brand","embeddable":true,"href":"https:\/\/dupescents.co\/fr\/wp-json\/wp\/v2\/product_brand?post=26018"},{"taxonomy":"product_cat","embeddable":true,"href":"https:\/\/dupescents.co\/fr\/wp-json\/wp\/v2\/product_cat?post=26018"},{"taxonomy":"product_tag","embeddable":true,"href":"https:\/\/dupescents.co\/fr\/wp-json\/wp\/v2\/product_tag?post=26018"}],"curies":[{"name":"wp","href":"https:\/\/api.w.org\/{rel}","templated":true}]}}