{"id":26008,"date":"2025-03-29T15:37:57","date_gmt":"2025-03-29T14:37:57","guid":{"rendered":"https:\/\/dupescents.co\/products\/sent-comme-ck-one\/"},"modified":"2026-02-22T00:37:44","modified_gmt":"2026-02-21T23:37:44","slug":"sent-comme-ck-one","status":"publish","type":"product","link":"https:\/\/dupescents.co\/fr\/products\/sent-comme-ck-one\/","title":{"rendered":"Sent comme&#8230; CK One"},"content":{"rendered":"<p>209M - Calvin Klein CK One remplacement<br \/>\nEAU DE PARFUM NO 209M - CALVIN KLEIN CK ONE REMPLACEMENT<\/p>\n<p>PARFUMS DE NOS SUBSTITUTS :<\/p>\n<p>LEMON<br \/>\nNOIX VERTES<br \/>\nBERGAMOT<br \/>\nPIZMERE<br \/>\nANANAS<br \/>\nC\u00c9DRE<br \/>\nKONWALIA<br \/>\nMANDARINE<br \/>\nJASMINE<br \/>\nSANDALWOOD<br \/>\nCARDAMON<br \/>\nVIOLET<br \/>\nMOSSE DE CH\u00caNE<br \/>\nPAPAYA<br \/>\nNUTMEG<br \/>\nROSE<br \/>\nBURSHINE<br \/>\nIRISWURZEL<br \/>\nTH\u00c9 VERT<br \/>\nFRESHE<br \/>\nDESCRIPTION DU PARFUM :<\/p>\n<p>Une l\u00e9g\u00e8re touche de vitalit\u00e9 et de fra\u00eecheur juv\u00e9niles pour les hommes et les femmes. L&rsquo;Eau de Parfum No. 209M est le pendant du parfum Calvin Klein CK One, qui s\u00e9duit par son ar\u00f4me d&rsquo;agrumes. Des fruits d\u00e9licieusement juteux sont accompagn\u00e9s de fleurs d\u00e9licates et d&rsquo;\u00e9pices expressives qui conf\u00e8rent \u00e0 cette combinaison une dimension sensuelle.  <\/p>\n<p>CARACTERISTIQUES DU PARFUM CK ONE EQUIVALENT :<br \/>\nType de parfum : Agrumes<br \/>\nPour qui : Unisexe<br \/>\nContenu : 10 ml \/ 30 ml \/ 50 ml \/ 100 ml<br \/>\nCode produit : 209M<br \/>\nLe prix de ce parfum d\u00e9pend de la quantit\u00e9 indiqu\u00e9e.<br \/>\nMerci de nous donner votre avis apr\u00e8s l&rsquo;achat !<\/p>\n<p>Voir aussi les autres parfums Calvin Klein et leurs substituts.<\/p>\n<p>Quelle est l&rsquo;odeur du parfum correspondant CK One ?<br \/>\nC&rsquo;est un beau parfum frais, class\u00e9 comme citrique, bien que des accents fruit\u00e9s et des notes bois\u00e9es soient \u00e9galement pr\u00e9sents. On y trouve notamment des notes de th\u00e9 vert, de citron, de violette, de cardamome et de bois de santal. L&rsquo;ensemble du parfum pr\u00e9sente \u00e9galement d&rsquo;autres accents qui rendent l&rsquo;ar\u00f4me encore plus int\u00e9ressant.  <\/p>\n<p>Le parfum de remplacement CK One est-il unisexe ?<br \/>\nC&rsquo;est un parfum polyvalent qui convient aussi bien aux hommes qu&rsquo;aux femmes. Il s&rsquo;utilise aussi bien en journ\u00e9e que dans des moments plus atmosph\u00e9riques. <\/p>\n","protected":false},"excerpt":{"rendered":"<p>Inspiration : Calvin Klein CK One EDT 50ML<\/p>\n<p class=\"product__text inline-richtext\"><strong>\u2705 Eau de toilette 19-21% Parfum<\/strong><\/p>\n<p class=\"product__text inline-richtext\"><strong>\u2705 Le parfum dure une seconde journ\u00e9e<\/strong><\/p>\n<p class=\"product__text inline-richtext\"><strong>Achetez le parfum, pas la marque - \u00e9conomisez de l&rsquo;argent<\/strong><\/p>\n","protected":false},"featured_media":35928,"comment_status":"open","ping_status":"closed","template":"","meta":{"_acf_changed":false},"product_brand":[],"product_cat":[201],"product_tag":[],"class_list":{"0":"post-26008","1":"product","2":"type-product","3":"status-publish","4":"has-post-thumbnail","6":"product_cat-pour-les-hommes","8":"first","9":"instock","10":"shipping-taxable","11":"purchasable","12":"product-type-variable"},"acf":[],"aioseo_notices":[],"jetpack_sharing_enabled":true,"_links":{"self":[{"href":"https:\/\/dupescents.co\/fr\/wp-json\/wp\/v2\/product\/26008","targetHints":{"allow":["GET"]}}],"collection":[{"href":"https:\/\/dupescents.co\/fr\/wp-json\/wp\/v2\/product"}],"about":[{"href":"https:\/\/dupescents.co\/fr\/wp-json\/wp\/v2\/types\/product"}],"replies":[{"embeddable":true,"href":"https:\/\/dupescents.co\/fr\/wp-json\/wp\/v2\/comments?post=26008"}],"wp:featuredmedia":[{"embeddable":true,"href":"https:\/\/dupescents.co\/fr\/wp-json\/wp\/v2\/media\/35928"}],"wp:attachment":[{"href":"https:\/\/dupescents.co\/fr\/wp-json\/wp\/v2\/media?parent=26008"}],"wp:term":[{"taxonomy":"product_brand","embeddable":true,"href":"https:\/\/dupescents.co\/fr\/wp-json\/wp\/v2\/product_brand?post=26008"},{"taxonomy":"product_cat","embeddable":true,"href":"https:\/\/dupescents.co\/fr\/wp-json\/wp\/v2\/product_cat?post=26008"},{"taxonomy":"product_tag","embeddable":true,"href":"https:\/\/dupescents.co\/fr\/wp-json\/wp\/v2\/product_tag?post=26008"}],"curies":[{"name":"wp","href":"https:\/\/api.w.org\/{rel}","templated":true}]}}