{"id":25991,"date":"2025-03-29T15:41:23","date_gmt":"2025-03-29T14:41:23","guid":{"rendered":"https:\/\/dupescents.co\/products\/sent-comme-armani-code-sport\/"},"modified":"2026-02-22T00:56:37","modified_gmt":"2026-02-21T23:56:37","slug":"sent-comme-armani-code-sport","status":"publish","type":"product","link":"https:\/\/dupescents.co\/fr\/products\/sent-comme-armani-code-sport\/","title":{"rendered":"Sent comme&#8230; Armani Code Sport"},"content":{"rendered":"<p>267M - Remplacement pour Giorgio Armani Code Sport<br \/>\nEAU DE PARFUM NO 267M - REMPLACEMENT POUR GIORGIO ARMANI ARMANI CODE SPORT<\/p>\n<p>PARFUMS DE NOTRE REMPLACEMENT :<\/p>\n<p>LTRY<br \/>\nPI\u00c8CE DE MONNAIE<br \/>\nMANDARINE<br \/>\nFLEUR D&rsquo;IMMORTELLE<br \/>\nVETIVERRY<br \/>\nNOTES AQUATIQUES<br \/>\nBURSHINE<br \/>\nDESCRIPTION DE LA FRAGRANCE :<\/p>\n<p>Un parfum qui fascine et attire par ses contrastes tranchants. Notre Eau de Parfum No. 267M est le pendant de Giorgio Armani Armani Code Sport, qui rafra\u00eechit avec ses riches notes d&rsquo;agrumes tout en r\u00e9chauffant avec ses s\u00e9duisantes notes bois\u00e9es. Les hommes actifs l&rsquo;appr\u00e9cieront tout particuli\u00e8rement, car il regorge d&rsquo;un \u00e9lan de jeunesse.  <\/p>\n<p>CARACTERISTIQUES DE L&rsquo;EQUIPEMENT ARMANI CODE SPORT :<br \/>\nType de parfum : citrique, aromatique<br \/>\nPour qui : homme<br \/>\nContenu 10 ml \/ 30 ml \/ 50 ml \/ 100 ml<br \/>\nCode produit : 267M<br \/>\nLe prix de ce parfum d\u00e9pend de la quantit\u00e9 indiqu\u00e9e.<br \/>\nMerci de nous donner votre avis apr\u00e8s l&rsquo;achat !<\/p>\n<p>Voir aussi les autres parfums Giorgio Armani et leurs substituts.<\/p>\n","protected":false},"excerpt":{"rendered":"<p class=\"product__text inline-richtext\">Inspiration : Giorgio Armani Armani Code Sport EDT 50ML<\/p>\n<p class=\"product__text inline-richtext\"><strong>\u2705 Eau de toilette 19-21% Parfum<\/strong><\/p>\n<p class=\"product__text inline-richtext\"><strong>\u2705 Le parfum dure une seconde journ\u00e9e<\/strong><\/p>\n<p class=\"product__text inline-richtext\"><strong>Achetez le parfum, pas la marque - \u00e9conomisez de l&rsquo;argent<\/strong><\/p>\n","protected":false},"featured_media":35962,"comment_status":"open","ping_status":"closed","template":"","meta":{"_acf_changed":false},"product_brand":[],"product_cat":[201],"product_tag":[],"class_list":{"0":"post-25991","1":"product","2":"type-product","3":"status-publish","4":"has-post-thumbnail","6":"product_cat-pour-les-hommes","8":"first","9":"instock","10":"shipping-taxable","11":"purchasable","12":"product-type-variable"},"acf":[],"aioseo_notices":[],"jetpack_sharing_enabled":true,"_links":{"self":[{"href":"https:\/\/dupescents.co\/fr\/wp-json\/wp\/v2\/product\/25991","targetHints":{"allow":["GET"]}}],"collection":[{"href":"https:\/\/dupescents.co\/fr\/wp-json\/wp\/v2\/product"}],"about":[{"href":"https:\/\/dupescents.co\/fr\/wp-json\/wp\/v2\/types\/product"}],"replies":[{"embeddable":true,"href":"https:\/\/dupescents.co\/fr\/wp-json\/wp\/v2\/comments?post=25991"}],"wp:featuredmedia":[{"embeddable":true,"href":"https:\/\/dupescents.co\/fr\/wp-json\/wp\/v2\/media\/35962"}],"wp:attachment":[{"href":"https:\/\/dupescents.co\/fr\/wp-json\/wp\/v2\/media?parent=25991"}],"wp:term":[{"taxonomy":"product_brand","embeddable":true,"href":"https:\/\/dupescents.co\/fr\/wp-json\/wp\/v2\/product_brand?post=25991"},{"taxonomy":"product_cat","embeddable":true,"href":"https:\/\/dupescents.co\/fr\/wp-json\/wp\/v2\/product_cat?post=25991"},{"taxonomy":"product_tag","embeddable":true,"href":"https:\/\/dupescents.co\/fr\/wp-json\/wp\/v2\/product_tag?post=25991"}],"curies":[{"name":"wp","href":"https:\/\/api.w.org\/{rel}","templated":true}]}}