{"id":25982,"date":"2025-03-29T15:53:23","date_gmt":"2025-03-29T14:53:23","guid":{"rendered":"https:\/\/dupescents.co\/products\/sent-comme-ck2\/"},"modified":"2026-02-22T00:44:12","modified_gmt":"2026-02-21T23:44:12","slug":"sent-comme-ck2","status":"publish","type":"product","link":"https:\/\/dupescents.co\/fr\/products\/sent-comme-ck2\/","title":{"rendered":"Sent comme&#8230; CK2"},"content":{"rendered":"<p>216M - Calvin Klein CK2 UNISEX remplacement<br \/>\nEAU DE PARFUM NR. 216M - CALVIN KLEIN CK2 REMPLACEMENT<\/p>\n<p>PARFUMS DE NOS SUBSTITUTS :<\/p>\n<p>OCCUPATION<br \/>\nFEUILLE DE VIOLETTE<br \/>\nWASABI<br \/>\nV\u00c9TIVER<br \/>\nMANDARINE<br \/>\nHEDIONE<br \/>\nBROUSSE<br \/>\nPIWONIA<br \/>\nRACINE D&rsquo;IRIS<br \/>\nPIZMO BLANC<br \/>\nROSE<br \/>\nSANDALWOOD<br \/>\nMIEL<br \/>\nDESCRIPTION DE LA FRAGRANCE :<\/p>\n<p>Un parfum unisexe exceptionnellement l\u00e9ger et frais. Notre \u00e9quivalent de Calvin Klein CK2 r\u00e9pond aux attentes des femmes et des hommes remplis d&rsquo;\u00e9nergie juv\u00e9nile et de joie de vivre. Les notes puissantes d&rsquo;agrumes sont ici renforc\u00e9es par le wasabi et le musc blanc, qui soulignent le charisme de la personne qui porte ce parfum. Cette composition est id\u00e9ale pour la journ\u00e9e.   <\/p>\n<p>CARACTERISTIQUES DU PARFUM CK2 UNISEX EQUIVALENT :<br \/>\nType de parfum : Agrumes<br \/>\nPour qui : Unisexe<br \/>\nVolume : 30 ml \/ 50 ml \/ 100 ml<br \/>\nCode produit : 216M<br \/>\nLe prix de ce parfum d\u00e9pend de la quantit\u00e9 indiqu\u00e9e.<br \/>\nMerci de nous donner votre avis apr\u00e8s l&rsquo;achat !<\/p>\n<p>Voir aussi les autres parfums Calvin Klein et leurs produits de remplacement.<\/p>\n<p>Quelle est l&rsquo;odeur du parfum correspondant CK2 ?<br \/>\nC&rsquo;est un parfum tr\u00e8s agr\u00e9able, que l&rsquo;on peut qualifier d&rsquo;agrumes, mais aussi de frais et&#8230; peut \u00eatre class\u00e9 comme urbain. Dans cette composition, on peut notamment percevoir des notes olfactives comme le bois de santal, la poire, la mandarine, la pivoine ou l&rsquo;encens. L&rsquo;ensemble a une allure jeune et est un parfum unisexe.  <\/p>\n","protected":false},"excerpt":{"rendered":"<p class=\"product__text inline-richtext\">Inspiration : Calvin Klein CK2 EDT 50ML<\/p>\n<p class=\"product__text inline-richtext\"><strong>\u2705 Eau de toilette 19-21% Parfum<\/strong><\/p>\n<p class=\"product__text inline-richtext\"><strong>\u2705 Le parfum dure une seconde journ\u00e9e<\/strong><\/p>\n<p class=\"product__text inline-richtext\"><strong>Achetez le parfum, pas la marque - \u00e9conomisez de l&rsquo;argent<\/strong><\/p>\n","protected":false},"featured_media":35940,"comment_status":"open","ping_status":"closed","template":"","meta":{"_acf_changed":false},"product_brand":[],"product_cat":[203,201],"product_tag":[],"class_list":{"0":"post-25982","1":"product","2":"type-product","3":"status-publish","4":"has-post-thumbnail","6":"product_cat-pour-les-femmes","7":"product_cat-pour-les-hommes","9":"first","10":"instock","11":"shipping-taxable","12":"purchasable","13":"product-type-variable"},"acf":[],"aioseo_notices":[],"jetpack_sharing_enabled":true,"_links":{"self":[{"href":"https:\/\/dupescents.co\/fr\/wp-json\/wp\/v2\/product\/25982","targetHints":{"allow":["GET"]}}],"collection":[{"href":"https:\/\/dupescents.co\/fr\/wp-json\/wp\/v2\/product"}],"about":[{"href":"https:\/\/dupescents.co\/fr\/wp-json\/wp\/v2\/types\/product"}],"replies":[{"embeddable":true,"href":"https:\/\/dupescents.co\/fr\/wp-json\/wp\/v2\/comments?post=25982"}],"wp:featuredmedia":[{"embeddable":true,"href":"https:\/\/dupescents.co\/fr\/wp-json\/wp\/v2\/media\/35940"}],"wp:attachment":[{"href":"https:\/\/dupescents.co\/fr\/wp-json\/wp\/v2\/media?parent=25982"}],"wp:term":[{"taxonomy":"product_brand","embeddable":true,"href":"https:\/\/dupescents.co\/fr\/wp-json\/wp\/v2\/product_brand?post=25982"},{"taxonomy":"product_cat","embeddable":true,"href":"https:\/\/dupescents.co\/fr\/wp-json\/wp\/v2\/product_cat?post=25982"},{"taxonomy":"product_tag","embeddable":true,"href":"https:\/\/dupescents.co\/fr\/wp-json\/wp\/v2\/product_tag?post=25982"}],"curies":[{"name":"wp","href":"https:\/\/api.w.org\/{rel}","templated":true}]}}