{"id":25967,"date":"2025-03-29T15:56:40","date_gmt":"2025-03-29T14:56:40","guid":{"rendered":"https:\/\/dupescents.co\/products\/sent-comme-guilty\/"},"modified":"2026-02-22T00:40:46","modified_gmt":"2026-02-21T23:40:46","slug":"sent-comme-guilty","status":"publish","type":"product","link":"https:\/\/dupescents.co\/fr\/products\/sent-comme-guilty\/","title":{"rendered":"Sent comme&#8230; Guilty"},"content":{"rendered":"<p>214M - Remplacement pour Gucci Guilty<br \/>\nEAU DE PARFUM N\u00b0 214M - REMPLACEMENT POUR GUCCI GUILTY<\/p>\n<p>PARFUMS DE NOS SUBSTITUTS :<\/p>\n<p>LAWENDA<br \/>\nAMALPHIA-CITRON<br \/>\nFLEUR D&rsquo;ORANGER AFRICAINE<br \/>\nC\u00c8DRES DE VIRGINIE<br \/>\nPACULA<br \/>\nVANILLE<br \/>\nDESCRIPTION DU PARFUM :<\/p>\n<p>Un parfum s\u00e9duisant pour l&rsquo;homme qui sait exactement ce qu&rsquo;il attend de la vie et qui en tire le meilleur parti. Notre Eau de Parfum n\u00b0 214M est l&rsquo;\u00e9quivalent du parfum Guilty de Gucci, qui convient \u00e0 la vie quotidienne tout au long de l&rsquo;ann\u00e9e. Elle sera appr\u00e9ci\u00e9e par ceux qui sont audacieux et ne veulent pas faire de compromis.  <\/p>\n<p>CARACTERISTIQUES DU PARFUM :<br \/>\nType de parfum : bois\u00e9<br \/>\nPour qui : masculin<br \/>\nContenu : 10 ml \/ 30 ml \/ 50 ml \/ 100 ml<br \/>\nCode produit : 214M<br \/>\nLe prix de ce parfum d\u00e9pend de la quantit\u00e9 indiqu\u00e9e.<br \/>\nMerci de nous faire part de vos commentaires apr\u00e8s l&rsquo;achat !<\/p>\n<p>Voir aussi les autres parfums Gucci et leurs produits de remplacement.<\/p>\n<p>Quelle est l&rsquo;odeur du parfum Gucci Guilty correspondant ?<br \/>\nC&rsquo;est un parfum masculin tr\u00e8s int\u00e9ressant, qui persiste longtemps, avec des notes de vanille, de fleur d&rsquo;oranger et de citron - mais pas seulement. C&rsquo;est un parfum \u00e0 ne pas manquer, car il est vraiment accrocheur. <\/p>\n","protected":false},"excerpt":{"rendered":"<p class=\"product__text inline-richtext\">Inspiration : Gucci Guilty EDT 50ML<\/p>\n<p class=\"product__text inline-richtext\"><strong>\u2705 Eau de toilette 19-21% Parfum<\/strong><\/p>\n<p class=\"product__text inline-richtext\"><strong>\u2705 Le parfum dure une seconde journ\u00e9e<\/strong><\/p>\n<p class=\"product__text inline-richtext\"><strong>Achetez le parfum, pas la marque - \u00e9conomisez de l&rsquo;argent<\/strong><\/p>\n","protected":false},"featured_media":35934,"comment_status":"open","ping_status":"closed","template":"","meta":{"_acf_changed":false},"product_brand":[],"product_cat":[201],"product_tag":[],"class_list":{"0":"post-25967","1":"product","2":"type-product","3":"status-publish","4":"has-post-thumbnail","6":"product_cat-pour-les-hommes","8":"first","9":"instock","10":"shipping-taxable","11":"purchasable","12":"product-type-variable"},"acf":[],"aioseo_notices":[],"jetpack_sharing_enabled":true,"_links":{"self":[{"href":"https:\/\/dupescents.co\/fr\/wp-json\/wp\/v2\/product\/25967","targetHints":{"allow":["GET"]}}],"collection":[{"href":"https:\/\/dupescents.co\/fr\/wp-json\/wp\/v2\/product"}],"about":[{"href":"https:\/\/dupescents.co\/fr\/wp-json\/wp\/v2\/types\/product"}],"replies":[{"embeddable":true,"href":"https:\/\/dupescents.co\/fr\/wp-json\/wp\/v2\/comments?post=25967"}],"wp:featuredmedia":[{"embeddable":true,"href":"https:\/\/dupescents.co\/fr\/wp-json\/wp\/v2\/media\/35934"}],"wp:attachment":[{"href":"https:\/\/dupescents.co\/fr\/wp-json\/wp\/v2\/media?parent=25967"}],"wp:term":[{"taxonomy":"product_brand","embeddable":true,"href":"https:\/\/dupescents.co\/fr\/wp-json\/wp\/v2\/product_brand?post=25967"},{"taxonomy":"product_cat","embeddable":true,"href":"https:\/\/dupescents.co\/fr\/wp-json\/wp\/v2\/product_cat?post=25967"},{"taxonomy":"product_tag","embeddable":true,"href":"https:\/\/dupescents.co\/fr\/wp-json\/wp\/v2\/product_tag?post=25967"}],"curies":[{"name":"wp","href":"https:\/\/api.w.org\/{rel}","templated":true}]}}