{"id":25957,"date":"2025-03-29T16:05:45","date_gmt":"2025-03-29T15:05:45","guid":{"rendered":"https:\/\/dupescents.co\/products\/sent-comme-code-profumo\/"},"modified":"2026-02-22T01:09:35","modified_gmt":"2026-02-22T00:09:35","slug":"sent-comme-code-profumo","status":"publish","type":"product","link":"https:\/\/dupescents.co\/fr\/products\/sent-comme-code-profumo\/","title":{"rendered":"Sent comme&#8230; Code Profumo"},"content":{"rendered":"<p>304M - Remplacement pour Giorgio Armani Code Profumo<br \/>\nEAU PARFUM\u00c9E NR. 304M - REMPLACEMENT POUR GIORGIO ARMANI CODE PROFUMO<\/p>\n<p>PARFUMS DE NOS SUBSTITUTS :<\/p>\n<p>CARDAMOME<br \/>\nPOMME VERTE<br \/>\nMANDARINE VERTE<br \/>\nNUTMEG<br \/>\nLAVANDE<br \/>\nORANGE BLOSSOM<br \/>\nFRUITS TONKA<br \/>\nBURSHINE<br \/>\nPEAU<br \/>\nDESCRIPTION DU PARFUM :<\/p>\n<p>Le substitut Giorgio Armani Code Profumo est un parfum pour les hommes qui aiment la vraie \u00e9l\u00e9gance classique. Il fonctionne m\u00eame si vous ne portez pas de tenue formelle. Apr\u00e8s tout, \u00eatre un vrai gentleman n&rsquo;est pas tant une question d&rsquo;apparence que de personnalit\u00e9 ! Il est compos\u00e9 de mandarine, de pomme verte, de cardamome, de lavande, de noix de muscade, de f\u00e8ve tonka et d&rsquo;ambre. Il est parfait pour les sorties en soir\u00e9e.    <\/p>\n<p>CARACTERISTIQUES DU PARFUM GIORGIO ARMANI CODE PROFUMO EQUIVALENT :<br \/>\nType de parfum : oriental, \u00e9pic\u00e9.<br \/>\nPour qui : homme<br \/>\nContenu : 10 ml \/ 30 ml \/ 50 ml \/ 100 ml<br \/>\nCode produit : 304M<br \/>\nLe prix de ce parfum d\u00e9pend de la quantit\u00e9 indiqu\u00e9e.<br \/>\nMerci de nous donner votre avis apr\u00e8s l&rsquo;achat !<\/p>\n","protected":false},"excerpt":{"rendered":"<p class=\"product__text inline-richtext\">Inspiration : Armani Code Profumo EDP 50ML<\/p>\n<p class=\"product__text inline-richtext\"><strong>\u2705 Eau de toilette 19-21% Parfum<\/strong><\/p>\n<p class=\"product__text inline-richtext\"><strong>\u2705 Le parfum dure une seconde journ\u00e9e<\/strong><\/p>\n<p class=\"product__text inline-richtext\"><strong>Achetez le parfum, pas la marque - \u00e9conomisez de l&rsquo;argent<\/strong><\/p>\n","protected":false},"featured_media":35981,"comment_status":"open","ping_status":"closed","template":"","meta":{"_acf_changed":false},"product_brand":[],"product_cat":[201],"product_tag":[],"class_list":{"0":"post-25957","1":"product","2":"type-product","3":"status-publish","4":"has-post-thumbnail","6":"product_cat-pour-les-hommes","8":"first","9":"instock","10":"shipping-taxable","11":"purchasable","12":"product-type-variable"},"acf":[],"aioseo_notices":[],"jetpack_sharing_enabled":true,"_links":{"self":[{"href":"https:\/\/dupescents.co\/fr\/wp-json\/wp\/v2\/product\/25957","targetHints":{"allow":["GET"]}}],"collection":[{"href":"https:\/\/dupescents.co\/fr\/wp-json\/wp\/v2\/product"}],"about":[{"href":"https:\/\/dupescents.co\/fr\/wp-json\/wp\/v2\/types\/product"}],"replies":[{"embeddable":true,"href":"https:\/\/dupescents.co\/fr\/wp-json\/wp\/v2\/comments?post=25957"}],"wp:featuredmedia":[{"embeddable":true,"href":"https:\/\/dupescents.co\/fr\/wp-json\/wp\/v2\/media\/35981"}],"wp:attachment":[{"href":"https:\/\/dupescents.co\/fr\/wp-json\/wp\/v2\/media?parent=25957"}],"wp:term":[{"taxonomy":"product_brand","embeddable":true,"href":"https:\/\/dupescents.co\/fr\/wp-json\/wp\/v2\/product_brand?post=25957"},{"taxonomy":"product_cat","embeddable":true,"href":"https:\/\/dupescents.co\/fr\/wp-json\/wp\/v2\/product_cat?post=25957"},{"taxonomy":"product_tag","embeddable":true,"href":"https:\/\/dupescents.co\/fr\/wp-json\/wp\/v2\/product_tag?post=25957"}],"curies":[{"name":"wp","href":"https:\/\/api.w.org\/{rel}","templated":true}]}}