{"id":25932,"date":"2025-03-29T16:13:49","date_gmt":"2025-03-29T15:13:49","guid":{"rendered":"https:\/\/dupescents.co\/products\/sent-comme-la-nuit-de-lhomme-bleu-electrique\/"},"modified":"2025-11-05T19:21:43","modified_gmt":"2025-11-05T18:21:43","slug":"sent-comme-la-nuit-de-lhomme-bleu-electrique","status":"publish","type":"product","link":"https:\/\/dupescents.co\/fr\/products\/sent-comme-la-nuit-de-lhomme-bleu-electrique\/","title":{"rendered":"Sent comme&#8230; La Nuit de L&rsquo;Homme Bleu Electrique"},"content":{"rendered":"<p>351M - Ersatz f\u00fcr Yves Saint Laurent La Nuit de L&rsquo;Homme Bleu \u00c9lectrique<br \/>\nEAU DE PARFUM NR. 351M - ERSATZ F\u00dcR YVES SAINT LAURENT LA NUIT DE L&rsquo;HOMME BLEU \u00c9LECTRIQUE<\/p>\n<p>DUFTNOTEN UNSERES ERSATZES:<\/p>\n<p>KARDAMON<br \/>\nIMBIR<br \/>\nBERGAMOT<br \/>\nLAVENDER<br \/>\nGERANIUM<br \/>\nZEDER<br \/>\nVETIVERIE<br \/>\nDUFTBESCHREIBUNG:<\/p>\n<p>Suchen Sie nach einem holzigen, tiefen und warmen Duft, der Sie mit der Kraft orientalischer Akkorde weiter erw\u00e4rmt? Versuchen Sie unser \u00c4quivalent zu La Nuit de L&rsquo;Homme Bleu \u00c9lectrique von Yves Saint Laurent, einem Duft, der viele Liebhaber auf der ganzen Welt hat! Sie werden eine verlockende Kombination aus Bergamotte, Lavendel, Ingwer, Kardamom, Zedernholz und Vetiver finden.<\/p>\n<p>EIGENSCHAFTEN DES \u00c4QUIVALENTS VON YVES SAINT LAURENT PARF\u00dcM LA NUIT DE L&rsquo;HOMME BLEU \u00c9LECTRIQUE:<br \/>\nDufttyp: aromatisch und w\u00fcrzig<br \/>\nF\u00fcr wen: m\u00e4nnlich<br \/>\nVolumen: 10 ml \/ 30 ml \/ 50 ml \/ 100 ml<br \/>\nProdukt-Code: 351M<br \/>\nDer Preis f\u00fcr dieses Parf\u00fcm h\u00e4ngt von der angegebenen Menge ab.<br \/>\nBitte geben Sie uns nach dem Kauf Ihr Feedback!<\/p>\n<p>Schauen Sie sich andere Yves Saint Laurent Parfums und deren Ersatzprodukte an!<\/p>\n","protected":false},"excerpt":{"rendered":"<p class=\"product__text inline-richtext\">Inspiration : Yves Saint Laurent La Nuit de L&rsquo;Homme Bleu \u00c9lectrique EDT 60ML<\/p>\n<p class=\"product__text inline-richtext\"><strong>\u2705 Eau de toilette 19-21% Parfum<\/strong><\/p>\n<p class=\"product__text inline-richtext\"><strong>\u2705 Le parfum dure une seconde journ\u00e9e<\/strong><\/p>\n<p class=\"product__text inline-richtext\"><strong>Achetez le parfum, pas la marque - \u00e9conomisez de l&rsquo;argent<\/strong><\/p>\n","protected":false},"featured_media":36354,"comment_status":"open","ping_status":"closed","template":"","meta":{"_acf_changed":false},"product_brand":[],"product_cat":[201],"product_tag":[],"class_list":{"0":"post-25932","1":"product","2":"type-product","3":"status-publish","4":"has-post-thumbnail","6":"product_cat-pour-les-hommes","8":"first","9":"instock","10":"shipping-taxable","11":"purchasable","12":"product-type-variable"},"acf":[],"aioseo_notices":[],"jetpack_sharing_enabled":true,"_links":{"self":[{"href":"https:\/\/dupescents.co\/fr\/wp-json\/wp\/v2\/product\/25932","targetHints":{"allow":["GET"]}}],"collection":[{"href":"https:\/\/dupescents.co\/fr\/wp-json\/wp\/v2\/product"}],"about":[{"href":"https:\/\/dupescents.co\/fr\/wp-json\/wp\/v2\/types\/product"}],"replies":[{"embeddable":true,"href":"https:\/\/dupescents.co\/fr\/wp-json\/wp\/v2\/comments?post=25932"}],"wp:featuredmedia":[{"embeddable":true,"href":"https:\/\/dupescents.co\/fr\/wp-json\/wp\/v2\/media\/36354"}],"wp:attachment":[{"href":"https:\/\/dupescents.co\/fr\/wp-json\/wp\/v2\/media?parent=25932"}],"wp:term":[{"taxonomy":"product_brand","embeddable":true,"href":"https:\/\/dupescents.co\/fr\/wp-json\/wp\/v2\/product_brand?post=25932"},{"taxonomy":"product_cat","embeddable":true,"href":"https:\/\/dupescents.co\/fr\/wp-json\/wp\/v2\/product_cat?post=25932"},{"taxonomy":"product_tag","embeddable":true,"href":"https:\/\/dupescents.co\/fr\/wp-json\/wp\/v2\/product_tag?post=25932"}],"curies":[{"name":"wp","href":"https:\/\/api.w.org\/{rel}","templated":true}]}}