{"id":25921,"date":"2025-03-29T16:08:06","date_gmt":"2025-03-29T15:08:06","guid":{"rendered":"https:\/\/dupescents.co\/products\/sent-comme-eternity\/"},"modified":"2026-02-22T00:42:36","modified_gmt":"2026-02-21T23:42:36","slug":"sent-comme-eternity","status":"publish","type":"product","link":"https:\/\/dupescents.co\/fr\/products\/sent-comme-eternity\/","title":{"rendered":"Sent comme&#8230; Eternity"},"content":{"rendered":"<p>215M - Calvin Klein Eternity remplacement<br \/>\nEAU DE PARFUM NO 215M - CALVIN KLEIN ETERNITY REMPLACEMENT<\/p>\n<p>PARFUMS DE NOS SUBSTITUTS :<\/p>\n<p>LAWENDA<br \/>\nLTRY<br \/>\nBERGAMOT<br \/>\nSANDELWOOD<br \/>\nSAGE<br \/>\nBAIES DE GENI\u00c8VRE<br \/>\nMANDARIN<br \/>\nVETIVERIE<br \/>\nGERANIUM<br \/>\nCOLLENDRA<br \/>\nPJMO<br \/>\nBAZILIA<br \/>\nJASMINE<br \/>\nROSE DU BR\u00c9SIL<br \/>\nORANGE BLOSSOM<br \/>\nLILIE<br \/>\nKONWALIA<br \/>\nBURSHINE<br \/>\nDESCRIPTION DU PARFUM :<\/p>\n<p>Une eau de parfum masculine qui se distingue par la richesse de ses ar\u00f4mes. Notre \u00e9quivalent du parfum Calvin Klein Eternity est destin\u00e9 aux hommes modernes qui ont une prise ferme sur la terre. Le m\u00e9lange d&rsquo;accords contradictoires attire et hypnotise. Id\u00e9al pour la vie quotidienne, mais aussi pour les r\u00e9unions d&rsquo;affaires, les rendez-vous galants et autres occasions sp\u00e9ciales.   <\/p>\n<p>CARACTERISTIQUES DU PARFUM ETERNITY :<br \/>\nType de parfum : aromatique<br \/>\nPour qui : homme<br \/>\nContenu : 10 ml \/ 30 ml \/ 50 ml \/ 100 ml<br \/>\nCode produit : 215M<br \/>\nLe prix de ce parfum d\u00e9pend de la quantit\u00e9 indiqu\u00e9e.<br \/>\nMerci de nous donner votre avis apr\u00e8s l&rsquo;achat !<\/p>\n<p>Voir aussi les autres parfums Calvin Klein et leurs substituts.<\/p>\n<p>Quelle est l&rsquo;odeur du parfum Calvin Klein Eternity correspondant ?<br \/>\nCe parfum masculin contient de nombreuses notes olfactives, dont des accords de sauge, d&rsquo;ambre, de bois de santal, d&rsquo;agrumes et de bergamote, pour n&rsquo;en citer que quelques-unes. Il attire l&rsquo;attention sur lui et lui conf\u00e8re du charisme. En tant qu&rsquo;eau de parfum, il convient \u00e0 toutes les occasions, pour un usage quotidien ou pour des occasions importantes.  <\/p>\n","protected":false},"excerpt":{"rendered":"<p>Inspiration : Calvin Klein Eternity EDT 50ML<\/p>\n<p class=\"product__text inline-richtext\"><strong>\u2705 Eau de toilette 19-21% Parfum<\/strong><\/p>\n<p class=\"product__text inline-richtext\"><strong>\u2705 Le parfum dure une seconde journ\u00e9e<\/strong><\/p>\n<p class=\"product__text inline-richtext\"><strong>Achetez le parfum, pas la marque - \u00e9conomisez de l&rsquo;argent<\/strong><\/p>\n","protected":false},"featured_media":35937,"comment_status":"open","ping_status":"closed","template":"","meta":{"_acf_changed":false},"product_brand":[],"product_cat":[201],"product_tag":[],"class_list":{"0":"post-25921","1":"product","2":"type-product","3":"status-publish","4":"has-post-thumbnail","6":"product_cat-pour-les-hommes","8":"first","9":"instock","10":"shipping-taxable","11":"purchasable","12":"product-type-variable"},"acf":[],"aioseo_notices":[],"jetpack_sharing_enabled":true,"_links":{"self":[{"href":"https:\/\/dupescents.co\/fr\/wp-json\/wp\/v2\/product\/25921","targetHints":{"allow":["GET"]}}],"collection":[{"href":"https:\/\/dupescents.co\/fr\/wp-json\/wp\/v2\/product"}],"about":[{"href":"https:\/\/dupescents.co\/fr\/wp-json\/wp\/v2\/types\/product"}],"replies":[{"embeddable":true,"href":"https:\/\/dupescents.co\/fr\/wp-json\/wp\/v2\/comments?post=25921"}],"wp:featuredmedia":[{"embeddable":true,"href":"https:\/\/dupescents.co\/fr\/wp-json\/wp\/v2\/media\/35937"}],"wp:attachment":[{"href":"https:\/\/dupescents.co\/fr\/wp-json\/wp\/v2\/media?parent=25921"}],"wp:term":[{"taxonomy":"product_brand","embeddable":true,"href":"https:\/\/dupescents.co\/fr\/wp-json\/wp\/v2\/product_brand?post=25921"},{"taxonomy":"product_cat","embeddable":true,"href":"https:\/\/dupescents.co\/fr\/wp-json\/wp\/v2\/product_cat?post=25921"},{"taxonomy":"product_tag","embeddable":true,"href":"https:\/\/dupescents.co\/fr\/wp-json\/wp\/v2\/product_tag?post=25921"}],"curies":[{"name":"wp","href":"https:\/\/api.w.org\/{rel}","templated":true}]}}