{"id":25912,"date":"2025-03-29T16:14:50","date_gmt":"2025-03-29T15:14:50","guid":{"rendered":"https:\/\/dupescents.co\/products\/sent-comme-invictus-intense\/"},"modified":"2025-11-05T19:21:41","modified_gmt":"2025-11-05T18:21:41","slug":"sent-comme-invictus-intense","status":"publish","type":"product","link":"https:\/\/dupescents.co\/fr\/products\/sent-comme-invictus-intense\/","title":{"rendered":"Sent comme&#8230; Invictus Intense"},"content":{"rendered":"<p>299M - Eau de Parfum - Ersatz f\u00fcr Paco Rabanne Invictus INTENSE<br \/>\nEAU DE PARFUM NO 299M - ERSATZ F\u00dcR PACO RABANNE INVICTUS INTENSE<\/p>\n<p>DUFTNOTEN UNSERES ERSATZES:<\/p>\n<p>WHISKEY<br \/>\nBURSHINE<br \/>\nAMBRA<br \/>\nORANGENBLUME<br \/>\nSALZ<br \/>\nWAWRISN<br \/>\nSCHWARZER KUCHEN<br \/>\nDUFTBESCHREIBUNG:<\/p>\n<p>Ein aromatischer Duft f\u00fcr M\u00e4nner, die zu den Gewinnern geh\u00f6ren. Dieses Eau de Parfum ist das Gegenst\u00fcck zu Paco Rabanne Invictus Intense und besticht durch seine Anziehungskraft, die aus einer Tiefe von w\u00e4rmenden Noten kommt. Dieser Duft verk\u00f6rpert Unbesiegbarkeit, maskuline St\u00e4rke und Entschlossenheit in Aktion. Ideal f\u00fcr jeden Tag und f\u00fcr besondere Anl\u00e4sse.<\/p>\n<p>EIGENSCHAFTEN EINES INVICTUS INTENSE EQUIVALENT PARF\u00dcMS:<br \/>\nDufttyp: aromatisch<br \/>\nF\u00fcr wen: m\u00e4nnlich<br \/>\nFassungsverm\u00f6gen: 10 ML \/ 30 ml \/ 50 ml \/ 100 ml<br \/>\nProdukt-Code: 299M<br \/>\nDer Preis f\u00fcr dieses Parf\u00fcm h\u00e4ngt von der angegebenen Menge ab.<br \/>\nBitte geben Sie uns nach dem Kauf Ihr Feedback!<\/p>\n<p>Sehen Sie auch andere Paco Rabanne Parfums und ihre Ersatzprodukte.<\/p>\n","protected":false},"excerpt":{"rendered":"<p>Inspiration : Paco Rabanne Invictus INTENSE EDT 100ML<\/p>\n<p class=\"product__text inline-richtext\"><strong>\u2705 Eau de toilette 19-21% Parfum<\/strong><\/p>\n<p class=\"product__text inline-richtext\"><strong>\u2705 Le parfum dure une seconde journ\u00e9e<\/strong><\/p>\n<p class=\"product__text inline-richtext\"><strong>Achetez le parfum, pas la marque - \u00e9conomisez de l&rsquo;argent<\/strong><\/p>\n","protected":false},"featured_media":36351,"comment_status":"open","ping_status":"closed","template":"","meta":{"_acf_changed":false},"product_brand":[],"product_cat":[201],"product_tag":[],"class_list":{"0":"post-25912","1":"product","2":"type-product","3":"status-publish","4":"has-post-thumbnail","6":"product_cat-pour-les-hommes","8":"first","9":"instock","10":"shipping-taxable","11":"purchasable","12":"product-type-variable"},"acf":[],"aioseo_notices":[],"jetpack_sharing_enabled":true,"_links":{"self":[{"href":"https:\/\/dupescents.co\/fr\/wp-json\/wp\/v2\/product\/25912","targetHints":{"allow":["GET"]}}],"collection":[{"href":"https:\/\/dupescents.co\/fr\/wp-json\/wp\/v2\/product"}],"about":[{"href":"https:\/\/dupescents.co\/fr\/wp-json\/wp\/v2\/types\/product"}],"replies":[{"embeddable":true,"href":"https:\/\/dupescents.co\/fr\/wp-json\/wp\/v2\/comments?post=25912"}],"wp:featuredmedia":[{"embeddable":true,"href":"https:\/\/dupescents.co\/fr\/wp-json\/wp\/v2\/media\/36351"}],"wp:attachment":[{"href":"https:\/\/dupescents.co\/fr\/wp-json\/wp\/v2\/media?parent=25912"}],"wp:term":[{"taxonomy":"product_brand","embeddable":true,"href":"https:\/\/dupescents.co\/fr\/wp-json\/wp\/v2\/product_brand?post=25912"},{"taxonomy":"product_cat","embeddable":true,"href":"https:\/\/dupescents.co\/fr\/wp-json\/wp\/v2\/product_cat?post=25912"},{"taxonomy":"product_tag","embeddable":true,"href":"https:\/\/dupescents.co\/fr\/wp-json\/wp\/v2\/product_tag?post=25912"}],"curies":[{"name":"wp","href":"https:\/\/api.w.org\/{rel}","templated":true}]}}