{"id":25884,"date":"2025-03-29T17:00:18","date_gmt":"2025-03-29T16:00:18","guid":{"rendered":"https:\/\/dupescents.co\/products\/sent-comme-invictus-legend\/"},"modified":"2025-11-05T19:21:36","modified_gmt":"2025-11-05T18:21:36","slug":"sent-comme-invictus-legend","status":"publish","type":"product","link":"https:\/\/dupescents.co\/fr\/products\/sent-comme-invictus-legend\/","title":{"rendered":"Sent comme&#8230; Invictus Legend"},"content":{"rendered":"<p>313M - Ersatz f\u00fcr Paco Rabanne Invictus Legend Parf\u00fcm<br \/>\nPERFUMED WATER Nr. 313M - ERSATZ F\u00dcR Paco Rabanne Invictus Legend PERFUME<\/p>\n<p>DUFTNOTEN UNSERES ERSATZES:<\/p>\n<p>Marine Noten<br \/>\nMeersalz<br \/>\nGrapefruit<br \/>\nLorbeerblatt<br \/>\nGeranie<br \/>\nGew\u00fcrze<br \/>\nRoter Ambra<br \/>\nGuajakholz<br \/>\nDUFTBESCHREIBUNG:<\/p>\n<p>Dieses Parf\u00fcm tr\u00e4gt Legende im Namen und das ist kaum verwunderlich - die Kombination der Duftnoten wird jeden Moment zu einer wahren Legende machen. Das Gegenst\u00fcck zu Paco Rabanne Invictus Legend ist eine \u00fcberraschend s\u00fc\u00dfe und frische Kombination, die jedoch alles andere als ein Bonbonduft ist. Sie k\u00f6nnen aus diesem Parf\u00fcm wahre Kraft sch\u00f6pfen, wie ein Eroberer der Meere und Ozeane. Die s\u00fcchtig machende Komposition wird nicht nur bei Ihnen, sondern auch bei den Menschen in Ihrer Umgebung f\u00fcr Euphorie sorgen. Daf\u00fcr sorgen Grapefruit, Meeresnoten, Meersalz und gr\u00fcne Akkorde in Form von Gew\u00fcrzen, Lorbeerblatt und Geranie.<\/p>\n<p>&nbsp;<\/p>\n<p>MERKMALE DES PARF\u00dcM-GEGENST\u00dcCKS INVICTUS LEGEND:<br \/>\nDufttyp: holzig, aromatisch<br \/>\nF\u00fcr wen: m\u00e4nnlich<br \/>\nInhalt: 10ml \/ 30ml \/ 50ml \/ 100ml<br \/>\nProdukt-Code: 313M<br \/>\nDer Preis f\u00fcr dieses Parf\u00fcm h\u00e4ngt von der angegebenen Menge ab.<br \/>\nBitte geben Sie uns nach dem Kauf eine R\u00fcckmeldung!<\/p>\n<p>Sehen Sie auch andere Paco Rabanne Parfums und ihre Substitute.<\/p>\n<p>Wie riecht das \u00c4quivalent des Parfums Invictus Legend?<br \/>\nEs handelt sich um ein sehr aromatisches Herrenparf\u00fcm mit s\u00fc\u00dfen und maritimen Akzenten, die allesamt in die Kategorie der holzigen D\u00fcfte eingeordnet werden k\u00f6nnen. Einige der Akzente, die man darin entdecken kann, sind Meersalz, Noten von Grapefruit, Ambra oder Lorbeeraroma.<\/p>\n","protected":false},"excerpt":{"rendered":"<p>Inspiration : Paco Rabanne Invictus Legend EDP 100ML<\/p>\n<p class=\"product__text inline-richtext\"><strong>\u2705 Eau de toilette 19-21% Parfum<\/strong><\/p>\n<p class=\"product__text inline-richtext\"><strong>\u2705 Le parfum dure une seconde journ\u00e9e<\/strong><\/p>\n<p class=\"product__text inline-richtext\"><strong>Achetez le parfum, pas la marque - \u00e9conomisez de l&rsquo;argent<\/strong><\/p>\n","protected":false},"featured_media":36344,"comment_status":"open","ping_status":"closed","template":"","meta":{"_acf_changed":false},"product_brand":[],"product_cat":[201],"product_tag":[],"class_list":{"0":"post-25884","1":"product","2":"type-product","3":"status-publish","4":"has-post-thumbnail","6":"product_cat-pour-les-hommes","8":"first","9":"instock","10":"shipping-taxable","11":"purchasable","12":"product-type-variable"},"acf":[],"aioseo_notices":[],"jetpack_sharing_enabled":true,"_links":{"self":[{"href":"https:\/\/dupescents.co\/fr\/wp-json\/wp\/v2\/product\/25884","targetHints":{"allow":["GET"]}}],"collection":[{"href":"https:\/\/dupescents.co\/fr\/wp-json\/wp\/v2\/product"}],"about":[{"href":"https:\/\/dupescents.co\/fr\/wp-json\/wp\/v2\/types\/product"}],"replies":[{"embeddable":true,"href":"https:\/\/dupescents.co\/fr\/wp-json\/wp\/v2\/comments?post=25884"}],"wp:featuredmedia":[{"embeddable":true,"href":"https:\/\/dupescents.co\/fr\/wp-json\/wp\/v2\/media\/36344"}],"wp:attachment":[{"href":"https:\/\/dupescents.co\/fr\/wp-json\/wp\/v2\/media?parent=25884"}],"wp:term":[{"taxonomy":"product_brand","embeddable":true,"href":"https:\/\/dupescents.co\/fr\/wp-json\/wp\/v2\/product_brand?post=25884"},{"taxonomy":"product_cat","embeddable":true,"href":"https:\/\/dupescents.co\/fr\/wp-json\/wp\/v2\/product_cat?post=25884"},{"taxonomy":"product_tag","embeddable":true,"href":"https:\/\/dupescents.co\/fr\/wp-json\/wp\/v2\/product_tag?post=25884"}],"curies":[{"name":"wp","href":"https:\/\/api.w.org\/{rel}","templated":true}]}}