{"id":25877,"date":"2025-03-29T16:18:21","date_gmt":"2025-03-29T15:18:21","guid":{"rendered":"https:\/\/dupescents.co\/products\/sent-comme-bottled-infinite\/"},"modified":"2026-02-22T01:06:30","modified_gmt":"2026-02-22T00:06:30","slug":"sent-comme-bottled-infinite","status":"publish","type":"product","link":"https:\/\/dupescents.co\/fr\/products\/sent-comme-bottled-infinite\/","title":{"rendered":"Sent comme&#8230; Bottled Infinite"},"content":{"rendered":"<p>301M - Hugo Boss Bottled Infinite remplacement<br \/>\nEAU DE PARFUM NO 301M - HUGO BOSS BOTTLED INFINITE REMPLACEMENT<\/p>\n<p>PARFUMS DE NOS SUBSTITUTS :<\/p>\n<p>JABEL<br \/>\nMANDARINE<br \/>\nCANNELLE<br \/>\nSAGE<br \/>\nPACULA<br \/>\nROSEMARIE<br \/>\nLAVANDE<br \/>\nSANDALAD<br \/>\nOLIVIER<br \/>\nDESCRIPTION DE LA FRAGRANCE :<\/p>\n<p>Un parfum pour les hommes qui, fuyant la jungle urbaine, se r\u00e9fugient dans la nature et y puisent leur force. La composition fruit\u00e9e et aromatique s\u00e9duit du d\u00e9but \u00e0 la fin et accentue d\u00e9licatement les ar\u00f4mes bois\u00e9s de mandarine et de cannelle. Un parfum enveloppant et apaisant pour l&rsquo;homme naturel et styl\u00e9 qui veut profiter pleinement de la vie.  <\/p>\n<p>Essayez l&rsquo;\u00e9quivalent 301M - l&rsquo;inspiration du parfum Hugo Boss Bottled Infinite - et sentez la force de la nature !<\/p>\n<p>CARACTERISTIQUES DU PARFUM HUGO BOSS BOTTLED INFINITE OBJET :<br \/>\nType de parfum : bois\u00e9, aromatique<br \/>\nPour qui : homme<br \/>\nVolume : 10 ml \/ 30 ml \/ 50 ml \/ 100 ml<br \/>\nCode produit : 301M<br \/>\nLe prix de ce parfum d\u00e9pend de la quantit\u00e9 indiqu\u00e9e.<br \/>\nMerci de nous donner votre avis apr\u00e8s l&rsquo;achat !<\/p>\n<p>Voir aussi les autres parfums Hugo Boss et leurs produits de remplacement.<\/p>\n<p>Que sent l&rsquo;\u00e9quivalent du parfum Bottled Infinite ?<br \/>\nIl s&rsquo;agit d&rsquo;un parfum pour homme consid\u00e9r\u00e9 comme tr\u00e8s aromatique et bois\u00e9. Dans son odeur, on peut percevoir, entre autres, des notes aromatiques de lavande, de sauge rafra\u00eechissante, de cannelle ou de bois d&rsquo;olivier et de bois de santal. Il d\u00e9gage d\u00e9finitivement de l&rsquo;\u00e9nergie et du style.  <\/p>\n","protected":false},"excerpt":{"rendered":"<p class=\"product__text inline-richtext\">Inspiration : Hugo Boss Bottled Infinite EDP 100ML<\/p>\n<p class=\"product__text inline-richtext\"><strong>\u2705 Eau de toilette 19-21% Parfum<\/strong><\/p>\n<p class=\"product__text inline-richtext\"><strong>\u2705 Le parfum dure une seconde journ\u00e9e<\/strong><\/p>\n<p class=\"product__text inline-richtext\"><strong>Achetez le parfum, pas la marque - \u00e9conomisez de l&rsquo;argent<\/strong><\/p>\n","protected":false},"featured_media":35978,"comment_status":"open","ping_status":"closed","template":"","meta":{"_acf_changed":false},"product_brand":[],"product_cat":[201],"product_tag":[],"class_list":{"0":"post-25877","1":"product","2":"type-product","3":"status-publish","4":"has-post-thumbnail","6":"product_cat-pour-les-hommes","8":"first","9":"instock","10":"shipping-taxable","11":"purchasable","12":"product-type-variable"},"acf":[],"aioseo_notices":[],"jetpack_sharing_enabled":true,"_links":{"self":[{"href":"https:\/\/dupescents.co\/fr\/wp-json\/wp\/v2\/product\/25877","targetHints":{"allow":["GET"]}}],"collection":[{"href":"https:\/\/dupescents.co\/fr\/wp-json\/wp\/v2\/product"}],"about":[{"href":"https:\/\/dupescents.co\/fr\/wp-json\/wp\/v2\/types\/product"}],"replies":[{"embeddable":true,"href":"https:\/\/dupescents.co\/fr\/wp-json\/wp\/v2\/comments?post=25877"}],"wp:featuredmedia":[{"embeddable":true,"href":"https:\/\/dupescents.co\/fr\/wp-json\/wp\/v2\/media\/35978"}],"wp:attachment":[{"href":"https:\/\/dupescents.co\/fr\/wp-json\/wp\/v2\/media?parent=25877"}],"wp:term":[{"taxonomy":"product_brand","embeddable":true,"href":"https:\/\/dupescents.co\/fr\/wp-json\/wp\/v2\/product_brand?post=25877"},{"taxonomy":"product_cat","embeddable":true,"href":"https:\/\/dupescents.co\/fr\/wp-json\/wp\/v2\/product_cat?post=25877"},{"taxonomy":"product_tag","embeddable":true,"href":"https:\/\/dupescents.co\/fr\/wp-json\/wp\/v2\/product_tag?post=25877"}],"curies":[{"name":"wp","href":"https:\/\/api.w.org\/{rel}","templated":true}]}}