{"id":25869,"date":"2025-03-29T17:01:51","date_gmt":"2025-03-29T16:01:51","guid":{"rendered":"https:\/\/dupescents.co\/products\/ca-sent-comme-homme-2011\/"},"modified":"2025-11-05T19:21:34","modified_gmt":"2025-11-05T18:21:34","slug":"ca-sent-comme-homme-2011","status":"publish","type":"product","link":"https:\/\/dupescents.co\/fr\/products\/ca-sent-comme-homme-2011\/","title":{"rendered":"\u00c7a sent comme&#8230; Homme (2011)"},"content":{"rendered":"<p>231M - Ein \u00e4hnlicher Duft wie Christian Dior Homme (Classic 2011)<\/p>\n<p>DUFTNOTEN UNSERES ERSATZES:<\/p>\n<p>IRYS<br \/>\nCOCO<br \/>\nHAUT<br \/>\nLAVENDER<br \/>\nBURSHINE<br \/>\nVETERIN\u00c4R<br \/>\nBERGAMOT<br \/>\nPACULA<br \/>\nSAGE<br \/>\nDUFTBESCHREIBUNG:<\/p>\n<p>Ein hypnotisierender, magnetisch verf\u00fchrerischer Duft f\u00fcr den modernen Mann. Unser Eau de Parfum No 231M unterstreicht die Sinnlichkeit und Sensibilit\u00e4t des Tr\u00e4gers. Die klassischen, eleganten holzigen Noten werden hier mit bezaubernden blumigen Noten angereichert, die das Ganze wunderbar abrunden.<\/p>\n<p>EIGENSCHAFTEN VON 231M:<br \/>\nDufttyp: blumig, holzig<br \/>\nF\u00fcr wen: f\u00fcr M\u00e4nner<br \/>\nInhalt: 10 ml \/ 30 ml \/ 50 ml \/ 100 ml<br \/>\nProdukt-Code: 231M<br \/>\nDer Preis f\u00fcr dieses Parf\u00fcm h\u00e4ngt von der angegebenen Menge ab.<br \/>\nBitte hinterlassen Sie eine Bewertung nach dem Kauf!<\/p>\n","protected":false},"excerpt":{"rendered":"<p class=\"product__text inline-richtext\">Inspiration : Christian Dior Homme (2011) EDT 50ML<\/p>\n<p class=\"product__text inline-richtext\"><strong>\u2705 Eau de toilette 19-21% Parfum<\/strong><\/p>\n<p class=\"product__text inline-richtext\"><strong>\u2705 Le parfum dure une seconde journ\u00e9e<\/strong><\/p>\n<p class=\"product__text inline-richtext\"><strong>Achetez le parfum, pas la marque - \u00e9conomisez de l&rsquo;argent<\/strong><\/p>\n","protected":false},"featured_media":36340,"comment_status":"open","ping_status":"closed","template":"","meta":{"_acf_changed":false},"product_brand":[],"product_cat":[201],"product_tag":[],"class_list":{"0":"post-25869","1":"product","2":"type-product","3":"status-publish","4":"has-post-thumbnail","6":"product_cat-pour-les-hommes","8":"first","9":"instock","10":"shipping-taxable","11":"purchasable","12":"product-type-variable"},"acf":[],"aioseo_notices":[],"jetpack_sharing_enabled":true,"_links":{"self":[{"href":"https:\/\/dupescents.co\/fr\/wp-json\/wp\/v2\/product\/25869","targetHints":{"allow":["GET"]}}],"collection":[{"href":"https:\/\/dupescents.co\/fr\/wp-json\/wp\/v2\/product"}],"about":[{"href":"https:\/\/dupescents.co\/fr\/wp-json\/wp\/v2\/types\/product"}],"replies":[{"embeddable":true,"href":"https:\/\/dupescents.co\/fr\/wp-json\/wp\/v2\/comments?post=25869"}],"wp:featuredmedia":[{"embeddable":true,"href":"https:\/\/dupescents.co\/fr\/wp-json\/wp\/v2\/media\/36340"}],"wp:attachment":[{"href":"https:\/\/dupescents.co\/fr\/wp-json\/wp\/v2\/media?parent=25869"}],"wp:term":[{"taxonomy":"product_brand","embeddable":true,"href":"https:\/\/dupescents.co\/fr\/wp-json\/wp\/v2\/product_brand?post=25869"},{"taxonomy":"product_cat","embeddable":true,"href":"https:\/\/dupescents.co\/fr\/wp-json\/wp\/v2\/product_cat?post=25869"},{"taxonomy":"product_tag","embeddable":true,"href":"https:\/\/dupescents.co\/fr\/wp-json\/wp\/v2\/product_tag?post=25869"}],"curies":[{"name":"wp","href":"https:\/\/api.w.org\/{rel}","templated":true}]}}