{"id":25850,"date":"2025-03-30T12:35:15","date_gmt":"2025-03-30T10:35:15","guid":{"rendered":"https:\/\/dupescents.co\/products\/ca-sent-comme-very-good-girl\/"},"modified":"2026-02-21T19:58:37","modified_gmt":"2026-02-21T18:58:37","slug":"ca-sent-comme-very-good-girl","status":"publish","type":"product","link":"https:\/\/dupescents.co\/fr\/products\/ca-sent-comme-very-good-girl\/","title":{"rendered":"Sent comme&#8230; Very Good Girl"},"content":{"rendered":"<p>419W - Eau de Parfum correspond \u00e0 Carolina Herrera 212 VIP Ros\u00e9<br \/>\nEAU DE PARFUM NR. 419W - \u00c9QUIVALENT AU PARFUM CAROLINA HERRERA 212 VIP ROS\u00c9<\/p>\n<p>404W - Remplacement de Carolina Herrera Very Good Girl<br \/>\nEAU DE PARFUM NO 404W - REMPLACEMENT DE CAROLINA HERRERA VERY GOOD GIRL<\/p>\n<p>PARFUMS DE NOS SUBSTITUTS :<\/p>\n<p>REDCURRANT<br \/>\nNICE<br \/>\nROSE<br \/>\nVANILLE<br \/>\nV\u00c9TIVER<br \/>\nDESCRIPTION DE LA FRAGRANCE :<\/p>\n<p>Cette fille tr\u00e8s polie ne l&rsquo;est pas du tout&#8230; car elle s\u00e9duit, attire et s\u00e9duit encore ! Un parfum sucr\u00e9 pour les femmes audacieuses et s\u00fbres d&rsquo;elles qui veulent mettre en valeur leur sex-appeal. Les notes exotiques de litchi captivent les sens, tandis que la groseille rouge ajoute une variante int\u00e9ressante et fra\u00eeche. La rose s&#8217;empare du parfum avec un ar\u00f4me \u00e9l\u00e9gant, tandis que la vanille et le v\u00e9tiver adoucissent l&rsquo;ensemble de la composition et concluent merveilleusement le tout.   <\/p>\n<p>Essayez 404W - l&rsquo;inspiration du parfum Carolina Herrera Very Good Girl et montrez au monde de quoi vous \u00eates capable ! Cette composition \u00e9l\u00e9gante et pr\u00e9datrice en s\u00e9duira plus d&rsquo;une&#8230; <\/p>\n<p>CARACT\u00c9RISTIQUES DE L&rsquo;\u00c9QUIVALENT DU PARFUM CAROLINA HERRERA VERY GOOD GIRL :<\/p>\n<p>Type de parfum : fruit\u00e9, floral<br \/>\nPour qui : Femmes<br \/>\nContenu : 10 ml \/ 30 ml \/ 50 ml \/ 100 ml<br \/>\nCode produit : 404W<br \/>\nLe prix de ce parfum d\u00e9pend de la quantit\u00e9 indiqu\u00e9e.<br \/>\nMerci de nous donner votre avis apr\u00e8s l&rsquo;achat !<\/p>\n<p>Voir aussi les autres parfums Carolina Herrera et leurs substituts.<\/p>\n","protected":false},"excerpt":{"rendered":"<p>Inspiration : Carolina Herrera Very Good Girl EDP 30ML<\/p>\n<p class=\"product__text inline-richtext\"><strong>\u2705 Eau de toilette 19-21% Parfum<\/strong><\/p>\n<p class=\"product__text inline-richtext\"><strong>\u2705 Le parfum dure une seconde journ\u00e9e<\/strong><\/p>\n<p class=\"product__text inline-richtext\"><strong>Achetez le parfum, pas la marque - \u00e9conomisez de l&rsquo;argent<\/strong><\/p>\n","protected":false},"featured_media":35809,"comment_status":"open","ping_status":"closed","template":"","meta":{"_acf_changed":false},"product_brand":[],"product_cat":[203],"product_tag":[],"class_list":{"0":"post-25850","1":"product","2":"type-product","3":"status-publish","4":"has-post-thumbnail","6":"product_cat-pour-les-femmes","8":"first","9":"instock","10":"shipping-taxable","11":"purchasable","12":"product-type-variable"},"acf":[],"aioseo_notices":[],"jetpack_sharing_enabled":true,"_links":{"self":[{"href":"https:\/\/dupescents.co\/fr\/wp-json\/wp\/v2\/product\/25850","targetHints":{"allow":["GET"]}}],"collection":[{"href":"https:\/\/dupescents.co\/fr\/wp-json\/wp\/v2\/product"}],"about":[{"href":"https:\/\/dupescents.co\/fr\/wp-json\/wp\/v2\/types\/product"}],"replies":[{"embeddable":true,"href":"https:\/\/dupescents.co\/fr\/wp-json\/wp\/v2\/comments?post=25850"}],"wp:featuredmedia":[{"embeddable":true,"href":"https:\/\/dupescents.co\/fr\/wp-json\/wp\/v2\/media\/35809"}],"wp:attachment":[{"href":"https:\/\/dupescents.co\/fr\/wp-json\/wp\/v2\/media?parent=25850"}],"wp:term":[{"taxonomy":"product_brand","embeddable":true,"href":"https:\/\/dupescents.co\/fr\/wp-json\/wp\/v2\/product_brand?post=25850"},{"taxonomy":"product_cat","embeddable":true,"href":"https:\/\/dupescents.co\/fr\/wp-json\/wp\/v2\/product_cat?post=25850"},{"taxonomy":"product_tag","embeddable":true,"href":"https:\/\/dupescents.co\/fr\/wp-json\/wp\/v2\/product_tag?post=25850"}],"curies":[{"name":"wp","href":"https:\/\/api.w.org\/{rel}","templated":true}]}}