{"id":25849,"date":"2025-03-29T17:03:03","date_gmt":"2025-03-29T16:03:03","guid":{"rendered":"https:\/\/dupescents.co\/products\/sent-comme-black-xs-lexces-for-him\/"},"modified":"2026-02-22T01:13:54","modified_gmt":"2026-02-22T00:13:54","slug":"sent-comme-black-xs-lexces-for-him","status":"publish","type":"product","link":"https:\/\/dupescents.co\/fr\/products\/sent-comme-black-xs-lexces-for-him\/","title":{"rendered":"Sent comme&#8230; Black XS L&rsquo;Exces for Him"},"content":{"rendered":"<p>312M - \u00c9quivalent de Paco Rabanne Black XS L&rsquo;Exces pour lui<br \/>\nEAU DE PARFUM NO 312M - L&rsquo;\u00c9QUIVALENT DE PACO RABANNE BLACK XS L&rsquo;EXCES POUR LUI<\/p>\n<p>PARFUMS DE NOS SUBSTITUTS :<\/p>\n<p>AMALPHIA-CITRON<br \/>\nLAVANDE<br \/>\nCYPRIOL<br \/>\nNOTES MARINES<br \/>\nBURSHINE<br \/>\nPACULA<br \/>\nDESCRIPTION DU PARFUM :<\/p>\n<p>L&rsquo;\u00e9quivalent du parfum Black XS L&rsquo;Exces de Paco Rabanne est une fragrance cr\u00e9\u00e9e pour le rebelle r\u00e9calcitrant. Un homme qui sait ce qu&rsquo;il veut, qui ne voit pas d&rsquo;obstacles insurmontables ! Le parfum l&rsquo;entoure d&rsquo;une aura magn\u00e9tique qui met en valeur son charisme et sa confiance en soi indomptable. \u00c0 l&rsquo;int\u00e9rieur se cachent des notes de sauge, de citron, d&rsquo;ambre, de lavande et de patchouli.   <\/p>\n<p>CARACTERISTIQUES DU PARFUM CORRESPONDANT PACO RABANNE BLACK XS L&rsquo;EXCES FOR HIM :<br \/>\nType de parfum : bois\u00e9, aromatique.<br \/>\nPour qui : homme<br \/>\nContenu 10 ml \/ 30 ml \/ 50 ml \/ 100 ml<br \/>\nCode produit : 312M<br \/>\nLe prix de ce parfum d\u00e9pend de la quantit\u00e9 indiqu\u00e9e.<br \/>\nMerci de nous donner votre avis apr\u00e8s l&rsquo;achat !<\/p>\n","protected":false},"excerpt":{"rendered":"<p>Inspiration : Paco Rabanne Black XS L&rsquo;Exces for Him EDT 100ML<\/p>\n<p class=\"product__text inline-richtext\"><strong>\u2705 Eau de toilette 19-21% Parfum<\/strong><\/p>\n<p class=\"product__text inline-richtext\"><strong>\u2705 Le parfum dure une seconde journ\u00e9e<\/strong><\/p>\n<p class=\"product__text inline-richtext\"><strong>Achetez le parfum, pas la marque - \u00e9conomisez de l&rsquo;argent<\/strong><\/p>\n","protected":false},"featured_media":35987,"comment_status":"open","ping_status":"closed","template":"","meta":{"_acf_changed":false},"product_brand":[],"product_cat":[201],"product_tag":[],"class_list":{"0":"post-25849","1":"product","2":"type-product","3":"status-publish","4":"has-post-thumbnail","6":"product_cat-pour-les-hommes","8":"first","9":"instock","10":"shipping-taxable","11":"purchasable","12":"product-type-variable"},"acf":[],"aioseo_notices":[],"jetpack_sharing_enabled":true,"_links":{"self":[{"href":"https:\/\/dupescents.co\/fr\/wp-json\/wp\/v2\/product\/25849","targetHints":{"allow":["GET"]}}],"collection":[{"href":"https:\/\/dupescents.co\/fr\/wp-json\/wp\/v2\/product"}],"about":[{"href":"https:\/\/dupescents.co\/fr\/wp-json\/wp\/v2\/types\/product"}],"replies":[{"embeddable":true,"href":"https:\/\/dupescents.co\/fr\/wp-json\/wp\/v2\/comments?post=25849"}],"wp:featuredmedia":[{"embeddable":true,"href":"https:\/\/dupescents.co\/fr\/wp-json\/wp\/v2\/media\/35987"}],"wp:attachment":[{"href":"https:\/\/dupescents.co\/fr\/wp-json\/wp\/v2\/media?parent=25849"}],"wp:term":[{"taxonomy":"product_brand","embeddable":true,"href":"https:\/\/dupescents.co\/fr\/wp-json\/wp\/v2\/product_brand?post=25849"},{"taxonomy":"product_cat","embeddable":true,"href":"https:\/\/dupescents.co\/fr\/wp-json\/wp\/v2\/product_cat?post=25849"},{"taxonomy":"product_tag","embeddable":true,"href":"https:\/\/dupescents.co\/fr\/wp-json\/wp\/v2\/product_tag?post=25849"}],"curies":[{"name":"wp","href":"https:\/\/api.w.org\/{rel}","templated":true}]}}