{"id":25816,"date":"2025-03-30T13:19:22","date_gmt":"2025-03-30T11:19:22","guid":{"rendered":"https:\/\/dupescents.co\/products\/sent-comme-boss-orange\/"},"modified":"2026-02-15T11:16:52","modified_gmt":"2026-02-15T10:16:52","slug":"sent-comme-boss-orange","status":"publish","type":"product","link":"https:\/\/dupescents.co\/fr\/products\/sent-comme-boss-orange\/","title":{"rendered":"Sent comme&#8230; Boss Orange"},"content":{"rendered":"<p>148W - Hugo Boss Orange \u00c4quivalent<br \/>\nEAU DE PARFUM NO 148W - HUGO BOSS ORANGE \u00c4QUIVALENT<\/p>\n<p>DUFTNOTEN UNSERES ERSATZES:<\/p>\n<p>AFRIKANISCHE ORANGENBL\u00dcTE<br \/>\nVANILLE<br \/>\nROTER APFEL<br \/>\nWEISSE BL\u00dcTEN<br \/>\nSANDELHOLZ<br \/>\n\u00d6LBAUM<br \/>\nDUFTBESCHREIBUNG:<\/p>\n<p>Ein befreiender Duft voller positiver Energie f\u00fcr optimistische und energiegeladene Frauen. Das Gegenst\u00fcck zu Hugo Boss Orange unterstreicht die Eleganz und befreit den Geist, so dass jeder Tag angenehmer wird. Es ist ein bezauberndes, blumiges Eau de Parfum, das sich perfekt f\u00fcr den Alltag eignet, besonders an hei\u00dfen Tagen.<\/p>\n<p>EIGENSCHAFTEN DES ORANGEFARBENEN PARFUMS:<br \/>\nDufttyp: blumig<br \/>\nF\u00fcr wen: Frauen<br \/>\nVolumen: 30 ml \/ 50 ml \/ 100 ml<br \/>\nProdukt-Code: 148W<br \/>\nDer Preis f\u00fcr dieses Parf\u00fcm h\u00e4ngt von der angegebenen Menge ab.<br \/>\nBitte geben Sie uns Ihr Feedback nach dem Kauf!<\/p>\n<p>Sehen Sie auch andere Hugo Boss Parfums und ihre Ersatzprodukte.<\/p>\n<p>Wonach riecht das Parf\u00fcm Hugo Boss Orange equivalent?<br \/>\nEs ist ein blumiger Duft, der auf subtile Weise die Weiblichkeit unterstreicht und ein wunderbares Dufterlebnis bietet. Es enth\u00e4lt unter anderem Duftnoten von Vanille, Orangenbl\u00fcte und Olivenbaum, die ein Gef\u00fchl von Freiheit und gl\u00fccklicher Unbeschwertheit vermitteln.<\/p>\n","protected":false},"excerpt":{"rendered":"<p class=\"product__text inline-richtext\">Inspiration : Hugo Boss Boss Orange EDT 50ML<\/p>\n<p class=\"product__text inline-richtext\"><strong>\u2705 Eau de toilette 19-21% Parfum<\/strong><\/p>\n<p class=\"product__text inline-richtext\"><strong>\u2705 Le parfum dure une seconde journ\u00e9e<\/strong><\/p>\n<p class=\"product__text inline-richtext\"><strong>Achetez le parfum, pas la marque - \u00e9conomisez de l&rsquo;argent<\/strong><\/p>\n","protected":false},"featured_media":35328,"comment_status":"open","ping_status":"closed","template":"","meta":{"_acf_changed":false},"product_brand":[],"product_cat":[203],"product_tag":[],"class_list":{"0":"post-25816","1":"product","2":"type-product","3":"status-publish","4":"has-post-thumbnail","6":"product_cat-pour-les-femmes","8":"first","9":"instock","10":"shipping-taxable","11":"purchasable","12":"product-type-variable"},"acf":[],"aioseo_notices":[],"jetpack_sharing_enabled":true,"_links":{"self":[{"href":"https:\/\/dupescents.co\/fr\/wp-json\/wp\/v2\/product\/25816","targetHints":{"allow":["GET"]}}],"collection":[{"href":"https:\/\/dupescents.co\/fr\/wp-json\/wp\/v2\/product"}],"about":[{"href":"https:\/\/dupescents.co\/fr\/wp-json\/wp\/v2\/types\/product"}],"replies":[{"embeddable":true,"href":"https:\/\/dupescents.co\/fr\/wp-json\/wp\/v2\/comments?post=25816"}],"wp:featuredmedia":[{"embeddable":true,"href":"https:\/\/dupescents.co\/fr\/wp-json\/wp\/v2\/media\/35328"}],"wp:attachment":[{"href":"https:\/\/dupescents.co\/fr\/wp-json\/wp\/v2\/media?parent=25816"}],"wp:term":[{"taxonomy":"product_brand","embeddable":true,"href":"https:\/\/dupescents.co\/fr\/wp-json\/wp\/v2\/product_brand?post=25816"},{"taxonomy":"product_cat","embeddable":true,"href":"https:\/\/dupescents.co\/fr\/wp-json\/wp\/v2\/product_cat?post=25816"},{"taxonomy":"product_tag","embeddable":true,"href":"https:\/\/dupescents.co\/fr\/wp-json\/wp\/v2\/product_tag?post=25816"}],"curies":[{"name":"wp","href":"https:\/\/api.w.org\/{rel}","templated":true}]}}