{"id":25797,"date":"2025-03-30T13:20:09","date_gmt":"2025-03-30T11:20:09","guid":{"rendered":"https:\/\/dupescents.co\/products\/odeur-de-flora-botanica\/"},"modified":"2025-11-05T19:21:23","modified_gmt":"2025-11-05T18:21:23","slug":"odeur-de-flora-botanica","status":"publish","type":"product","link":"https:\/\/dupescents.co\/fr\/products\/odeur-de-flora-botanica\/","title":{"rendered":"Odeur de&#8230; Flora Botanica"},"content":{"rendered":"<p>407W - Balenciaga Florabotanica Ersatz<br \/>\nEAU DE PARFUM NR. 407W - BALENCIAGA FLORABOTANICA ERSATZ<\/p>\n<p>DUFTNOTEN UNSERES ERSATZES:<\/p>\n<p>Minze<br \/>\nRose<br \/>\nNelke (Pflanze)<br \/>\nCannabis<br \/>\nVetiver<br \/>\nBernstein<br \/>\nDUFTBESCHREIBUNG:<\/p>\n<p>Zeigen Sie Ihre Einzigartigkeit! Lassen Sie sich von der aromatischen, blumigen Mischung des Florabotanica-Parf\u00fcm-Pendants von Balenciaga verzaubern. Unser Ersatz verbirgt das Aroma von erfrischender Minze, femininer Rose, Hanf, Vetiver und Amber. Diese einzigartige Mischung verleiht K\u00fchnheit und Mut und l\u00e4sst Sie selbst in schwierigen Situationen selbstbewusst auftreten! 407W ist ein Duft, der perfekt f\u00fcr warme Fr\u00fchlings- und Sommertage geeignet ist.<\/p>\n<p>EIGENSCHAFTEN VON BALENCIAGA FLORABOTANICA GEGENST\u00dcCK:<br \/>\nDufttyp: blumig, gr\u00fcn<br \/>\nF\u00fcr wen: Frauen<br \/>\nInhalt: 10 ml \/ 30 ml \/ 50 ml \/ 100 ml<br \/>\nProdukt-Code: 407W<br \/>\nDer Preis f\u00fcr dieses Parf\u00fcm h\u00e4ngt von der angegebenen Menge ab.<br \/>\nBitte geben Sie uns nach dem Kauf Ihr Feedback!<\/p>\n<p>Schauen Sie sich das Balenciaga Parf\u00fcmsortiment und seine \u00c4quivalente an.<\/p>\n","protected":false},"excerpt":{"rendered":"<p class=\"product__text inline-richtext\">Inspiration : Balenciaga Florabotanica<\/p>\n<p class=\"product__text inline-richtext\"><strong>\u2705 Eau de toilette 19-21% Parfum<\/strong><\/p>\n<p class=\"product__text inline-richtext\"><strong>\u2705 Le parfum dure une seconde journ\u00e9e<\/strong><\/p>\n<p class=\"product__text inline-richtext\"><strong>Achetez le parfum, pas la marque - \u00e9conomisez de l&rsquo;argent<\/strong><\/p>\n","protected":false},"featured_media":36247,"comment_status":"open","ping_status":"closed","template":"","meta":{"_acf_changed":false},"product_brand":[],"product_cat":[203],"product_tag":[],"class_list":{"0":"post-25797","1":"product","2":"type-product","3":"status-publish","4":"has-post-thumbnail","6":"product_cat-pour-les-femmes","8":"first","9":"instock","10":"shipping-taxable","11":"purchasable","12":"product-type-variable"},"acf":[],"aioseo_notices":[],"jetpack_sharing_enabled":true,"_links":{"self":[{"href":"https:\/\/dupescents.co\/fr\/wp-json\/wp\/v2\/product\/25797","targetHints":{"allow":["GET"]}}],"collection":[{"href":"https:\/\/dupescents.co\/fr\/wp-json\/wp\/v2\/product"}],"about":[{"href":"https:\/\/dupescents.co\/fr\/wp-json\/wp\/v2\/types\/product"}],"replies":[{"embeddable":true,"href":"https:\/\/dupescents.co\/fr\/wp-json\/wp\/v2\/comments?post=25797"}],"wp:featuredmedia":[{"embeddable":true,"href":"https:\/\/dupescents.co\/fr\/wp-json\/wp\/v2\/media\/36247"}],"wp:attachment":[{"href":"https:\/\/dupescents.co\/fr\/wp-json\/wp\/v2\/media?parent=25797"}],"wp:term":[{"taxonomy":"product_brand","embeddable":true,"href":"https:\/\/dupescents.co\/fr\/wp-json\/wp\/v2\/product_brand?post=25797"},{"taxonomy":"product_cat","embeddable":true,"href":"https:\/\/dupescents.co\/fr\/wp-json\/wp\/v2\/product_cat?post=25797"},{"taxonomy":"product_tag","embeddable":true,"href":"https:\/\/dupescents.co\/fr\/wp-json\/wp\/v2\/product_tag?post=25797"}],"curies":[{"name":"wp","href":"https:\/\/api.w.org\/{rel}","templated":true}]}}