{"id":25780,"date":"2025-03-30T13:38:27","date_gmt":"2025-03-30T11:38:27","guid":{"rendered":"https:\/\/dupescents.co\/products\/sent-comme-opium-noir-nuit-blanche\/"},"modified":"2026-02-22T00:27:58","modified_gmt":"2026-02-21T23:27:58","slug":"sent-comme-opium-noir-nuit-blanche","status":"publish","type":"product","link":"https:\/\/dupescents.co\/fr\/products\/sent-comme-opium-noir-nuit-blanche\/","title":{"rendered":"Sent comme&#8230; Opium noir Nuit Blanche"},"content":{"rendered":"<p>197W - Remplacement pour Yves Saint Laurent Noir Opium Nuit Blanche<br \/>\nEAU DE PARFUM NO 197W - REMPLACEMENT POUR YVES SAINT LAURENT BLACK OPIUM NUIT BLANCHE<\/p>\n<p>PARFUMS DE NOS SUBSTITUTS :<\/p>\n<p>VANILLE<br \/>\nCAF\u00c9<br \/>\nCARAMEL<br \/>\nLAIT<br \/>\nRIZ<br \/>\nFLEUR D&rsquo;ORANGER<br \/>\nBOIS DE SANTAL<br \/>\nPIZMO BLANC<br \/>\nPIVONIA<br \/>\nPOIRE DE BOURBON<br \/>\nANIS<br \/>\nCOLLENDRA<br \/>\nDESCRIPTION DE LA FRAGRANCE :<\/p>\n<p>Une composition orientale qui r\u00e9pand autour d&rsquo;elle une enveloppe passionn\u00e9e et myst\u00e9rieuse. Notre Eau de Parfum num\u00e9ro 197W est le pendant de la fragrance Black Opium Nuit Blanche d&rsquo;Yves Saint Laurent, qui s\u00e9duit par une magnifique combinaison de vanille, de caf\u00e9 et de caramel avec de profondes notes bois\u00e9es et florales. Un merveilleux cocktail pour les sens, parfait pour la soir\u00e9e.  <\/p>\n<p>CARACTERISTIQUES DE L&rsquo;EQUIVALENT DE YSL NUIT BLANCHE PARFUM :<br \/>\nType de parfum : oriental<br \/>\nPour qui : femmes<br \/>\nVolume : 10 ml \/ 30 ml \/ 50 ml \/ 100 ml<br \/>\nCode produit : 197W<br \/>\nLe prix de ce parfum d\u00e9pend de la quantit\u00e9 indiqu\u00e9e.<br \/>\nMerci de nous donner votre avis apr\u00e8s l&rsquo;achat !<\/p>\n<p>Voir aussi les autres parfums Yves Saint Laurent et leurs produits de remplacement.<\/p>\n<p>Que sent l&rsquo;\u00e9quivalent du parfum YSL Nuit Blanche ?<br \/>\nC&rsquo;est un parfum oriental avec de belles notes de pivoine, d&rsquo;anis, de vanille, de bois de santal ou de caf\u00e9, entre autres.<\/p>\n<p>Consultez \u00e9galement le remplacement du parfum Black Opium et son \u00e9quivalent Opium Intense.<\/p>\n","protected":false},"excerpt":{"rendered":"<p class=\"product__text inline-richtext\">Inspiration : Yves Saint Laurent Black Opium Nuit Blanche EDP 30ML<\/p>\n<p class=\"product__text inline-richtext\"><strong>\u2705 Eau de toilette 19-21% Parfum<\/strong><\/p>\n<p class=\"product__text inline-richtext\"><strong>\u2705 Le parfum dure une seconde journ\u00e9e<\/strong><\/p>\n<p class=\"product__text inline-richtext\"><strong>Achetez le parfum, pas la marque - \u00e9conomisez de l&rsquo;argent<\/strong><\/p>\n","protected":false},"featured_media":35916,"comment_status":"open","ping_status":"closed","template":"","meta":{"_acf_changed":false},"product_brand":[],"product_cat":[203],"product_tag":[],"class_list":{"0":"post-25780","1":"product","2":"type-product","3":"status-publish","4":"has-post-thumbnail","6":"product_cat-pour-les-femmes","8":"first","9":"instock","10":"shipping-taxable","11":"purchasable","12":"product-type-variable"},"acf":[],"aioseo_notices":[],"jetpack_sharing_enabled":true,"_links":{"self":[{"href":"https:\/\/dupescents.co\/fr\/wp-json\/wp\/v2\/product\/25780","targetHints":{"allow":["GET"]}}],"collection":[{"href":"https:\/\/dupescents.co\/fr\/wp-json\/wp\/v2\/product"}],"about":[{"href":"https:\/\/dupescents.co\/fr\/wp-json\/wp\/v2\/types\/product"}],"replies":[{"embeddable":true,"href":"https:\/\/dupescents.co\/fr\/wp-json\/wp\/v2\/comments?post=25780"}],"wp:featuredmedia":[{"embeddable":true,"href":"https:\/\/dupescents.co\/fr\/wp-json\/wp\/v2\/media\/35916"}],"wp:attachment":[{"href":"https:\/\/dupescents.co\/fr\/wp-json\/wp\/v2\/media?parent=25780"}],"wp:term":[{"taxonomy":"product_brand","embeddable":true,"href":"https:\/\/dupescents.co\/fr\/wp-json\/wp\/v2\/product_brand?post=25780"},{"taxonomy":"product_cat","embeddable":true,"href":"https:\/\/dupescents.co\/fr\/wp-json\/wp\/v2\/product_cat?post=25780"},{"taxonomy":"product_tag","embeddable":true,"href":"https:\/\/dupescents.co\/fr\/wp-json\/wp\/v2\/product_tag?post=25780"}],"curies":[{"name":"wp","href":"https:\/\/api.w.org\/{rel}","templated":true}]}}