{"id":25779,"date":"2025-03-30T13:21:40","date_gmt":"2025-03-30T11:21:40","guid":{"rendered":"https:\/\/dupescents.co\/products\/sent-comme-orchidee-noire\/"},"modified":"2026-02-21T23:34:39","modified_gmt":"2026-02-21T22:34:39","slug":"sent-comme-orchidee-noire","status":"publish","type":"product","link":"https:\/\/dupescents.co\/fr\/products\/sent-comme-orchidee-noire\/","title":{"rendered":"Sent comme&#8230; Orchid\u00e9e noire"},"content":{"rendered":"<p>057W - Remplacement pour Tom Ford Orchid\u00e9e noire<br \/>\nEAU DE PARFUM NO 057W - REMPLACEMENT POUR TOM FORD BLACK ORCHID<\/p>\n<p>PARFUMS DE NOS SUBSTITUTS :<\/p>\n<p>CHOCOLAT MEXICAIN<br \/>\nTRUFLA<br \/>\nPACULA<br \/>\nORCHIDEE<br \/>\nVANILLA<br \/>\nBOISSONS<br \/>\n\u00c9PICES<br \/>\nGARDENIA<br \/>\nNOTES DE PR\u00c9COCIT\u00c9<br \/>\nBURTISME<br \/>\nCURCUMA NOIR<br \/>\nSANDALWOOD<br \/>\nYLANG-YLANG<br \/>\nJASMINE<br \/>\nVETIVERIE<br \/>\nLOTOS<br \/>\nBERGAMOTTE<br \/>\nMANDARINE<br \/>\nPIZMUS BLANC<br \/>\nAMALPHIA-CITRON<br \/>\nDESCRIPTION DU PARFUM :<\/p>\n<p>Le myst\u00e8re inh\u00e9rent au flacon de ce parfum d\u00e9clenche une sensation d&rsquo;\u00e9l\u00e9gance raffin\u00e9e. Le pendant de Tom Ford Black Orchid est une Eau de Parfum unique \u00e0 la longue tenue. La fluidit\u00e9 de son parfum oriental et floral invite \u00e0 d\u00e9couvrir l&rsquo;harmonie enchanteresse et le luxe. Ce parfum est id\u00e9al pour les soir\u00e9es et les journ\u00e9es plus fra\u00eeches.   <\/p>\n<p>Au d\u00e9but, il a un agr\u00e9able parfum floral qui convient parfaitement \u00e0 de nombreuses femmes. Plus tard, il se transforme en un parfum sombre et sucr\u00e9 qui attire l&rsquo;attention, mais qui est suffisamment discret pour \u00eatre port\u00e9 au quotidien. <\/p>\n<p>CARACTERISTIQUES DU PARFUM :<br \/>\nType de parfum : oriental, floral<br \/>\nPour qui : femme<br \/>\nContenu : 10ml \/ 30ml \/ 50ml \/ 100ml<br \/>\nCode produit : 057W<br \/>\nLe prix de ce parfum d\u00e9pend de la quantit\u00e9 indiqu\u00e9e.<br \/>\nMerci de nous donner votre avis apr\u00e8s l&rsquo;achat !<\/p>\n<p>Voir aussi les autres parfums Tom Ford et leurs produits de remplacement.<\/p>\n<p>Quelle est l&rsquo;odeur du substitut de parfum Tom Ford Black Orchid ?<br \/>\nIl s&rsquo;agit d&rsquo;une composition d&rsquo;ar\u00f4mes floraux et orientaux. Parmi les notes, on trouve la mandarine, la fleur de lotus, le cassis, l&rsquo;ylang-ylang, la vanille et - bien s\u00fbr - l&rsquo;orchid\u00e9e. <\/p>\n","protected":false},"excerpt":{"rendered":"<p>Inspiration : Tom Ford Black Orchid EDP 30ML<\/p>\n<p class=\"product__text inline-richtext\"><strong>\u2705 Eau de toilette 19-21% Parfum<\/strong><\/p>\n<p class=\"product__text inline-richtext\"><strong>\u2705 Le parfum dure une seconde journ\u00e9e<\/strong><\/p>\n<p class=\"product__text inline-richtext\"><strong>Achetez le parfum, pas la marque - \u00e9conomisez de l&rsquo;argent<\/strong><\/p>\n","protected":false},"featured_media":35865,"comment_status":"open","ping_status":"closed","template":"","meta":{"_acf_changed":false},"product_brand":[],"product_cat":[203],"product_tag":[],"class_list":{"0":"post-25779","1":"product","2":"type-product","3":"status-publish","4":"has-post-thumbnail","6":"product_cat-pour-les-femmes","8":"first","9":"instock","10":"shipping-taxable","11":"purchasable","12":"product-type-variable"},"acf":[],"aioseo_notices":[],"jetpack_sharing_enabled":true,"_links":{"self":[{"href":"https:\/\/dupescents.co\/fr\/wp-json\/wp\/v2\/product\/25779","targetHints":{"allow":["GET"]}}],"collection":[{"href":"https:\/\/dupescents.co\/fr\/wp-json\/wp\/v2\/product"}],"about":[{"href":"https:\/\/dupescents.co\/fr\/wp-json\/wp\/v2\/types\/product"}],"replies":[{"embeddable":true,"href":"https:\/\/dupescents.co\/fr\/wp-json\/wp\/v2\/comments?post=25779"}],"wp:featuredmedia":[{"embeddable":true,"href":"https:\/\/dupescents.co\/fr\/wp-json\/wp\/v2\/media\/35865"}],"wp:attachment":[{"href":"https:\/\/dupescents.co\/fr\/wp-json\/wp\/v2\/media?parent=25779"}],"wp:term":[{"taxonomy":"product_brand","embeddable":true,"href":"https:\/\/dupescents.co\/fr\/wp-json\/wp\/v2\/product_brand?post=25779"},{"taxonomy":"product_cat","embeddable":true,"href":"https:\/\/dupescents.co\/fr\/wp-json\/wp\/v2\/product_cat?post=25779"},{"taxonomy":"product_tag","embeddable":true,"href":"https:\/\/dupescents.co\/fr\/wp-json\/wp\/v2\/product_tag?post=25779"}],"curies":[{"name":"wp","href":"https:\/\/api.w.org\/{rel}","templated":true}]}}