{"id":25761,"date":"2025-03-30T13:39:19","date_gmt":"2025-03-30T11:39:19","guid":{"rendered":"https:\/\/dupescents.co\/products\/sent-comme-fumee-de-cerise\/"},"modified":"2026-02-21T20:43:21","modified_gmt":"2026-02-21T19:43:21","slug":"sent-comme-fumee-de-cerise","status":"publish","type":"product","link":"https:\/\/dupescents.co\/fr\/products\/sent-comme-fumee-de-cerise\/","title":{"rendered":"Sent comme&#8230; Fum\u00e9e de cerise"},"content":{"rendered":"<p>434W - Remplacement pour Tom Ford Cherry Smoke Parfum<br \/>\nEAU DE PARFUM NO 434W - REMPLACEMENT POUR TOM FORD CHERRY SMOKE PARFUM<\/p>\n<p>PARFUMS DE NOS SUBSTITUTS :<\/p>\n<p>CHERRY<br \/>\nSAFFRON<br \/>\nCUIR<br \/>\nHUILE<br \/>\nOSMANTHUS CHINOIS<br \/>\nMORELA<br \/>\nFUM\u00c9E<br \/>\nNOTES BOIS\u00c9ES<br \/>\nCYPRIOL<br \/>\nDESCRIPTION DE LA FRAGRANCE :<\/p>\n<p>Des accords de bois fum\u00e9, des notes de cerise noire, d&rsquo;abricot, d&rsquo;olive et de cuir constituent une composition destin\u00e9e aux connaisseurs de parfums les plus exigeants. L&rsquo;\u00e9quivalent de Tom Ford Cherry Smoke dissimule un parfum de luxe pur et lib\u00e8re au contact de la peau un ar\u00f4me indomptable, vivifiant et ardent. Essayez-le si vous voulez d\u00e9couvrir quelque chose de totalement unique dans le monde du parfum.  <\/p>\n<p>CARACTERISTIQUES DE TOM FORD CHERRY SMOKE EQUIVALENT PARFUM :<br \/>\nType de parfum : oriental, \u00e9pic\u00e9<br \/>\nPour qui : unisexe<br \/>\nContenu : 10 ml \/ 30 ml \/ 50 ml \/ 100 ml<br \/>\nCode produit : 434W<br \/>\nLe prix de ce parfum d\u00e9pend de la quantit\u00e9 indiqu\u00e9e.<br \/>\nVeillez \u00e0 nous donner votre avis apr\u00e8s l&rsquo;achat !<\/p>\n","protected":false},"excerpt":{"rendered":"<p>Inspiration : Tom Ford Cherry Smoke EDP 50ML<\/p>\n<p class=\"product__text inline-richtext\"><strong>\u2705 Eau de toilette 19-21% Parfum<\/strong><\/p>\n<p class=\"product__text inline-richtext\"><strong>\u2705 Le parfum dure une seconde journ\u00e9e<\/strong><\/p>\n<p class=\"product__text inline-richtext\"><strong>Achetez le parfum, pas la marque - \u00e9conomisez de l&rsquo;argent<\/strong><\/p>\n","protected":false},"featured_media":35834,"comment_status":"open","ping_status":"closed","template":"","meta":{"_acf_changed":false},"product_brand":[],"product_cat":[203],"product_tag":[],"class_list":{"0":"post-25761","1":"product","2":"type-product","3":"status-publish","4":"has-post-thumbnail","6":"product_cat-pour-les-femmes","8":"first","9":"instock","10":"shipping-taxable","11":"purchasable","12":"product-type-variable"},"acf":[],"aioseo_notices":[],"jetpack_sharing_enabled":true,"_links":{"self":[{"href":"https:\/\/dupescents.co\/fr\/wp-json\/wp\/v2\/product\/25761","targetHints":{"allow":["GET"]}}],"collection":[{"href":"https:\/\/dupescents.co\/fr\/wp-json\/wp\/v2\/product"}],"about":[{"href":"https:\/\/dupescents.co\/fr\/wp-json\/wp\/v2\/types\/product"}],"replies":[{"embeddable":true,"href":"https:\/\/dupescents.co\/fr\/wp-json\/wp\/v2\/comments?post=25761"}],"wp:featuredmedia":[{"embeddable":true,"href":"https:\/\/dupescents.co\/fr\/wp-json\/wp\/v2\/media\/35834"}],"wp:attachment":[{"href":"https:\/\/dupescents.co\/fr\/wp-json\/wp\/v2\/media?parent=25761"}],"wp:term":[{"taxonomy":"product_brand","embeddable":true,"href":"https:\/\/dupescents.co\/fr\/wp-json\/wp\/v2\/product_brand?post=25761"},{"taxonomy":"product_cat","embeddable":true,"href":"https:\/\/dupescents.co\/fr\/wp-json\/wp\/v2\/product_cat?post=25761"},{"taxonomy":"product_tag","embeddable":true,"href":"https:\/\/dupescents.co\/fr\/wp-json\/wp\/v2\/product_tag?post=25761"}],"curies":[{"name":"wp","href":"https:\/\/api.w.org\/{rel}","templated":true}]}}