{"id":25743,"date":"2025-03-30T13:40:54","date_gmt":"2025-03-30T11:40:54","guid":{"rendered":"https:\/\/dupescents.co\/products\/sent-comme-decadence\/"},"modified":"2025-11-05T19:21:16","modified_gmt":"2025-11-05T18:21:16","slug":"sent-comme-decadence","status":"publish","type":"product","link":"https:\/\/dupescents.co\/fr\/products\/sent-comme-decadence\/","title":{"rendered":"Sent comme&#8230; D\u00e9cadence"},"content":{"rendered":"<p>186W - Marc Jacobs Decadence Ersatz<br \/>\n186W EAU DE PARFUM - MARC JACOBS DEKADENZ ERSATZ<\/p>\n<p>DUFTNOTEN UNSERES ERSATZES:<\/p>\n<p>PLUM<br \/>\nBURSHINE<br \/>\nVETIVERY<br \/>\nSAFRAN<br \/>\nPAPIRUS<br \/>\nIRYS<br \/>\nBULGAR-ROSE<br \/>\nGROSSBL\u00c4TTRIGER JASMIN<br \/>\nDEKADENZ DUFTBESCHREIBUNG:<\/p>\n<p>Ein provokantes, elegantes Eau de Parfum f\u00fcr Frauen, die wissen, was sie vom Leben wollen. Unser Pendant zum Duft Marc Jacobs Decadence berauscht mit orientalischen und holzigen Aromen. Ein sexy und verf\u00fchrerisches Parf\u00fcm f\u00fcr feminine und anspruchsvolle Frauen. Dieser Duft ist aufgrund seiner Intensit\u00e4t ideal f\u00fcr die Abendgarderobe und besondere Anl\u00e4sse.<\/p>\n<p>EIGENSCHAFTEN VON MARC JACOBS DECADENCE PARF\u00dcM GEGENST\u00dcCK:<br \/>\nDufttyp: orientalisch, holzig<br \/>\nF\u00fcr wen: Frauen<br \/>\nVolumen: 30 ml \/ 50 ml \/ 100 ml<br \/>\nProdukt-Code: 186W<\/p>\n<p>Siehe auch andere Marc Jacobs Parfums und ihre Ersatzprodukte.<\/p>\n<p>Wie riecht der Ersatz f\u00fcr Marc Jacobs Decadence Parf\u00fcm?<br \/>\nEs ist ein Duft voller interessanter Akzente. Er kombiniert Duftnoten wie Iris, Pflaume, Jasminbl\u00fcte oder Papyrus und Safran, um nur einige zu nennen. Es ist ein sehr sinnlicher Duft, der mit Luxus assoziiert wird, und das Ganze bleibt in einem glamour\u00f6sen Stil.<\/p>\n<p>H\u00e4lt der Duft des Gegenst\u00fccks von Marc Jacobs Decadence lange an?<br \/>\nDas Gegenst\u00fcck wurde mit Blick auf Langlebigkeit kreiert und das Ergebnis ist wirklich \u00fcberraschend und lohnend.<\/p>\n<p>F\u00fcr wen ist das \u00c4quivalent des Marc Jacobs Decadence Parfums geeignet?<br \/>\nDieses Eau de Parfum f\u00fcr Frauen ist ideal f\u00fcr Frauen, die holzige, aber auch orientalische D\u00fcfte bevorzugen. Aus dieser Kombination ergibt sich ein wirklich verf\u00fchrerischer Duft.<\/p>\n","protected":false},"excerpt":{"rendered":"<p>Inspiration : Marc Jacobs Decadence EDP 30ML<\/p>\n<p class=\"product__text inline-richtext\"><strong>\u2705 Eau de toilette 19-21% Parfum<\/strong><\/p>\n<p class=\"product__text inline-richtext\"><strong>\u2705 Le parfum dure une seconde journ\u00e9e<\/strong><\/p>\n<p class=\"product__text inline-richtext\"><strong>Achetez le parfum, pas la marque - \u00e9conomisez de l&rsquo;argent<\/strong><\/p>\n","protected":false},"featured_media":0,"comment_status":"open","ping_status":"closed","template":"","meta":{"_acf_changed":false},"product_brand":[],"product_cat":[203],"product_tag":[],"class_list":{"0":"post-25743","1":"product","2":"type-product","3":"status-publish","5":"product_cat-pour-les-femmes","7":"first","8":"instock","9":"shipping-taxable","10":"purchasable","11":"product-type-variable"},"acf":[],"aioseo_notices":[],"jetpack_sharing_enabled":true,"_links":{"self":[{"href":"https:\/\/dupescents.co\/fr\/wp-json\/wp\/v2\/product\/25743","targetHints":{"allow":["GET"]}}],"collection":[{"href":"https:\/\/dupescents.co\/fr\/wp-json\/wp\/v2\/product"}],"about":[{"href":"https:\/\/dupescents.co\/fr\/wp-json\/wp\/v2\/types\/product"}],"replies":[{"embeddable":true,"href":"https:\/\/dupescents.co\/fr\/wp-json\/wp\/v2\/comments?post=25743"}],"wp:attachment":[{"href":"https:\/\/dupescents.co\/fr\/wp-json\/wp\/v2\/media?parent=25743"}],"wp:term":[{"taxonomy":"product_brand","embeddable":true,"href":"https:\/\/dupescents.co\/fr\/wp-json\/wp\/v2\/product_brand?post=25743"},{"taxonomy":"product_cat","embeddable":true,"href":"https:\/\/dupescents.co\/fr\/wp-json\/wp\/v2\/product_cat?post=25743"},{"taxonomy":"product_tag","embeddable":true,"href":"https:\/\/dupescents.co\/fr\/wp-json\/wp\/v2\/product_tag?post=25743"}],"curies":[{"name":"wp","href":"https:\/\/api.w.org\/{rel}","templated":true}]}}