{"id":25727,"date":"2025-03-30T13:42:36","date_gmt":"2025-03-30T11:42:36","guid":{"rendered":"https:\/\/dupescents.co\/products\/odeur-de-flora\/"},"modified":"2026-02-22T00:19:37","modified_gmt":"2026-02-21T23:19:37","slug":"odeur-de-flora","status":"publish","type":"product","link":"https:\/\/dupescents.co\/fr\/products\/odeur-de-flora\/","title":{"rendered":"Sent comme&#8230; Flora"},"content":{"rendered":"<p>162W - Remplacement pour Gucci Flora<br \/>\nEAU DE PARFUM 162W - REMPLACEMENT POUR GUCCI FLORA<\/p>\n<p>PARFUMS DE NOS SUBSTITUTS :<\/p>\n<p>OSMANTUS<br \/>\nPIWONIA<br \/>\nAGRUMES<br \/>\nMANDARINE<br \/>\nROSE<br \/>\nSANDALWOOD<br \/>\nPACULA<br \/>\nPOIVRE ROSE<br \/>\nDESCRIPTION DU PARFUM :<\/p>\n<p>Un cocktail floral et enchanteur pour les femmes romantiques qui appr\u00e9cient la dimension \u00e9l\u00e9gante d&rsquo;un parfum. Notre \u00e9quivalent longue dur\u00e9e de Gucci Flora convient aussi bien \u00e0 la vie quotidienne qu&rsquo;aux occasions sp\u00e9ciales. Ses belles notes florales t\u00e9moignent d&rsquo;un bon go\u00fbt et d&rsquo;un style qu&rsquo;elles transmettent \u00e9galement \u00e0 celle qui les porte.  <\/p>\n<p>CARACTERISTIQUES DU PARFUM :<br \/>\nType de parfum : floral<br \/>\nPour qui : femmes<br \/>\nVolume : 30 ml \/ 50 ml \/ 100 ml<br \/>\nCode produit : 162W<br \/>\nLe prix de ce parfum d\u00e9pend de la quantit\u00e9 indiqu\u00e9e.<br \/>\nMerci de nous donner votre avis apr\u00e8s l&rsquo;achat !<\/p>\n<p>Voir aussi les autres parfums Gucci et leurs produits de remplacement.<\/p>\n<p>Quelle est l&rsquo;odeur du parfum Gucci Flora correspondant ?<br \/>\nC&rsquo;est un parfum s\u00e9duisant et absolument f\u00e9minin qui touche profond\u00e9ment les sens. La fragrance de ce beau parfum f\u00e9minin est d\u00e9finie par des contrastes et est certainement parfaite pour toute femme moderne avec une personnalit\u00e9 jeune. La composition du parfum est l\u00e9g\u00e8re et fra\u00eeche, symbolisant ainsi l&rsquo;\u00e9nergie de celle qui le porte.  <\/p>\n<p>\u00c0 qui le parfum Gucci Flora peut-il servir de substitut ?<br \/>\nC&rsquo;est le choix id\u00e9al pour les femmes qui appr\u00e9cient les parfums frais et fleuris - et qui aiment surprendre.<\/p>\n","protected":false},"excerpt":{"rendered":"<p class=\"product__text inline-richtext\">Inspiration : Gucci Flora EDP 30ML<\/p>\n<p class=\"product__text inline-richtext\"><strong>\u2705 Eau de toilette 19-21% Parfum<\/strong><\/p>\n<p class=\"product__text inline-richtext\"><strong>\u2705 Le parfum dure une seconde journ\u00e9e<\/strong><\/p>\n<p class=\"product__text inline-richtext\"><strong>Achetez le parfum, pas la marque - \u00e9conomisez de l&rsquo;argent<\/strong><\/p>\n","protected":false},"featured_media":35903,"comment_status":"open","ping_status":"closed","template":"","meta":{"_acf_changed":false},"product_brand":[],"product_cat":[203],"product_tag":[],"class_list":{"0":"post-25727","1":"product","2":"type-product","3":"status-publish","4":"has-post-thumbnail","6":"product_cat-pour-les-femmes","8":"first","9":"instock","10":"shipping-taxable","11":"purchasable","12":"product-type-variable"},"acf":[],"aioseo_notices":[],"jetpack_sharing_enabled":true,"_links":{"self":[{"href":"https:\/\/dupescents.co\/fr\/wp-json\/wp\/v2\/product\/25727","targetHints":{"allow":["GET"]}}],"collection":[{"href":"https:\/\/dupescents.co\/fr\/wp-json\/wp\/v2\/product"}],"about":[{"href":"https:\/\/dupescents.co\/fr\/wp-json\/wp\/v2\/types\/product"}],"replies":[{"embeddable":true,"href":"https:\/\/dupescents.co\/fr\/wp-json\/wp\/v2\/comments?post=25727"}],"wp:featuredmedia":[{"embeddable":true,"href":"https:\/\/dupescents.co\/fr\/wp-json\/wp\/v2\/media\/35903"}],"wp:attachment":[{"href":"https:\/\/dupescents.co\/fr\/wp-json\/wp\/v2\/media?parent=25727"}],"wp:term":[{"taxonomy":"product_brand","embeddable":true,"href":"https:\/\/dupescents.co\/fr\/wp-json\/wp\/v2\/product_brand?post=25727"},{"taxonomy":"product_cat","embeddable":true,"href":"https:\/\/dupescents.co\/fr\/wp-json\/wp\/v2\/product_cat?post=25727"},{"taxonomy":"product_tag","embeddable":true,"href":"https:\/\/dupescents.co\/fr\/wp-json\/wp\/v2\/product_tag?post=25727"}],"curies":[{"name":"wp","href":"https:\/\/api.w.org\/{rel}","templated":true}]}}