{"id":25717,"date":"2025-03-30T13:46:00","date_gmt":"2025-03-30T11:46:00","guid":{"rendered":"https:\/\/dupescents.co\/products\/sent-comme-ma-vie\/"},"modified":"2026-02-21T19:36:56","modified_gmt":"2026-02-21T18:36:56","slug":"sent-comme-ma-vie","status":"publish","type":"product","link":"https:\/\/dupescents.co\/fr\/products\/sent-comme-ma-vie\/","title":{"rendered":"Sent comme&#8230; Ma Vie"},"content":{"rendered":"<p>058W - Hugo Boss Ma Vie remplacement<br \/>\nEAU DE PARFUM NO 058W - HUGO BOSS MA VIE REMPLACEMENT<\/p>\n<p>PARFUMS DE NOS SUBSTITUTS :<\/p>\n<p>FLEUR DE CACAO<br \/>\nROSE FRESH<br \/>\nROSE<br \/>\nNOTES BOIS\u00c9ES<br \/>\nC\u00c8DRE<br \/>\nJASMIN<br \/>\nDESCRIPTION DE LA FRAGRANCE :<\/p>\n<p>Un parfum floral pour les femmes \u00e9l\u00e9gantes. Notre \u00e9quivalent de Hugo Boss Ma Vie a \u00e9t\u00e9 cr\u00e9\u00e9 sur une base de fleurs de cactus, de roses et de notes bois\u00e9es, exactement comme l&rsquo;original. Ce parfum merveilleusement d\u00e9licat \u00e9voque la beaut\u00e9 et l&rsquo;individualit\u00e9 f\u00e9minines. Il est parfait comme parfum de tous les jours et pour les occasions sp\u00e9ciales.   <\/p>\n<p>CARACTERISTIQUES D&rsquo;UN PARFUM MA-VIE :<br \/>\nType de parfum : floral<br \/>\nPour qui : Femmes<br \/>\nContenu : 10ml \/ 30ml \/ 50ml \/ 100ml<br \/>\nCode produit : 058W<br \/>\nLe prix de ce parfum d\u00e9pend de la quantit\u00e9 indiqu\u00e9e.<br \/>\nMerci de nous donner votre avis apr\u00e8s l&rsquo;achat !<\/p>\n<p>Voir aussi les autres parfums Hugo Boss et leurs produits de remplacement.<\/p>\n<p>Quelle est l&rsquo;odeur du parfum Hugo Boss Ma Vie correspondant ?<br \/>\nC&rsquo;est un parfum agr\u00e9able et beau, class\u00e9 comme floral. Parmi les notes olfactives que l&rsquo;on peut percevoir dans cette composition, on trouve notamment des fleurs de jasmin, du freesia et de la rose ou des notes bois\u00e9es. L&rsquo;ensemble de l&rsquo;ar\u00f4me a une touche de fra\u00eecheur printani\u00e8re, inspire et s\u00e9duit par sa douceur.  <\/p>\n","protected":false},"excerpt":{"rendered":"<p class=\"product__text inline-richtext\">Inspiration : Hugo Boss Ma Vie EDP 50ML<\/p>\n<p class=\"product__text inline-richtext\"><strong>\u2705 Eau de toilette 19-21% Parfum<\/strong><\/p>\n<p class=\"product__text inline-richtext\"><strong>\u2705 Le parfum dure une seconde journ\u00e9e<\/strong><\/p>\n<p class=\"product__text inline-richtext\"><strong>Achetez le parfum, pas la marque - \u00e9conomisez de l&rsquo;argent<\/strong><\/p>\n","protected":false},"featured_media":35783,"comment_status":"open","ping_status":"closed","template":"","meta":{"_acf_changed":false},"product_brand":[],"product_cat":[203],"product_tag":[],"class_list":{"0":"post-25717","1":"product","2":"type-product","3":"status-publish","4":"has-post-thumbnail","6":"product_cat-pour-les-femmes","8":"first","9":"instock","10":"shipping-taxable","11":"purchasable","12":"product-type-variable"},"acf":[],"aioseo_notices":[],"jetpack_sharing_enabled":true,"_links":{"self":[{"href":"https:\/\/dupescents.co\/fr\/wp-json\/wp\/v2\/product\/25717","targetHints":{"allow":["GET"]}}],"collection":[{"href":"https:\/\/dupescents.co\/fr\/wp-json\/wp\/v2\/product"}],"about":[{"href":"https:\/\/dupescents.co\/fr\/wp-json\/wp\/v2\/types\/product"}],"replies":[{"embeddable":true,"href":"https:\/\/dupescents.co\/fr\/wp-json\/wp\/v2\/comments?post=25717"}],"wp:featuredmedia":[{"embeddable":true,"href":"https:\/\/dupescents.co\/fr\/wp-json\/wp\/v2\/media\/35783"}],"wp:attachment":[{"href":"https:\/\/dupescents.co\/fr\/wp-json\/wp\/v2\/media?parent=25717"}],"wp:term":[{"taxonomy":"product_brand","embeddable":true,"href":"https:\/\/dupescents.co\/fr\/wp-json\/wp\/v2\/product_brand?post=25717"},{"taxonomy":"product_cat","embeddable":true,"href":"https:\/\/dupescents.co\/fr\/wp-json\/wp\/v2\/product_cat?post=25717"},{"taxonomy":"product_tag","embeddable":true,"href":"https:\/\/dupescents.co\/fr\/wp-json\/wp\/v2\/product_tag?post=25717"}],"curies":[{"name":"wp","href":"https:\/\/api.w.org\/{rel}","templated":true}]}}