{"id":25709,"date":"2025-03-30T13:48:33","date_gmt":"2025-03-30T11:48:33","guid":{"rendered":"https:\/\/dupescents.co\/products\/sent-comme-ck-eternity-moment\/"},"modified":"2025-11-05T19:21:10","modified_gmt":"2025-11-05T18:21:10","slug":"sent-comme-ck-eternity-moment","status":"publish","type":"product","link":"https:\/\/dupescents.co\/fr\/products\/sent-comme-ck-eternity-moment\/","title":{"rendered":"Sent comme&#8230; CK Eternity moment"},"content":{"rendered":"<p>414W - Calvin Klein Eternity Moment Parfum \u00c4quivalent<br \/>\nEAU DE PARFUM NR. 414W - \u00c4QUIVALENT ZU CALVIN KLEIN ETERNITY MOMENT PARF\u00dcM<\/p>\n<p>DUFTNOTEN UNSERES ERSATZES:<\/p>\n<p>LICZI<br \/>\nRASPBERRY<br \/>\nMELON<br \/>\nGUYAVA<br \/>\nCHINESISCHE ROSA PFINGSTROSE<br \/>\nJASMINE<br \/>\nWASSERLILIE<br \/>\nPASSIFLORA<br \/>\nPI\u017bMO<br \/>\nBRASILIANISCHER ROSENBAUM<br \/>\nCASHMERE-HOLZ<br \/>\nSANDELHOLZ<br \/>\nDUFTBESCHREIBUNG:<\/p>\n<p>Unser vom Calvin Klein Eternity Moment Parf\u00fcm inspirierter Duft l\u00e4sst Sie wieder die Schmetterlinge im Bauch sp\u00fcren, die Sie bei Ihrer ersten Verliebtheit begleitet haben! Die frische Kombination aus Jasmin, Pfingstrose und Seerose wird hier durch das fruchtige Aroma von Litschi, Melone und Himbeere unterbrochen. Testen Sie es, wenn Sie feminine D\u00fcfte mit einem Hauch von Romantik m\u00f6gen, die Ihre Stimmung effektiv heben.<\/p>\n<p>EIGENSCHAFTEN DES CALVIN KLEIN ETERNITY MOMENT PARF\u00dcM GEGENST\u00dcCKS:<br \/>\nDufttyp: blumig<br \/>\nF\u00fcr wen: Frauen<br \/>\nInhalt: 10 ml \/ 30 ml \/ 50 ml \/ 100 ml<br \/>\nProdukt-Code: 414W<br \/>\nDer Preis f\u00fcr dieses Parf\u00fcm h\u00e4ngt von der angegebenen Menge ab.<br \/>\nBitte geben Sie uns nach dem Kauf Ihr Feedback!<\/p>\n<p>Schauen Sie sich auch andere Calvin Klein Parfums an.<\/p>\n","protected":false},"excerpt":{"rendered":"<p>Inspiration : Calvin Klein Eternity Moment EDP 100ML<\/p>\n<p class=\"product__text inline-richtext\"><strong>\u2705 Eau de toilette 19-21% Parfum<\/strong><\/p>\n<p class=\"product__text inline-richtext\"><strong>\u2705 Le parfum dure une seconde journ\u00e9e<\/strong><\/p>\n<p class=\"product__text inline-richtext\"><strong>Achetez le parfum, pas la marque - \u00e9conomisez de l&rsquo;argent<\/strong><\/p>\n","protected":false},"featured_media":36231,"comment_status":"open","ping_status":"closed","template":"","meta":{"_acf_changed":false},"product_brand":[],"product_cat":[203],"product_tag":[],"class_list":{"0":"post-25709","1":"product","2":"type-product","3":"status-publish","4":"has-post-thumbnail","6":"product_cat-pour-les-femmes","8":"first","9":"instock","10":"shipping-taxable","11":"purchasable","12":"product-type-variable"},"acf":[],"aioseo_notices":[],"jetpack_sharing_enabled":true,"_links":{"self":[{"href":"https:\/\/dupescents.co\/fr\/wp-json\/wp\/v2\/product\/25709","targetHints":{"allow":["GET"]}}],"collection":[{"href":"https:\/\/dupescents.co\/fr\/wp-json\/wp\/v2\/product"}],"about":[{"href":"https:\/\/dupescents.co\/fr\/wp-json\/wp\/v2\/types\/product"}],"replies":[{"embeddable":true,"href":"https:\/\/dupescents.co\/fr\/wp-json\/wp\/v2\/comments?post=25709"}],"wp:featuredmedia":[{"embeddable":true,"href":"https:\/\/dupescents.co\/fr\/wp-json\/wp\/v2\/media\/36231"}],"wp:attachment":[{"href":"https:\/\/dupescents.co\/fr\/wp-json\/wp\/v2\/media?parent=25709"}],"wp:term":[{"taxonomy":"product_brand","embeddable":true,"href":"https:\/\/dupescents.co\/fr\/wp-json\/wp\/v2\/product_brand?post=25709"},{"taxonomy":"product_cat","embeddable":true,"href":"https:\/\/dupescents.co\/fr\/wp-json\/wp\/v2\/product_cat?post=25709"},{"taxonomy":"product_tag","embeddable":true,"href":"https:\/\/dupescents.co\/fr\/wp-json\/wp\/v2\/product_tag?post=25709"}],"curies":[{"name":"wp","href":"https:\/\/api.w.org\/{rel}","templated":true}]}}