{"id":25699,"date":"2025-03-30T13:47:03","date_gmt":"2025-03-30T11:47:03","guid":{"rendered":"https:\/\/dupescents.co\/products\/sent-comme-deep-red\/"},"modified":"2026-02-21T23:28:15","modified_gmt":"2026-02-21T22:28:15","slug":"sent-comme-deep-red","status":"publish","type":"product","link":"https:\/\/dupescents.co\/fr\/products\/sent-comme-deep-red\/","title":{"rendered":"Sent comme&#8230; Rouge profond"},"content":{"rendered":"<p>022W - Hugo Boss Deep Red remplacement<br \/>\nEAU DE PARFUM NO 022W - HUGO BOSS DEEP RED REMPLACEMENT<\/p>\n<p>PARFUMS DE NOS SUBSTITUTS :<\/p>\n<p>ORANGE ROUGE<br \/>\nVANILLE<br \/>\nCURE NOIR<br \/>\nBOIS DE SANTAL<br \/>\nIMBIR<br \/>\nOPPOSITION<br \/>\nPIZMO<br \/>\nTUBEROSE<br \/>\nGRUSH<br \/>\nMANDARINE<br \/>\nGRAINES D&rsquo;HIBISCUS<br \/>\nFRESIEN<br \/>\nC\u00c8DRE DE CALIFORNIE<br \/>\nDESCRIPTION DE LA FRAGRANCE :<\/p>\n<p>Ce parfum oriental raffin\u00e9 est parfait pour les soir\u00e9es et les occasions sp\u00e9ciales. Notre 022W Eau de Parfum est le pendant du parfum Hugo Boss Deep Red, qui se distingue par sa d\u00e9contraction et son \u00e9nergie pure. Ce parfum est aim\u00e9 par les femmes courageuses qui aiment la vie. Une merveilleuse combinaison d&rsquo;orange rouge, de cassis et d&rsquo;accords de bois de santal d\u00e9ploie un bel ar\u00f4me sensuel.   <\/p>\n<p>CARACTERISTIQUES DU PARFUM DEEP RED EQUIVALENT :<br \/>\nType de parfum : oriental<br \/>\nPour qui : femme<br \/>\nContenu : 10ml \/ 30ml \/ 50ml \/ 100ml<br \/>\nCode produit : 022W<br \/>\nLe prix de ce parfum d\u00e9pend de la quantit\u00e9 indiqu\u00e9e.<br \/>\nMerci de nous donner votre avis apr\u00e8s l&rsquo;achat !<\/p>\n<p>Voir aussi les autres parfums Hugo Boss et leurs substituts.<\/p>\n","protected":false},"excerpt":{"rendered":"<p class=\"product__text inline-richtext\">Inspiration : Hugo Boss Deep Red EDP 50ML<\/p>\n<p class=\"product__text inline-richtext\"><strong>\u2705 Eau de toilette 19-21% Parfum<\/strong><\/p>\n<p class=\"product__text inline-richtext\"><strong>\u2705 Le parfum dure une seconde journ\u00e9e<\/strong><\/p>\n<p class=\"product__text inline-richtext\"><strong>Achetez le parfum, pas la marque - \u00e9conomisez de l&rsquo;argent<\/strong><\/p>\n","protected":false},"featured_media":35856,"comment_status":"open","ping_status":"closed","template":"","meta":{"_acf_changed":false},"product_brand":[],"product_cat":[203],"product_tag":[],"class_list":{"0":"post-25699","1":"product","2":"type-product","3":"status-publish","4":"has-post-thumbnail","6":"product_cat-pour-les-femmes","8":"first","9":"instock","10":"shipping-taxable","11":"purchasable","12":"product-type-variable"},"acf":[],"aioseo_notices":[],"jetpack_sharing_enabled":true,"_links":{"self":[{"href":"https:\/\/dupescents.co\/fr\/wp-json\/wp\/v2\/product\/25699","targetHints":{"allow":["GET"]}}],"collection":[{"href":"https:\/\/dupescents.co\/fr\/wp-json\/wp\/v2\/product"}],"about":[{"href":"https:\/\/dupescents.co\/fr\/wp-json\/wp\/v2\/types\/product"}],"replies":[{"embeddable":true,"href":"https:\/\/dupescents.co\/fr\/wp-json\/wp\/v2\/comments?post=25699"}],"wp:featuredmedia":[{"embeddable":true,"href":"https:\/\/dupescents.co\/fr\/wp-json\/wp\/v2\/media\/35856"}],"wp:attachment":[{"href":"https:\/\/dupescents.co\/fr\/wp-json\/wp\/v2\/media?parent=25699"}],"wp:term":[{"taxonomy":"product_brand","embeddable":true,"href":"https:\/\/dupescents.co\/fr\/wp-json\/wp\/v2\/product_brand?post=25699"},{"taxonomy":"product_cat","embeddable":true,"href":"https:\/\/dupescents.co\/fr\/wp-json\/wp\/v2\/product_cat?post=25699"},{"taxonomy":"product_tag","embeddable":true,"href":"https:\/\/dupescents.co\/fr\/wp-json\/wp\/v2\/product_tag?post=25699"}],"curies":[{"name":"wp","href":"https:\/\/api.w.org\/{rel}","templated":true}]}}