{"id":25691,"date":"2025-03-30T13:50:20","date_gmt":"2025-03-30T11:50:20","guid":{"rendered":"https:\/\/dupescents.co\/products\/sent-comme-pure-xs-for-her\/"},"modified":"2025-11-05T19:21:08","modified_gmt":"2025-11-05T18:21:08","slug":"sent-comme-pure-xs-for-her","status":"publish","type":"product","link":"https:\/\/dupescents.co\/fr\/products\/sent-comme-pure-xs-for-her\/","title":{"rendered":"Sent comme&#8230; Pure XS For Her"},"content":{"rendered":"<p>050W - Eau de Parfum \u00c4quivalent von Paco Rabanne Pure XS For Her<br \/>\nEAU DE PARFUM NO 050W - DAS \u00c4QUIVALENT VON PACO RABANNE PURE XS FOR HER<\/p>\n<p>DUFTNOTEN VON UNSEREM ERSATZ:<\/p>\n<p>POPCORN<br \/>\nVANILLA<br \/>\nYLANG-YLANG<br \/>\nORANGENBL\u00dcTE<br \/>\nCOOKOS<br \/>\nBROSCOSE<br \/>\nAMBRETTE<br \/>\nWEISSE PIZE<br \/>\nSANDALWOOD<br \/>\nAMBERHOLZ<br \/>\nDUFTBESCHREIBUNG:<\/p>\n<p>Unwiderstehliche Sinnlichkeit und ein verf\u00fchrerisches Naturell sind die unbestreitbaren Eigenschaften der Tr\u00e4gerin dieses Parfums. Das Gegenst\u00fcck zu Paco Rabanne XS For Her ist ein Eau de Parfum f\u00fcr selbstbewusste, entschlossene und provokante Frauen. Der Duft, der aus einer Kombination von Popcorn, Vanille und wei\u00dfem Moschus entsteht, setzt Wildheit und wunderbare Erregung frei.<\/p>\n<p>EIGENSCHAFTEN DES \u00c4QUIVALENTS DES PARFUMS XS FOR HER:<br \/>\nDufttyp: orientalisch, blumig<br \/>\nF\u00fcr wen: weiblich<br \/>\nInhalt: 10ml \/ 30ml \/ 50ml \/ 100ml<br \/>\nProdukt-Code: 050W<br \/>\nDer Preis f\u00fcr dieses Parf\u00fcm h\u00e4ngt von der angegebenen Menge ab.<br \/>\nBitte geben Sie uns nach dem Kauf eine R\u00fcckmeldung!<\/p>\n<p>Sehen Sie auch andere Paco Rabanne Parfums und ihre Substitute.<\/p>\n","protected":false},"excerpt":{"rendered":"<p>Parfum associ\u00e9 : Paco Rabanne Pure XS For Her EDP 50ML<\/p>\n<p class=\"product__text inline-richtext\"><strong>  Eau de toilette 19-21% Parfum<\/strong><\/p>\n<p class=\"product__text inline-richtext\"><strong>\u2705 Le parfum dure une seconde journ\u00e9e<\/strong><\/p>\n<p class=\"product__text inline-richtext\"><strong>Achetez le parfum, pas la marque - \u00e9conomisez de l&rsquo;argent<\/strong><\/p>\n","protected":false},"featured_media":36228,"comment_status":"open","ping_status":"closed","template":"","meta":{"_acf_changed":false},"product_brand":[],"product_cat":[203],"product_tag":[],"class_list":{"0":"post-25691","1":"product","2":"type-product","3":"status-publish","4":"has-post-thumbnail","6":"product_cat-pour-les-femmes","8":"first","9":"instock","10":"shipping-taxable","11":"purchasable","12":"product-type-variable"},"acf":[],"aioseo_notices":[],"jetpack_sharing_enabled":true,"_links":{"self":[{"href":"https:\/\/dupescents.co\/fr\/wp-json\/wp\/v2\/product\/25691","targetHints":{"allow":["GET"]}}],"collection":[{"href":"https:\/\/dupescents.co\/fr\/wp-json\/wp\/v2\/product"}],"about":[{"href":"https:\/\/dupescents.co\/fr\/wp-json\/wp\/v2\/types\/product"}],"replies":[{"embeddable":true,"href":"https:\/\/dupescents.co\/fr\/wp-json\/wp\/v2\/comments?post=25691"}],"wp:featuredmedia":[{"embeddable":true,"href":"https:\/\/dupescents.co\/fr\/wp-json\/wp\/v2\/media\/36228"}],"wp:attachment":[{"href":"https:\/\/dupescents.co\/fr\/wp-json\/wp\/v2\/media?parent=25691"}],"wp:term":[{"taxonomy":"product_brand","embeddable":true,"href":"https:\/\/dupescents.co\/fr\/wp-json\/wp\/v2\/product_brand?post=25691"},{"taxonomy":"product_cat","embeddable":true,"href":"https:\/\/dupescents.co\/fr\/wp-json\/wp\/v2\/product_cat?post=25691"},{"taxonomy":"product_tag","embeddable":true,"href":"https:\/\/dupescents.co\/fr\/wp-json\/wp\/v2\/product_tag?post=25691"}],"curies":[{"name":"wp","href":"https:\/\/api.w.org\/{rel}","templated":true}]}}