{"id":25612,"date":"2025-03-26T16:29:07","date_gmt":"2025-03-26T15:29:07","guid":{"rendered":"https:\/\/dupescents.co\/products\/ca-sent-comme-fucking-fabulous\/"},"modified":"2026-02-15T06:06:13","modified_gmt":"2026-02-15T05:06:13","slug":"ca-sent-comme-fucking-fabulous","status":"publish","type":"product","link":"https:\/\/dupescents.co\/fr\/products\/ca-sent-comme-fucking-fabulous\/","title":{"rendered":"\u00c7a sent comme&#8230; Fucking Fabulous"},"content":{"rendered":"<p class=\"\" data-start=\"97\" data-end=\"143\"><strong data-start=\"97\" data-end=\"141\">Inspiriert von Tom Ford Fucking Fabulous<\/strong><\/p>\n<p class=\"\" data-start=\"145\" data-end=\"265\">\u2714 <strong data-start=\"147\" data-end=\"159\">Dufttyp:<\/strong> Leder<br data-start=\"165\" data-end=\"168\" \/>\u2714 <strong data-start=\"170\" data-end=\"182\">F\u00fcr wen:<\/strong> Unisex<br data-start=\"189\" data-end=\"192\" \/>\u2714 <strong data-start=\"194\" data-end=\"205\">Inhalt:<\/strong> 10 ml \/ 30 ml \/ 50 ml \/ 100 ml<br data-start=\"236\" data-end=\"239\" \/>\u2714 <strong data-start=\"241\" data-end=\"258\">Produkt-Code:<\/strong> 232M<\/p>\n<h3 class=\"\" data-start=\"267\" data-end=\"287\"><strong data-start=\"271\" data-end=\"285\">Duftnoten:<\/strong><\/h3>\n<p class=\"\" data-start=\"288\" data-end=\"426\"><strong data-start=\"288\" data-end=\"302\">Kopfnoten:<\/strong> Bittermandel, Lavendel<br data-start=\"325\" data-end=\"328\" \/><strong data-start=\"328\" data-end=\"342\">Herznoten:<\/strong> Leder, Tonkabohne, Salbei<br data-start=\"368\" data-end=\"371\" \/><strong data-start=\"371\" data-end=\"386\">Basisnoten:<\/strong> Kaschmirholz, Iris, Vanille, Wei\u00dfholz<\/p>\n<h3 class=\"\" data-start=\"428\" data-end=\"451\"><strong data-start=\"432\" data-end=\"449\">Beschreibung:<\/strong><\/h3>\n<p class=\"\" data-start=\"452\" data-end=\"852\"><strong data-start=\"452\" data-end=\"460\">232M<\/strong> ist die Essenz von Luxus und Raffinesse \u2013 ein k\u00fchner, sinnlicher Duft, der mit seinem <strong data-start=\"547\" data-end=\"577\">tiefen, ledrigen Charakter<\/strong> beeindruckt. Die Kombination aus <strong data-start=\"611\" data-end=\"640\">Bittermandel und Lavendel<\/strong> sorgt f\u00fcr eine aufregende Er\u00f6ffnung, w\u00e4hrend <strong data-start=\"686\" data-end=\"718\">Leder, Tonkabohne und Salbei<\/strong> eine verf\u00fchrerische Tiefe entfalten. <strong data-start=\"756\" data-end=\"790\">Kaschmirholz, Iris und Vanille<\/strong> runden die Komposition mit einer warmen, eleganten Note ab.<\/p>\n<p class=\"\" data-start=\"854\" data-end=\"957\">Ob f\u00fcr <strong data-start=\"861\" data-end=\"904\">besondere Anl\u00e4sse oder stilvolle Abende<\/strong> \u2013 232M hinterl\u00e4sst einen unvergesslichen Eindruck.<\/p>\n<p class=\"\" data-start=\"959\" data-end=\"1157\">\ud83d\udca1 <strong data-start=\"962\" data-end=\"977\">Warum 232M?<\/strong><br data-start=\"977\" data-end=\"980\" \/>\u2714 Hochwertige Duftkomposition inspiriert von Tom Ford Fucking Fabulous<br data-start=\"1050\" data-end=\"1053\" \/>\u2714 Intensiv, langanhaltend &amp; unverwechselbar<br data-start=\"1096\" data-end=\"1099\" \/>\u2714 Perfekt f\u00fcr M\u00e4nner und Frauen mit exklusivem Geschmack<\/p>\n<p class=\"\" data-start=\"1159\" data-end=\"1216\">\ud83d\uded2 <strong data-start=\"1162\" data-end=\"1216\" data-is-last-node=\"\">Jetzt bestellen und luxuri\u00f6sen Duft neu entdecken!<\/strong><\/p>\n","protected":false},"excerpt":{"rendered":"<p>Inspiration : Tom Ford Fucking Fabulous EDP 50ML<\/p>\n<p class=\"product__text inline-richtext\"><strong>\u2705 Eau de toilette 19-21% Parfum<\/strong><\/p>\n<p class=\"product__text inline-richtext\"><strong>\u2705 Le parfum dure une seconde journ\u00e9e<\/strong><\/p>\n<p class=\"product__text inline-richtext\"><strong>Achetez le parfum, pas la marque - \u00e9conomisez de l&rsquo;argent<\/strong><\/p>\n","protected":false},"featured_media":35287,"comment_status":"open","ping_status":"closed","template":"","meta":{"_acf_changed":false},"product_brand":[],"product_cat":[201],"product_tag":[],"class_list":{"0":"post-25612","1":"product","2":"type-product","3":"status-publish","4":"has-post-thumbnail","6":"product_cat-pour-les-hommes","8":"first","9":"instock","10":"shipping-taxable","11":"purchasable","12":"product-type-variable"},"acf":[],"aioseo_notices":[],"jetpack_sharing_enabled":true,"_links":{"self":[{"href":"https:\/\/dupescents.co\/fr\/wp-json\/wp\/v2\/product\/25612","targetHints":{"allow":["GET"]}}],"collection":[{"href":"https:\/\/dupescents.co\/fr\/wp-json\/wp\/v2\/product"}],"about":[{"href":"https:\/\/dupescents.co\/fr\/wp-json\/wp\/v2\/types\/product"}],"replies":[{"embeddable":true,"href":"https:\/\/dupescents.co\/fr\/wp-json\/wp\/v2\/comments?post=25612"}],"wp:featuredmedia":[{"embeddable":true,"href":"https:\/\/dupescents.co\/fr\/wp-json\/wp\/v2\/media\/35287"}],"wp:attachment":[{"href":"https:\/\/dupescents.co\/fr\/wp-json\/wp\/v2\/media?parent=25612"}],"wp:term":[{"taxonomy":"product_brand","embeddable":true,"href":"https:\/\/dupescents.co\/fr\/wp-json\/wp\/v2\/product_brand?post=25612"},{"taxonomy":"product_cat","embeddable":true,"href":"https:\/\/dupescents.co\/fr\/wp-json\/wp\/v2\/product_cat?post=25612"},{"taxonomy":"product_tag","embeddable":true,"href":"https:\/\/dupescents.co\/fr\/wp-json\/wp\/v2\/product_tag?post=25612"}],"curies":[{"name":"wp","href":"https:\/\/api.w.org\/{rel}","templated":true}]}}