{"id":25561,"date":"2025-03-26T16:49:09","date_gmt":"2025-03-26T15:49:09","guid":{"rendered":"https:\/\/dupescents.co\/products\/perfume-magic-no-053w-m\/"},"modified":"2026-02-15T06:07:05","modified_gmt":"2026-02-15T05:07:05","slug":"perfume-magic-no-053w-m","status":"publish","type":"product","link":"https:\/\/dupescents.co\/fr\/products\/perfume-magic-no-053w-m\/","title":{"rendered":"PERFUME MAGIC No. 053W\/M"},"content":{"rendered":"<p class=\"\" data-start=\"117\" data-end=\"161\"><strong data-start=\"117\" data-end=\"159\">Inspiriert von Tom Ford Vanille Fatale<\/strong><\/p>\n<p class=\"\" data-start=\"163\" data-end=\"299\">\u2714 <strong data-start=\"165\" data-end=\"177\">Dufttyp:<\/strong> Orientalisch, Vanille<br data-start=\"199\" data-end=\"202\" \/>\u2714 <strong data-start=\"204\" data-end=\"216\">F\u00fcr wen:<\/strong> Unisex<br data-start=\"223\" data-end=\"226\" \/>\u2714 <strong data-start=\"228\" data-end=\"239\">Inhalt:<\/strong> 10 ml \/ 30 ml \/ 50 ml \/ 100 ml<br data-start=\"270\" data-end=\"273\" \/>\u2714 <strong data-start=\"275\" data-end=\"292\">Produkt-Code:<\/strong> 053W<\/p>\n<h3 class=\"\" data-start=\"301\" data-end=\"321\"><strong data-start=\"305\" data-end=\"319\">Duftnoten:<\/strong><\/h3>\n<p class=\"\" data-start=\"322\" data-end=\"500\"><strong data-start=\"322\" data-end=\"336\">Kopfnoten:<\/strong> Orange, Limette, Safran, Koriander<br data-start=\"371\" data-end=\"374\" \/><strong data-start=\"374\" data-end=\"388\">Herznoten:<\/strong> Madagaskar-Vanille, Kaffee, Rum, Myrrhe, Rose<br data-start=\"434\" data-end=\"437\" \/><strong data-start=\"437\" data-end=\"452\">Basisnoten:<\/strong> Tabak, Patchouli, Olibanum, Eichenmoos, Amber<\/p>\n<h3 class=\"\" data-start=\"502\" data-end=\"525\"><strong data-start=\"506\" data-end=\"523\">Beschreibung:<\/strong><\/h3>\n<p class=\"\" data-start=\"526\" data-end=\"855\"><strong data-start=\"526\" data-end=\"534\">053W<\/strong> ist ein bet\u00f6render, orientalisch-vanilliger Duft, der Exotik und Raffinesse vereint. Die warme, cremige <strong data-start=\"639\" data-end=\"661\">Madagaskar-Vanille<\/strong> steht im Mittelpunkt, w\u00e4hrend <strong data-start=\"692\" data-end=\"718\">Kaffee, Rum und Myrrhe<\/strong> eine geheimnisvolle Tiefe verleihen. <strong data-start=\"756\" data-end=\"780\">Safran und Koriander<\/strong> sorgen f\u00fcr eine w\u00fcrzige Frische, die den Duft besonders aufregend macht.<\/p>\n<p class=\"\" data-start=\"857\" data-end=\"979\">Dieses Parfum ist perfekt f\u00fcr M\u00e4nner und Frauen, die wissen, was sie wollen \u2013 verf\u00fchrerisch, intensiv und unvergesslich.<\/p>\n<p class=\"\" data-start=\"981\" data-end=\"1165\">\ud83d\udca1 <strong data-start=\"984\" data-end=\"999\">Warum 053W?<\/strong><br data-start=\"999\" data-end=\"1002\" \/>\u2714 Hochwertige Duftkomposition inspiriert von Tom Ford Vanille Fatale<br data-start=\"1070\" data-end=\"1073\" \/>\u2714 Sinnlich, exotisch &amp; langanhaltend<br data-start=\"1109\" data-end=\"1112\" \/>\u2714 Perfekt f\u00fcr alle, die das Au\u00dfergew\u00f6hnliche lieben<\/p>\n<p class=\"\" data-start=\"1167\" data-end=\"1223\">\ud83d\uded2 <strong data-start=\"1170\" data-end=\"1221\">Jetzt bestellen und die Magie von 053W erleben!<\/strong><\/p>\n","protected":false},"excerpt":{"rendered":"<p>Inspiration : Tom Ford Vanille Fatale EDP 100ML<\/p>\n<p class=\"product__text inline-richtext\"><strong>\u2705 Eau de toilette 19-21% Parfum<\/strong><\/p>\n<p class=\"product__text inline-richtext\"><strong>\u2705 Le parfum dure une seconde journ\u00e9e<\/strong><\/p>\n<p class=\"product__text inline-richtext\"><strong>Achetez le parfum, pas la marque - \u00e9conomisez de l&rsquo;argent<\/strong><\/p>\n","protected":false},"featured_media":35289,"comment_status":"open","ping_status":"closed","template":"","meta":{"_acf_changed":false},"product_brand":[],"product_cat":[201],"product_tag":[],"class_list":{"0":"post-25561","1":"product","2":"type-product","3":"status-publish","4":"has-post-thumbnail","6":"product_cat-pour-les-hommes","8":"first","9":"instock","10":"shipping-taxable","11":"purchasable","12":"product-type-variable"},"acf":[],"aioseo_notices":[],"jetpack_sharing_enabled":true,"_links":{"self":[{"href":"https:\/\/dupescents.co\/fr\/wp-json\/wp\/v2\/product\/25561","targetHints":{"allow":["GET"]}}],"collection":[{"href":"https:\/\/dupescents.co\/fr\/wp-json\/wp\/v2\/product"}],"about":[{"href":"https:\/\/dupescents.co\/fr\/wp-json\/wp\/v2\/types\/product"}],"replies":[{"embeddable":true,"href":"https:\/\/dupescents.co\/fr\/wp-json\/wp\/v2\/comments?post=25561"}],"wp:featuredmedia":[{"embeddable":true,"href":"https:\/\/dupescents.co\/fr\/wp-json\/wp\/v2\/media\/35289"}],"wp:attachment":[{"href":"https:\/\/dupescents.co\/fr\/wp-json\/wp\/v2\/media?parent=25561"}],"wp:term":[{"taxonomy":"product_brand","embeddable":true,"href":"https:\/\/dupescents.co\/fr\/wp-json\/wp\/v2\/product_brand?post=25561"},{"taxonomy":"product_cat","embeddable":true,"href":"https:\/\/dupescents.co\/fr\/wp-json\/wp\/v2\/product_cat?post=25561"},{"taxonomy":"product_tag","embeddable":true,"href":"https:\/\/dupescents.co\/fr\/wp-json\/wp\/v2\/product_tag?post=25561"}],"curies":[{"name":"wp","href":"https:\/\/api.w.org\/{rel}","templated":true}]}}