{"id":25551,"date":"2025-03-26T16:57:46","date_gmt":"2025-03-26T15:57:46","guid":{"rendered":"https:\/\/dupescents.co\/products\/sent-comme-bleu\/"},"modified":"2026-02-21T19:47:28","modified_gmt":"2026-02-21T18:47:28","slug":"sent-comme-bleu","status":"publish","type":"product","link":"https:\/\/dupescents.co\/fr\/products\/sent-comme-bleu\/","title":{"rendered":"Sent comme&#8230; Bleu"},"content":{"rendered":"<p>240M - Remplacement pour Chanel Allure Homme<br \/>\nEAU DE PARFUM NR. 240M - REMPLACEMENT POUR CHANEL ALLURE HOMME<\/p>\n<p>PARFUMS DE NOS SUBSTITUTS :<\/p>\n<p>VANILLA<br \/>\nCITRON<br \/>\nBROSCOOTH<br \/>\nTONKA FRUITS<br \/>\nIMBIR<br \/>\nCOOKOS<br \/>\nTORTES<br \/>\nMANDARINE<br \/>\nLAVENDER<br \/>\nSANDALWOOD<br \/>\nBURSHINE<br \/>\nBERGAMOTTE<br \/>\nBENZOES<br \/>\nPEAU<br \/>\nPACULA<br \/>\nC\u00c9DRE<br \/>\nVETIVERIE<br \/>\nPI\u017bMO<br \/>\nROSE<br \/>\nROSE DU BR\u00c9SIL<br \/>\nJASMINE<br \/>\nGARDENIA<br \/>\nMOSSE DE CH\u00caNE<br \/>\nFRA\u00ceCHEUR<br \/>\nANIS<br \/>\nDESCRIPTION DU PARFUM :<\/p>\n<p>Un parfum profond pour tout homme moderne et \u00e9l\u00e9gant. Cette eau de parfum est le pendant de Chanel Allure Homme et sera appr\u00e9ci\u00e9e par les hommes au go\u00fbt raffin\u00e9 qui aiment le luxe. Un parfum masculin s\u00e9duisant aux notes bois\u00e9es \u00e9nergiques, enrichies d&rsquo;accords d&rsquo;\u00e9pices expressifs pour cr\u00e9er une composition globale harmonieuse, parfaite pour le quotidien et les grandes occasions.  <\/p>\n<p>CARACTERISTIQUES DE L&rsquo;EQUIVALENT :<br \/>\nType de parfum : \u00e9pic\u00e9, bois\u00e9<br \/>\nPour qui : masculin<br \/>\nContenu 10 ml \/ 30 ml \/ 50 ml \/ 100 ml<br \/>\nCode produit : 240M<br \/>\nLe prix de ce parfum d\u00e9pend de la capacit\u00e9 indiqu\u00e9e.<br \/>\nMerci de nous faire part de vos commentaires apr\u00e8s l&rsquo;achat !<\/p>\n<p>Voir aussi les autres parfums Chanel et leurs substituts.<\/p>\n","protected":false},"excerpt":{"rendered":"<p class=\"product__text inline-richtext\">Inspiration : Chanel Bleu EDT 50ML<\/p>\n<p class=\"product__text inline-richtext\"><strong>\u2705 Eau de toilette 19-21% Parfum<\/strong><\/p>\n<p class=\"product__text inline-richtext\"><strong>\u2705 Le parfum dure une seconde journ\u00e9e<\/strong><\/p>\n<p class=\"product__text inline-richtext\"><strong>Achetez le parfum, pas la marque - \u00e9conomisez de l&rsquo;argent<\/strong><\/p>\n","protected":false},"featured_media":35795,"comment_status":"open","ping_status":"closed","template":"","meta":{"_acf_changed":false},"product_brand":[],"product_cat":[201],"product_tag":[],"class_list":{"0":"post-25551","1":"product","2":"type-product","3":"status-publish","4":"has-post-thumbnail","6":"product_cat-pour-les-hommes","8":"first","9":"instock","10":"shipping-taxable","11":"purchasable","12":"product-type-variable"},"acf":[],"aioseo_notices":[],"jetpack_sharing_enabled":true,"_links":{"self":[{"href":"https:\/\/dupescents.co\/fr\/wp-json\/wp\/v2\/product\/25551","targetHints":{"allow":["GET"]}}],"collection":[{"href":"https:\/\/dupescents.co\/fr\/wp-json\/wp\/v2\/product"}],"about":[{"href":"https:\/\/dupescents.co\/fr\/wp-json\/wp\/v2\/types\/product"}],"replies":[{"embeddable":true,"href":"https:\/\/dupescents.co\/fr\/wp-json\/wp\/v2\/comments?post=25551"}],"wp:featuredmedia":[{"embeddable":true,"href":"https:\/\/dupescents.co\/fr\/wp-json\/wp\/v2\/media\/35795"}],"wp:attachment":[{"href":"https:\/\/dupescents.co\/fr\/wp-json\/wp\/v2\/media?parent=25551"}],"wp:term":[{"taxonomy":"product_brand","embeddable":true,"href":"https:\/\/dupescents.co\/fr\/wp-json\/wp\/v2\/product_brand?post=25551"},{"taxonomy":"product_cat","embeddable":true,"href":"https:\/\/dupescents.co\/fr\/wp-json\/wp\/v2\/product_cat?post=25551"},{"taxonomy":"product_tag","embeddable":true,"href":"https:\/\/dupescents.co\/fr\/wp-json\/wp\/v2\/product_tag?post=25551"}],"curies":[{"name":"wp","href":"https:\/\/api.w.org\/{rel}","templated":true}]}}