{"id":25544,"date":"2025-03-26T17:06:57","date_gmt":"2025-03-26T16:06:57","guid":{"rendered":"https:\/\/dupescents.co\/products\/sent-comme-terre\/"},"modified":"2025-11-05T19:20:21","modified_gmt":"2025-11-05T18:20:21","slug":"sent-comme-terre","status":"publish","type":"product","link":"https:\/\/dupescents.co\/fr\/products\/sent-comme-terre\/","title":{"rendered":"Sent comme&#8230; Terre"},"content":{"rendered":"<p>227M - Hermes Terre D&rsquo;Hermes Ersatz<br \/>\nEAU DE PARFUM NR. 227M - ERSATZ F\u00dcR HERMES TERRE D&rsquo;HERMES<\/p>\n<p>DUFTNOTEN UNSERES ERSATZES:<\/p>\n<p>ORANGE<br \/>\nHOLZIGE NOTEN<br \/>\nGRAUFRUCHT<br \/>\nEICHENMOSCH<br \/>\nBENZOES<br \/>\nFEINSTSTOFF<br \/>\nDUFTBESCHREIBUNG:<\/p>\n<p>Unwiderstehlicher Charme und immense Ausstrahlung in einem Parf\u00fcmflakon verpackt. Unser Pendant zum Hermes Terre D&rsquo;Hermes ist ein verf\u00fchrerisches Eau de Parfum f\u00fcr M\u00e4nner, die starken Emotionen und einem aufregenden Leben folgen. Die Kombination aus saftiger Orange und sinnlichen Holznoten macht dieses Parf\u00fcm sowohl f\u00fcr den Alltag als auch f\u00fcr besondere Anl\u00e4sse geeignet.<\/p>\n<p>MERKMALE DES PARFUMS HERMES TERRE D&rsquo;HERMES EQUIVALENT:<br \/>\nDufttyp: w\u00fcrzig, holzig<br \/>\nF\u00fcr wen: m\u00e4nnlich<br \/>\nVolumen: 10 ml \/ 30 ml \/ 50 ml \/ 100 ml<br \/>\nProdukt-Code: 227M<br \/>\nDer Preis f\u00fcr dieses Parf\u00fcm h\u00e4ngt von der angegebenen Menge ab.<br \/>\nBitte geben Sie uns nach dem Kauf Ihr Feedback!<\/p>\n<p>Hermes Terre D&rsquo;Hermes Gegenst\u00fcck von Fragrance Factory<br \/>\nDas Gegenst\u00fcck zu Hermes Terre D&rsquo;Hermes ist eine holzige Komposition, kombiniert mit der S\u00fc\u00dfe und Frische der Orange. Ein Parf\u00fcm f\u00fcr M\u00e4nner, die sich nicht scheuen, ihre sensible Seite zu zeigen! Der Duft verf\u00fchrt und erfreut! Unser Gegenst\u00fcck, das von dem Originalduft inspiriert wurde, ist dem Original sehr \u00e4hnlich!<\/p>\n<p>Sehen Sie auch andere Hermes-Parf\u00fcms und ihre Substitute.<\/p>\n","protected":false},"excerpt":{"rendered":"<p class=\"product__text inline-richtext\">Inspiration : Hermes Terre D&rsquo;Hermes EDP 75ML<\/p>\n<p class=\"product__text inline-richtext\"><strong>\u2705 Eau de toilette 19-21% Parfum<\/strong><\/p>\n<p class=\"product__text inline-richtext\"><strong>\u2705 Le parfum dure une seconde journ\u00e9e<\/strong><\/p>\n<p class=\"product__text inline-richtext\"><strong>Achetez le parfum, pas la marque - \u00e9conomisez de l&rsquo;argent<\/strong><\/p>\n","protected":false},"featured_media":36397,"comment_status":"open","ping_status":"closed","template":"","meta":{"_acf_changed":false},"product_brand":[],"product_cat":[201],"product_tag":[],"class_list":{"0":"post-25544","1":"product","2":"type-product","3":"status-publish","4":"has-post-thumbnail","6":"product_cat-pour-les-hommes","8":"first","9":"instock","10":"shipping-taxable","11":"purchasable","12":"product-type-variable"},"acf":[],"aioseo_notices":[],"jetpack_sharing_enabled":true,"_links":{"self":[{"href":"https:\/\/dupescents.co\/fr\/wp-json\/wp\/v2\/product\/25544","targetHints":{"allow":["GET"]}}],"collection":[{"href":"https:\/\/dupescents.co\/fr\/wp-json\/wp\/v2\/product"}],"about":[{"href":"https:\/\/dupescents.co\/fr\/wp-json\/wp\/v2\/types\/product"}],"replies":[{"embeddable":true,"href":"https:\/\/dupescents.co\/fr\/wp-json\/wp\/v2\/comments?post=25544"}],"wp:featuredmedia":[{"embeddable":true,"href":"https:\/\/dupescents.co\/fr\/wp-json\/wp\/v2\/media\/36397"}],"wp:attachment":[{"href":"https:\/\/dupescents.co\/fr\/wp-json\/wp\/v2\/media?parent=25544"}],"wp:term":[{"taxonomy":"product_brand","embeddable":true,"href":"https:\/\/dupescents.co\/fr\/wp-json\/wp\/v2\/product_brand?post=25544"},{"taxonomy":"product_cat","embeddable":true,"href":"https:\/\/dupescents.co\/fr\/wp-json\/wp\/v2\/product_cat?post=25544"},{"taxonomy":"product_tag","embeddable":true,"href":"https:\/\/dupescents.co\/fr\/wp-json\/wp\/v2\/product_tag?post=25544"}],"curies":[{"name":"wp","href":"https:\/\/api.w.org\/{rel}","templated":true}]}}