{"id":25526,"date":"2025-03-26T17:09:02","date_gmt":"2025-03-26T16:09:02","guid":{"rendered":"https:\/\/dupescents.co\/products\/ca-sent-comme-uomo-ne-a-rome\/"},"modified":"2026-02-21T20:09:03","modified_gmt":"2026-02-21T19:09:03","slug":"ca-sent-comme-uomo-ne-a-rome","status":"publish","type":"product","link":"https:\/\/dupescents.co\/fr\/products\/ca-sent-comme-uomo-ne-a-rome\/","title":{"rendered":"\u00c7a sent comme&#8230; Uomo N\u00e9 \u00e0 Rome"},"content":{"rendered":"<p>360M - \u00c9quivalent de Valentino Uomo Born in Roma<br \/>\n360M EAU DE PARFUM - \u00c9QUIVALENT DE VALENTINO UOMO BORN IN ROMA<\/p>\n<p>PARFUMS DE NOS SUBSTITUTS :<\/p>\n<p>HS EAU MIN\u00c9RALE<br \/>\nFEUILLE DE VIOLETTE<br \/>\nSODIUM<br \/>\nIMBIR<br \/>\nSAGE<br \/>\nNOTES BOIS\u00c9ES<br \/>\nV\u00c9TIVER<br \/>\nDESCRIPTION DE LA FRAGRANCE :<\/p>\n<p>Bien que vous ayez du sang polonais dans les veines, vous vous sentez au fond de vous&#8230; italien ? Vous avez un temp\u00e9rament de feu et l&rsquo;Italie est votre seconde patrie ? Ce parfum met en valeur votre personnalit\u00e9 et vous donne de l&rsquo;\u00e9l\u00e9gance. Essayez le Valentino Uomo Born In Roma Ersatz. Dans le m\u00e9lange, vous percevrez des notes de violette, de sodium, de gingembre, de sauge et des notes bois\u00e9es.    <\/p>\n<p>D\u00e9couvrez les autres parfums Valentino.<\/p>\n<p>CARACTERISTIQUES DE VALENTINO UOMO BORN IN ROMA PARFUM DE RECHANGE :<br \/>\nType de parfum : bois\u00e9, \u00e9pic\u00e9.<br \/>\nPour qui : homme<br \/>\nVolume : 10 ml \/ 30 ml \/ 50 ml \/ 100 ml<br \/>\nCode produit : 360M<br \/>\nLe prix de ce parfum d\u00e9pend de la quantit\u00e9 indiqu\u00e9e.<br \/>\nVeuillez nous donner votre avis apr\u00e8s l&rsquo;achat !<\/p>\n","protected":false},"excerpt":{"rendered":"<p>Inspiration : Valentino Uomo Born in Roma EDT 50ML<\/p>\n<p class=\"product__text inline-richtext\"><strong>\u2705 Eau de toilette 19-21% Parfum<\/strong><\/p>\n<p class=\"product__text inline-richtext\"><strong>\u2705 Le parfum dure une seconde journ\u00e9e<\/strong><\/p>\n<p class=\"product__text inline-richtext\"><strong>Achetez le parfum, pas la marque - \u00e9conomisez de l&rsquo;argent<\/strong><\/p>\n","protected":false},"featured_media":35824,"comment_status":"open","ping_status":"closed","template":"","meta":{"_acf_changed":false},"product_brand":[],"product_cat":[201],"product_tag":[],"class_list":{"0":"post-25526","1":"product","2":"type-product","3":"status-publish","4":"has-post-thumbnail","6":"product_cat-pour-les-hommes","8":"first","9":"instock","10":"shipping-taxable","11":"purchasable","12":"product-type-variable"},"acf":[],"aioseo_notices":[],"jetpack_sharing_enabled":true,"_links":{"self":[{"href":"https:\/\/dupescents.co\/fr\/wp-json\/wp\/v2\/product\/25526","targetHints":{"allow":["GET"]}}],"collection":[{"href":"https:\/\/dupescents.co\/fr\/wp-json\/wp\/v2\/product"}],"about":[{"href":"https:\/\/dupescents.co\/fr\/wp-json\/wp\/v2\/types\/product"}],"replies":[{"embeddable":true,"href":"https:\/\/dupescents.co\/fr\/wp-json\/wp\/v2\/comments?post=25526"}],"wp:featuredmedia":[{"embeddable":true,"href":"https:\/\/dupescents.co\/fr\/wp-json\/wp\/v2\/media\/35824"}],"wp:attachment":[{"href":"https:\/\/dupescents.co\/fr\/wp-json\/wp\/v2\/media?parent=25526"}],"wp:term":[{"taxonomy":"product_brand","embeddable":true,"href":"https:\/\/dupescents.co\/fr\/wp-json\/wp\/v2\/product_brand?post=25526"},{"taxonomy":"product_cat","embeddable":true,"href":"https:\/\/dupescents.co\/fr\/wp-json\/wp\/v2\/product_cat?post=25526"},{"taxonomy":"product_tag","embeddable":true,"href":"https:\/\/dupescents.co\/fr\/wp-json\/wp\/v2\/product_tag?post=25526"}],"curies":[{"name":"wp","href":"https:\/\/api.w.org\/{rel}","templated":true}]}}