{"id":25511,"date":"2025-03-26T17:05:14","date_gmt":"2025-03-26T16:05:14","guid":{"rendered":"https:\/\/dupescents.co\/products\/sent-comme-acqua-di-gio\/"},"modified":"2026-02-21T19:42:28","modified_gmt":"2026-02-21T18:42:28","slug":"sent-comme-acqua-di-gio","status":"publish","type":"product","link":"https:\/\/dupescents.co\/fr\/products\/sent-comme-acqua-di-gio\/","title":{"rendered":"Sent comme&#8230; Acqua Di Gio"},"content":{"rendered":"<p>221M - Remplacement pour Giorgio Armani Acqua Di Gio<br \/>\nGIORGIO ARMANI ACQUA DI GIO REMPLACEMENT EAU DE PARFUM NR. 221M<\/p>\n<p>PARFUMS DE NOS SUBSTITUTS :<\/p>\n<p>NOTES MARINES<br \/>\nLIMA<br \/>\nCITRON<br \/>\nBERGAMOT<br \/>\nJASMINE<br \/>\nORANGE<br \/>\nMANDARINE<br \/>\nPIZMUS BLANC<br \/>\nC\u00c9DRE<br \/>\nCALONE<br \/>\nBROSCOSE<br \/>\nFRA\u00ceCHEUR<br \/>\nMOSSE DE CH\u00caNE<br \/>\nNEROLI<br \/>\nCYCLAMEN<br \/>\nHIACINT<br \/>\nVIOLET<br \/>\nNUTMEG<br \/>\nROZMARIN<br \/>\nCOLLENDRA<br \/>\nPACULA<br \/>\nROSE<br \/>\nBURSHINE<br \/>\nRESEDA<br \/>\nDESCRIPTION DU PARFUM :<\/p>\n<p>Une profusion d&rsquo;ar\u00f4mes qui forment un ensemble harmonieux. Notre Eau de Parfum n\u00b0 221M est le pendant de la fragrance Giorgio Armani Acqua di Gio pour homme, avec une tr\u00e8s grande long\u00e9vit\u00e9. Les notes rafra\u00eechissantes et sensuelles d&rsquo;agrumes sentent un sentiment de libert\u00e9 et d&rsquo;ind\u00e9pendance. Gr\u00e2ce \u00e0 sa l\u00e9g\u00e8ret\u00e9 \u00e9clatante, le parfum frais pour homme Acqua di Gio est parfait \u00e0 porter pendant la chaleur du printemps et de l&rsquo;\u00e9t\u00e9.   <\/p>\n<p>CARACTERISTIQUES DU PARFUM ACQUA DI GIO :<br \/>\nType de parfum : Agrumes<br \/>\nPour qui : homme<br \/>\nContenu 10 ml \/ 30 ml \/ 50 ml \/ 100 ml<br \/>\nCode produit : 221M<br \/>\nLe prix de ce parfum d\u00e9pend de la quantit\u00e9 indiqu\u00e9e.<br \/>\nMerci de nous donner votre avis apr\u00e8s l&rsquo;achat !<\/p>\n<p>Voir aussi les autres parfums Giorgio Armani et les parfums fran\u00e7ais de Fragrance Factory.<\/p>\n<p>Parfums similaires \u00e0 Acqua di Gio<br \/>\nL&rsquo;\u00e9quivalent du parfum Acqua di Gio de Fragrance Factory est parfaitement fid\u00e8le \u00e0 la fragrance originale ! Vous n&rsquo;avez pas besoin de d\u00e9penser une fortune pour savoir si ce parfum est fait pour vous ! Commandez et testez l&rsquo;\u00e9quivalent d&rsquo;Acqua di Gio !  <\/p>\n","protected":false},"excerpt":{"rendered":"<p class=\"product__text inline-richtext\">Inspiration : Giorgio Armani Acqua Di Gio EDT 50ML<\/p>\n<p class=\"product__text inline-richtext\"><strong>\u2705 Eau de toilette 19-21% Parfum<\/strong><\/p>\n<p class=\"product__text inline-richtext\"><strong>\u2705 Le parfum dure une seconde journ\u00e9e<\/strong><\/p>\n<p class=\"product__text inline-richtext\"><strong>Achetez le parfum, pas la marque - \u00e9conomisez de l&rsquo;argent<\/strong><\/p>\n","protected":false},"featured_media":35789,"comment_status":"open","ping_status":"closed","template":"","meta":{"_acf_changed":false},"product_brand":[],"product_cat":[201],"product_tag":[],"class_list":{"0":"post-25511","1":"product","2":"type-product","3":"status-publish","4":"has-post-thumbnail","6":"product_cat-pour-les-hommes","8":"first","9":"instock","10":"shipping-taxable","11":"purchasable","12":"product-type-variable"},"acf":[],"aioseo_notices":[],"jetpack_sharing_enabled":true,"_links":{"self":[{"href":"https:\/\/dupescents.co\/fr\/wp-json\/wp\/v2\/product\/25511","targetHints":{"allow":["GET"]}}],"collection":[{"href":"https:\/\/dupescents.co\/fr\/wp-json\/wp\/v2\/product"}],"about":[{"href":"https:\/\/dupescents.co\/fr\/wp-json\/wp\/v2\/types\/product"}],"replies":[{"embeddable":true,"href":"https:\/\/dupescents.co\/fr\/wp-json\/wp\/v2\/comments?post=25511"}],"wp:featuredmedia":[{"embeddable":true,"href":"https:\/\/dupescents.co\/fr\/wp-json\/wp\/v2\/media\/35789"}],"wp:attachment":[{"href":"https:\/\/dupescents.co\/fr\/wp-json\/wp\/v2\/media?parent=25511"}],"wp:term":[{"taxonomy":"product_brand","embeddable":true,"href":"https:\/\/dupescents.co\/fr\/wp-json\/wp\/v2\/product_brand?post=25511"},{"taxonomy":"product_cat","embeddable":true,"href":"https:\/\/dupescents.co\/fr\/wp-json\/wp\/v2\/product_cat?post=25511"},{"taxonomy":"product_tag","embeddable":true,"href":"https:\/\/dupescents.co\/fr\/wp-json\/wp\/v2\/product_tag?post=25511"}],"curies":[{"name":"wp","href":"https:\/\/api.w.org\/{rel}","templated":true}]}}