{"id":25501,"date":"2025-03-26T17:17:31","date_gmt":"2025-03-26T16:17:31","guid":{"rendered":"https:\/\/dupescents.co\/products\/sent-comme-homme-intense\/"},"modified":"2025-11-05T19:20:15","modified_gmt":"2025-11-05T18:20:15","slug":"sent-comme-homme-intense","status":"publish","type":"product","link":"https:\/\/dupescents.co\/fr\/products\/sent-comme-homme-intense\/","title":{"rendered":"Sent comme&#8230; Homme Intense"},"content":{"rendered":"<p>277M - Ein \u00e4hnlicher Duft wie Dior Homme Intense<\/p>\n<p>DUFTNOTEN UNSERES ERSATZES:<\/p>\n<p>IRYS<br \/>\nAMBRETTE<br \/>\nLAWENDA<br \/>\nSAGE<br \/>\nVIRGINISCHE ZEDER<br \/>\nVETERIN\u00c4R<br \/>\nDUFTBESCHREIBUNG:<\/p>\n<p>Ein intensiver Duftcocktail, der die Sinne anregt und verw\u00f6hnt. Unser Eau de Parfum No. 277M unterstreicht die Pers\u00f6nlichkeit des selbstbewussten, modernen Amateurs. Kein Wunder, dass dieses sinnliche, blumige und holzige Parf\u00fcm f\u00fcr M\u00e4nner ideal f\u00fcr k\u00fchlere Tage und hei\u00dfe Abende ist.<\/p>\n<p>277M EIGENSCHAFTEN:<br \/>\nDufttyp: blumig, holzig<br \/>\nF\u00fcr wen: f\u00fcr M\u00e4nner<br \/>\nInhalt: 10 ml \/ 30 ml \/ 50 ml \/ 100 ml<br \/>\nProdukt-Code: 277M<br \/>\nDer Preis f\u00fcr dieses Parf\u00fcm h\u00e4ngt von der angegebenen Menge ab.<br \/>\nBitte hinterlassen Sie eine Bewertung nach dem Kauf!<\/p>\n<p>Wonach riecht 277M?<br \/>\nEs handelt sich um ein Parf\u00fcm f\u00fcr M\u00e4nner, das als holzig, aber auch blumig gilt. Zu den Duftnoten geh\u00f6ren Lavendel, Zedernholz und Iris, und das Ganze ergibt einen sehr warmen und sch\u00f6nen Duft.<\/p>\n<p>Ist 277M einen Kauf wert?<br \/>\nJa, es ist eine sehr interessante Kombination verschiedener Akkorde, die eine interessante und auff\u00e4llige Komposition ergibt. Das Ganze ist definitiv zeitlos und erzeugt einen intensiven Duft, den man unbedingt ausprobieren sollte.<\/p>\n","protected":false},"excerpt":{"rendered":"<p class=\"product__text inline-richtext\">Inspiration : Dior Homme Intense EDP 50ML<\/p>\n<p class=\"product__text inline-richtext\"><strong>\u2705 Eau de toilette 19-21% Parfum<\/strong><\/p>\n<p class=\"product__text inline-richtext\"><strong>\u2705 Le parfum dure une seconde journ\u00e9e<\/strong><\/p>\n<p class=\"product__text inline-richtext\"><strong>Achetez le parfum, pas la marque - \u00e9conomisez de l&rsquo;argent<\/strong><\/p>\n","protected":false},"featured_media":36387,"comment_status":"open","ping_status":"closed","template":"","meta":{"_acf_changed":false},"product_brand":[],"product_cat":[201],"product_tag":[],"class_list":{"0":"post-25501","1":"product","2":"type-product","3":"status-publish","4":"has-post-thumbnail","6":"product_cat-pour-les-hommes","8":"first","9":"instock","10":"shipping-taxable","11":"purchasable","12":"product-type-variable"},"acf":[],"aioseo_notices":[],"jetpack_sharing_enabled":true,"_links":{"self":[{"href":"https:\/\/dupescents.co\/fr\/wp-json\/wp\/v2\/product\/25501","targetHints":{"allow":["GET"]}}],"collection":[{"href":"https:\/\/dupescents.co\/fr\/wp-json\/wp\/v2\/product"}],"about":[{"href":"https:\/\/dupescents.co\/fr\/wp-json\/wp\/v2\/types\/product"}],"replies":[{"embeddable":true,"href":"https:\/\/dupescents.co\/fr\/wp-json\/wp\/v2\/comments?post=25501"}],"wp:featuredmedia":[{"embeddable":true,"href":"https:\/\/dupescents.co\/fr\/wp-json\/wp\/v2\/media\/36387"}],"wp:attachment":[{"href":"https:\/\/dupescents.co\/fr\/wp-json\/wp\/v2\/media?parent=25501"}],"wp:term":[{"taxonomy":"product_brand","embeddable":true,"href":"https:\/\/dupescents.co\/fr\/wp-json\/wp\/v2\/product_brand?post=25501"},{"taxonomy":"product_cat","embeddable":true,"href":"https:\/\/dupescents.co\/fr\/wp-json\/wp\/v2\/product_cat?post=25501"},{"taxonomy":"product_tag","embeddable":true,"href":"https:\/\/dupescents.co\/fr\/wp-json\/wp\/v2\/product_tag?post=25501"}],"curies":[{"name":"wp","href":"https:\/\/api.w.org\/{rel}","templated":true}]}}