{"id":25491,"date":"2025-03-26T17:12:07","date_gmt":"2025-03-26T16:12:07","guid":{"rendered":"https:\/\/dupescents.co\/products\/ca-sent-comme-man-in-black\/"},"modified":"2025-11-05T19:20:18","modified_gmt":"2025-11-05T18:20:18","slug":"ca-sent-comme-man-in-black","status":"publish","type":"product","link":"https:\/\/dupescents.co\/fr\/products\/ca-sent-comme-man-in-black\/","title":{"rendered":"\u00c7a sent comme&#8230; Man In Black"},"content":{"rendered":"<p>218M - Ersatz f\u00fcr Bvlgari Man in Black<br \/>\n218M EAU DE PARFUM - ERSATZ F\u00dcR BVLGARI MAN IN BLACK<\/p>\n<p>DUFTNOTEN UNSERES ERSATZES:<\/p>\n<p>GEW\u00dcRZ<br \/>\nRUM<br \/>\nLEATHER<br \/>\nTONKA BASOL<br \/>\nTABAK<br \/>\nGUAIAC-HOLZ<br \/>\nBENZOES<br \/>\nIRYS<br \/>\nTUBEROSE<br \/>\nDUFTBESCHREIBUNG:<\/p>\n<p>Ein ausgefallener, kontrastreicher Vorschlag f\u00fcr geheimnisvolle M\u00e4nner, die es lieben, zu verf\u00fchren. Das Gegenst\u00fcck zu Bvlgari Man in Black ist ein Eau de Parfum, das vor Eleganz und gutem Geschmack trieft. Mit einer F\u00fclle von Gew\u00fcrzen und holzigen Noten ist es perfekt f\u00fcr k\u00fchlere Tage und sinnliche Abende.<\/p>\n<p>EIGENSCHAFTEN DES PARFUMS MAN IN BLACK EQUIVALENT:<br \/>\nDufttyp: orientalisch, blumig<br \/>\nF\u00fcr wen: m\u00e4nnlich<br \/>\nInhalt: 10 ml \/ 30 ml \/ 50 ml \/ 100 ml<br \/>\nProdukt-Code: 218M<br \/>\nDer Preis f\u00fcr dieses Parf\u00fcm h\u00e4ngt von der angegebenen Menge ab.<br \/>\nBitte geben Sie uns Ihr Feedback nach dem Kauf!<\/p>\n<p>Sehen Sie auch andere Bvlgari Parfums und ihre Ersatzprodukte.<\/p>\n<p>Wie riecht das \u00c4quivalent des Parfums Bvlgari Man In Black?<br \/>\nDies ist ein sehr interessanter und \u00fcberraschender maskuliner Duft, der als blumig, aber auch orientalisch eingestuft wird. Sie k\u00f6nnen unter anderem Duftnoten von Iris, Guavenholz, Tuberose und Gew\u00fcrzen wahrnehmen. Der Gesamtduft ist genau das Richtige f\u00fcr M\u00e4nner, die ihre Ausstrahlung unterstreichen wollen. Er eignet sich vor allem f\u00fcr den Abend.<\/p>\n","protected":false},"excerpt":{"rendered":"<p>Inspiration : Bvlgari Man in Black EDP 100ML<\/p>\n<p class=\"product__text inline-richtext\"><strong>\u2705 Eau de toilette 19-21% Parfum<\/strong><\/p>\n<p class=\"product__text inline-richtext\"><strong>\u2705 Le parfum dure une seconde journ\u00e9e<\/strong><\/p>\n<p class=\"product__text inline-richtext\"><strong>Achetez le parfum, pas la marque - \u00e9conomisez de l&rsquo;argent<\/strong><\/p>\n","protected":false},"featured_media":36394,"comment_status":"open","ping_status":"closed","template":"","meta":{"_acf_changed":false},"product_brand":[],"product_cat":[201],"product_tag":[],"class_list":{"0":"post-25491","1":"product","2":"type-product","3":"status-publish","4":"has-post-thumbnail","6":"product_cat-pour-les-hommes","8":"first","9":"instock","10":"shipping-taxable","11":"purchasable","12":"product-type-variable"},"acf":[],"aioseo_notices":[],"jetpack_sharing_enabled":true,"_links":{"self":[{"href":"https:\/\/dupescents.co\/fr\/wp-json\/wp\/v2\/product\/25491","targetHints":{"allow":["GET"]}}],"collection":[{"href":"https:\/\/dupescents.co\/fr\/wp-json\/wp\/v2\/product"}],"about":[{"href":"https:\/\/dupescents.co\/fr\/wp-json\/wp\/v2\/types\/product"}],"replies":[{"embeddable":true,"href":"https:\/\/dupescents.co\/fr\/wp-json\/wp\/v2\/comments?post=25491"}],"wp:featuredmedia":[{"embeddable":true,"href":"https:\/\/dupescents.co\/fr\/wp-json\/wp\/v2\/media\/36394"}],"wp:attachment":[{"href":"https:\/\/dupescents.co\/fr\/wp-json\/wp\/v2\/media?parent=25491"}],"wp:term":[{"taxonomy":"product_brand","embeddable":true,"href":"https:\/\/dupescents.co\/fr\/wp-json\/wp\/v2\/product_brand?post=25491"},{"taxonomy":"product_cat","embeddable":true,"href":"https:\/\/dupescents.co\/fr\/wp-json\/wp\/v2\/product_cat?post=25491"},{"taxonomy":"product_tag","embeddable":true,"href":"https:\/\/dupescents.co\/fr\/wp-json\/wp\/v2\/product_tag?post=25491"}],"curies":[{"name":"wp","href":"https:\/\/api.w.org\/{rel}","templated":true}]}}