{"id":25481,"date":"2025-03-26T17:14:15","date_gmt":"2025-03-26T16:14:15","guid":{"rendered":"https:\/\/dupescents.co\/products\/sent-comme-ultra-homme\/"},"modified":"2026-02-21T20:03:08","modified_gmt":"2026-02-21T19:03:08","slug":"sent-comme-ultra-homme","status":"publish","type":"product","link":"https:\/\/dupescents.co\/fr\/products\/sent-comme-ultra-homme\/","title":{"rendered":"Sent comme&#8230; Ultra Homme"},"content":{"rendered":"<p>349M - Jean Paul Gaultier Ultra Male remplacement<br \/>\nEAU DE PARFUM NR. 349M - REMPLACEMENT JEAN PAUL GAULTIER ULTRA MALE<\/p>\n<p>PARFUMS DE NOS SUBSTITUTS :<\/p>\n<p>GRUSH<br \/>\nLAVANDE<br \/>\nPI\u00c8CE DE MONNAIE<br \/>\nBERGAMOTE<br \/>\nLTRY<br \/>\nZINNAMON<br \/>\nPETIT SAGE<br \/>\nKMINE<br \/>\nCOCKTAIL D&rsquo;\u00c9CORCES DE VANILLE NOIRE<br \/>\nBURSHINE<br \/>\nPACULA<br \/>\nC\u00c8DRE<br \/>\nDESCRIPTION DE LA FRAGRANCE :<\/p>\n<p>Le pendant d&rsquo;Ultra Male est un parfum masculin et s\u00e9duisant au caract\u00e8re oriental avec une touche de douceur. \u00c0 l&rsquo;int\u00e9rieur du flacon se cachent de la poire, de la lavande apaisante, de la menthe et du citron rafra\u00eechissants, de la cannelle, de la sauge, du cumin, du patchouli et du bois de c\u00e8dre \u00e0 l&rsquo;ar\u00f4me profond et chaud. En raison de ses propri\u00e9t\u00e9s r\u00e9chauffantes, il est parfait pour les mois les plus froids. Testez-le sur vous-m\u00eame et faites-vous des compliments !   <\/p>\n<p>CARACTERISTIQUES DE L&rsquo;EQUIVALENT D&rsquo;UN PARFUM ULTRA-MASCULIN :<br \/>\nType de parfum : oriental, foug\u00e8re<br \/>\nPour qui : masculin<br \/>\nVolume : 10 ml \/ 30 ml \/ 50 ml \/ 100 ml<br \/>\nCode produit : 349M<br \/>\nLe prix de ce parfum d\u00e9pend de la quantit\u00e9 indiqu\u00e9e.<br \/>\nMerci de nous donner votre avis apr\u00e8s l&rsquo;achat !<\/p>\n<p>D\u00e9couvrez les autres parfums de Jean Paul Gaultier.<\/p>\n","protected":false},"excerpt":{"rendered":"<p>Inspiration : Jean Paul Gaultier Ultra Male EDT 75ML<\/p>\n<p class=\"product__text inline-richtext\"><strong>\u2705 Eau de toilette 19-21% Parfum<\/strong><\/p>\n<p class=\"product__text inline-richtext\"><strong>\u2705 Le parfum dure une seconde journ\u00e9e<\/strong><\/p>\n<p class=\"product__text inline-richtext\"><strong>Achetez le parfum, pas la marque - \u00e9conomisez de l&rsquo;argent<\/strong><\/p>\n","protected":false},"featured_media":35817,"comment_status":"open","ping_status":"closed","template":"","meta":{"_acf_changed":false},"product_brand":[],"product_cat":[201],"product_tag":[],"class_list":{"0":"post-25481","1":"product","2":"type-product","3":"status-publish","4":"has-post-thumbnail","6":"product_cat-pour-les-hommes","8":"first","9":"instock","10":"shipping-taxable","11":"purchasable","12":"product-type-variable"},"acf":[],"aioseo_notices":[],"jetpack_sharing_enabled":true,"_links":{"self":[{"href":"https:\/\/dupescents.co\/fr\/wp-json\/wp\/v2\/product\/25481","targetHints":{"allow":["GET"]}}],"collection":[{"href":"https:\/\/dupescents.co\/fr\/wp-json\/wp\/v2\/product"}],"about":[{"href":"https:\/\/dupescents.co\/fr\/wp-json\/wp\/v2\/types\/product"}],"replies":[{"embeddable":true,"href":"https:\/\/dupescents.co\/fr\/wp-json\/wp\/v2\/comments?post=25481"}],"wp:featuredmedia":[{"embeddable":true,"href":"https:\/\/dupescents.co\/fr\/wp-json\/wp\/v2\/media\/35817"}],"wp:attachment":[{"href":"https:\/\/dupescents.co\/fr\/wp-json\/wp\/v2\/media?parent=25481"}],"wp:term":[{"taxonomy":"product_brand","embeddable":true,"href":"https:\/\/dupescents.co\/fr\/wp-json\/wp\/v2\/product_brand?post=25481"},{"taxonomy":"product_cat","embeddable":true,"href":"https:\/\/dupescents.co\/fr\/wp-json\/wp\/v2\/product_cat?post=25481"},{"taxonomy":"product_tag","embeddable":true,"href":"https:\/\/dupescents.co\/fr\/wp-json\/wp\/v2\/product_tag?post=25481"}],"curies":[{"name":"wp","href":"https:\/\/api.w.org\/{rel}","templated":true}]}}