{"id":25471,"date":"2025-03-26T17:22:10","date_gmt":"2025-03-26T16:22:10","guid":{"rendered":"https:\/\/dupescents.co\/products\/sent-comme-joop-homme\/"},"modified":"2025-11-05T19:20:13","modified_gmt":"2025-11-05T18:20:13","slug":"sent-comme-joop-homme","status":"publish","type":"product","link":"https:\/\/dupescents.co\/fr\/products\/sent-comme-joop-homme\/","title":{"rendered":"Sent comme&#8230; Joop Homme"},"content":{"rendered":"<p>211M - \u00c4quivalent zu Joop Homme<br \/>\nEAU DE PARFUM NO 211M - \u00c4QUIVALENT ZU JOOP HOMME<\/p>\n<p>DUFTNOTEN UNSERES ERSATZES:<\/p>\n<p>ZYNAMON<br \/>\nVANILLE<br \/>\nHELIOTROP<br \/>\nTONKA FR\u00dcCHTE<br \/>\nJASMINE<br \/>\nORANGENBLUME<br \/>\nSANDALWOOD<br \/>\nPACULA<br \/>\nKARDAMON<br \/>\nMANDARINE<br \/>\nKONWALIA<br \/>\nBERGAMOTTE<br \/>\nAMALPHIA-ZITRONE<br \/>\nDUFTBESCHREIBUNG:<\/p>\n<p>Ein k\u00fchner Duft voller Kontraste f\u00fcr charismatische M\u00e4nner. Unser Pendant zu Joop Homme ist ein lang anhaltendes Eau de Parfum, das durch seine orientalische Dimension begeistert. Die unverwechselbare Kombination von aromatischen Gew\u00fcrzen mit frischen, fruchtigen und blumigen Noten fasziniert und begeistert und l\u00e4sst Sie nicht gleichg\u00fcltig vorbeigehen.<\/p>\n<p>EIGENSCHAFTEN DES JOOP HOMME-\u00c4QUIVALENTS:<br \/>\nDufttyp: orientalisch<br \/>\nF\u00fcr wen: m\u00e4nnlich<br \/>\nInhalt 10 ml \/ 30 ml \/ 50 ml \/ 100 ml<br \/>\nProdukt-Code: 211M<br \/>\nDer Preis f\u00fcr dieses Parf\u00fcm h\u00e4ngt von der angegebenen Menge ab.<br \/>\nBitte geben Sie uns nach dem Kauf Ihr Feedback!<\/p>\n<p>Siehe auch andere Joop-Parf\u00fcms und ihre Ersatzprodukte.<\/p>\n<p>Wie riecht das entsprechende Parf\u00fcm Joop Homme?<br \/>\nEs ist ein sehr origineller maskuliner Duft, der in seiner Zusammensetzung an etwas Ungew\u00f6hnliches und Faszinierendes erinnert. Obwohl die Komposition als orientalisch eingestuft wird, handelt es sich um einen nicht offensichtlichen Duft, der unter anderem Duftnoten von Orangenbl\u00fcte, Jasmin, Zimt, Vanille oder Bergamotte kombiniert. So enth\u00e4lt er Akkorde von Zitrusfr\u00fcchten und Gew\u00fcrzen, aber auch holzige Noten (z. B. Sandelholz). Die Gesamtwirkung ist sehr subtil.<\/p>\n","protected":false},"excerpt":{"rendered":"<p>Inspiration : Joop Homme EDT 75 ML<\/p>\n<p class=\"product__text inline-richtext\"><strong>\u2705 Eau de toilette 19-21% Parfum<\/strong><\/p>\n<p class=\"product__text inline-richtext\"><strong>\u2705 Le parfum dure une seconde journ\u00e9e<\/strong><\/p>\n<p class=\"product__text inline-richtext\"><strong>Achetez le parfum, pas la marque - \u00e9conomisez de l&rsquo;argent<\/strong><\/p>\n","protected":false},"featured_media":36385,"comment_status":"open","ping_status":"closed","template":"","meta":{"_acf_changed":false},"product_brand":[],"product_cat":[201],"product_tag":[],"class_list":{"0":"post-25471","1":"product","2":"type-product","3":"status-publish","4":"has-post-thumbnail","6":"product_cat-pour-les-hommes","8":"first","9":"instock","10":"shipping-taxable","11":"purchasable","12":"product-type-variable"},"acf":[],"aioseo_notices":[],"jetpack_sharing_enabled":true,"_links":{"self":[{"href":"https:\/\/dupescents.co\/fr\/wp-json\/wp\/v2\/product\/25471","targetHints":{"allow":["GET"]}}],"collection":[{"href":"https:\/\/dupescents.co\/fr\/wp-json\/wp\/v2\/product"}],"about":[{"href":"https:\/\/dupescents.co\/fr\/wp-json\/wp\/v2\/types\/product"}],"replies":[{"embeddable":true,"href":"https:\/\/dupescents.co\/fr\/wp-json\/wp\/v2\/comments?post=25471"}],"wp:featuredmedia":[{"embeddable":true,"href":"https:\/\/dupescents.co\/fr\/wp-json\/wp\/v2\/media\/36385"}],"wp:attachment":[{"href":"https:\/\/dupescents.co\/fr\/wp-json\/wp\/v2\/media?parent=25471"}],"wp:term":[{"taxonomy":"product_brand","embeddable":true,"href":"https:\/\/dupescents.co\/fr\/wp-json\/wp\/v2\/product_brand?post=25471"},{"taxonomy":"product_cat","embeddable":true,"href":"https:\/\/dupescents.co\/fr\/wp-json\/wp\/v2\/product_cat?post=25471"},{"taxonomy":"product_tag","embeddable":true,"href":"https:\/\/dupescents.co\/fr\/wp-json\/wp\/v2\/product_tag?post=25471"}],"curies":[{"name":"wp","href":"https:\/\/api.w.org\/{rel}","templated":true}]}}