{"id":25460,"date":"2025-03-26T17:15:49","date_gmt":"2025-03-26T16:15:49","guid":{"rendered":"https:\/\/dupescents.co\/products\/sent-comme-le-parfum\/"},"modified":"2025-11-05T19:20:07","modified_gmt":"2025-11-05T18:20:07","slug":"sent-comme-le-parfum","status":"publish","type":"product","link":"https:\/\/dupescents.co\/fr\/products\/sent-comme-le-parfum\/","title":{"rendered":"Sent comme&#8230; Le parfum"},"content":{"rendered":"<p>270M - Hugo Boss Der Duftersatz<br \/>\nHUGO BOSS THE SCENT EAU DE PARFUM NO 270M - HUGO BOSS THE SCENT ERSATZ<\/p>\n<p>DUFTNOTEN UNSERES ERSATZES:<\/p>\n<p>MANINKA<br \/>\nIMBIR<br \/>\nLAVENDER<br \/>\nHAUT<br \/>\nMANDARIN<br \/>\nHOLZIGE NOTEN<br \/>\nBERGAMOT<br \/>\nDUFTBESCHREIBUNG:<\/p>\n<p>Ein bezaubernder Duft voller Leidenschaft f\u00fcr M\u00e4nner, die immer voll bei der Sache sind. Unser Eau de Parfum mit der Nummer 270M ist das \u00c4quivalent zu Hugo Boss The Scent mit einem ausdrucksstarken, magnetischen Charakter. Mit seiner harmonischen Mischung aus holzigen Noten und intensiven Gew\u00fcrzen verleiht es seinem Tr\u00e4ger Selbstvertrauen und ein Gef\u00fchl der Erf\u00fcllung.<\/p>\n<p>EIGENSCHAFTEN DES PARF\u00dcM\u00c4QUIVALENTS VON THE SCENT:<br \/>\nDufttyp: aromatisch, w\u00fcrzig<br \/>\nF\u00fcr wen: m\u00e4nnlich<br \/>\nInhalt 10 ml \/ 30 ml \/ 50 ml \/ 100 ml<br \/>\nProdukt-Code: 270M<br \/>\nDer Preis f\u00fcr dieses Parf\u00fcm h\u00e4ngt von der angegebenen Menge ab.<br \/>\nBitte geben Sie uns Ihr Feedback nach dem Kauf!<\/p>\n<p>Sehen Sie auch andere Hugo Boss Parfums und ihre Substitute.<\/p>\n","protected":false},"excerpt":{"rendered":"<p class=\"product__text inline-richtext\">Inspiration : Hugo Boss The Scent EDT 50ML<\/p>\n<p class=\"product__text inline-richtext\"><strong>\u2705 Eau de toilette 19-21% Parfum<\/strong><\/p>\n<p class=\"product__text inline-richtext\"><strong>\u2705 Le parfum dure une seconde journ\u00e9e<\/strong><\/p>\n<p class=\"product__text inline-richtext\"><strong>Achetez le parfum, pas la marque - \u00e9conomisez de l&rsquo;argent<\/strong><\/p>\n","protected":false},"featured_media":36390,"comment_status":"open","ping_status":"closed","template":"","meta":{"_acf_changed":false},"product_brand":[],"product_cat":[201],"product_tag":[],"class_list":{"0":"post-25460","1":"product","2":"type-product","3":"status-publish","4":"has-post-thumbnail","6":"product_cat-pour-les-hommes","8":"first","9":"instock","10":"shipping-taxable","11":"purchasable","12":"product-type-variable"},"acf":[],"aioseo_notices":[],"jetpack_sharing_enabled":true,"_links":{"self":[{"href":"https:\/\/dupescents.co\/fr\/wp-json\/wp\/v2\/product\/25460","targetHints":{"allow":["GET"]}}],"collection":[{"href":"https:\/\/dupescents.co\/fr\/wp-json\/wp\/v2\/product"}],"about":[{"href":"https:\/\/dupescents.co\/fr\/wp-json\/wp\/v2\/types\/product"}],"replies":[{"embeddable":true,"href":"https:\/\/dupescents.co\/fr\/wp-json\/wp\/v2\/comments?post=25460"}],"wp:featuredmedia":[{"embeddable":true,"href":"https:\/\/dupescents.co\/fr\/wp-json\/wp\/v2\/media\/36390"}],"wp:attachment":[{"href":"https:\/\/dupescents.co\/fr\/wp-json\/wp\/v2\/media?parent=25460"}],"wp:term":[{"taxonomy":"product_brand","embeddable":true,"href":"https:\/\/dupescents.co\/fr\/wp-json\/wp\/v2\/product_brand?post=25460"},{"taxonomy":"product_cat","embeddable":true,"href":"https:\/\/dupescents.co\/fr\/wp-json\/wp\/v2\/product_cat?post=25460"},{"taxonomy":"product_tag","embeddable":true,"href":"https:\/\/dupescents.co\/fr\/wp-json\/wp\/v2\/product_tag?post=25460"}],"curies":[{"name":"wp","href":"https:\/\/api.w.org\/{rel}","templated":true}]}}