{"id":29504,"date":"2025-11-09T21:36:20","date_gmt":"2025-11-09T20:36:20","guid":{"rendered":"https:\/\/dupescents.co\/conditions-dutilisation\/"},"modified":"2025-11-14T12:47:20","modified_gmt":"2025-11-14T11:47:20","slug":"conditions-dutilisation","status":"publish","type":"page","link":"https:\/\/dupescents.co\/fr\/conditions-dutilisation\/","title":{"rendered":"Conditions d&rsquo;utilisation"},"content":{"rendered":"<h2><strong>Conditions g\u00e9n\u00e9rales de vente de la boutique en ligne magischesparfum.de<\/strong><\/h2>\n<p>Elles r\u00e9gissent notamment les principes de conclusion des contrats de vente via la boutique et contiennent les principales informations sur le vendeur, la boutique et les droits du consommateur.<br \/>\n<em>Les dispositions concernant l&rsquo;entrepreneur privil\u00e9gi\u00e9 s&rsquo;appliquent aux contrats conclus \u00e0 partir du 31 octobre 2025.<\/em><\/p>\n<hr>\n<h2><strong>TABLE DES MATI\u00c8RES<\/strong><\/h2>\n<p>\u00a7 1 D\u00e9finitions<br \/>\u00a7 2 Contact avec le vendeur<br \/>\u00a7 3 Exigences techniques<br \/>\u00a7 4 Acheter dans la boutique<br \/>\u00a7 5 Paiements<br \/>\u00a7 6 Ex\u00e9cution des commandes<br \/>\u00a7 7 Droit de r\u00e9tractation<br \/>\u00a7 8 Exceptions au droit de r\u00e9tractation<br \/>\u00a7 9 R\u00e9clamations<br \/>\u00a7 10 Donn\u00e9es personnelles<br \/>\u00a7 11 Dispositions finales<\/p>\n<hr>\n<h2><strong>\u00a7 1 D\u00c9FINITIONS<\/strong><\/h2>\n<p><strong>Jours ouvrables<\/strong> - jours du lundi au vendredi, \u00e0 l&rsquo;exception des jours f\u00e9ri\u00e9s l\u00e9gaux.<br \/><strong>Consommateur<\/strong> - un consommateur au sens des dispositions du Code civil.<br \/><strong>Compte<\/strong> - une fonction gratuite de la boutique (service fourni par voie \u00e9lectronique), r\u00e9gie par des dispositions s\u00e9par\u00e9es, gr\u00e2ce \u00e0 laquelle l&rsquo;acheteur peut cr\u00e9er son compte individuel dans la boutique.<br \/><strong>Acheteur<\/strong> - toute personne morale ou physique qui effectue un achat dans la boutique.<br \/><strong>Acheteur privil\u00e9gi\u00e9<\/strong> - un consommateur ou un professionnel privil\u00e9gi\u00e9.<br \/><strong>Entrepreneur privil\u00e9gi\u00e9<\/strong> - une personne physique qui conclut avec le vendeur un contrat directement li\u00e9 \u00e0 son activit\u00e9 commerciale, mais qui n&rsquo;a pas de caract\u00e8re professionnel pour elle (d\u00e9finition valable pour les contrats conclus \u00e0 partir du 1er octobre 2025).<br \/><strong>CGV<\/strong> - les pr\u00e9sentes conditions g\u00e9n\u00e9rales.<br \/><strong>Boutique<\/strong> - la boutique en ligne stylidekor.pl exploit\u00e9e par le vendeur \u00e0 l&rsquo;adresse <a rel=\"noopener\" href=\"https:\/\/stylidekor.pl\">https:\/\/stylidekor.pl<\/a>.<br \/><strong>Vendeur<\/strong> - Magic Perufme Sp. z o.o., dont le si\u00e8ge social est situ\u00e9 \u00e0 Marsza\u0142ka Jana D\u0105bskiego 31c\/15, 72-300 Gryfice, Pologne, immatricul\u00e9e au Registre Judiciaire National - Registre des Entreprises par le Tribunal de Grande Instance de Szczecin, sous le num\u00e9ro KRS 0001138079, NIP (num\u00e9ro de TVA) PL8571940901. <\/p>\n<hr>\n<h2><strong>\u00a7 2 CONTACT AVEC LE VENDEUR<\/strong><\/h2>\n<p>Adresse postale : Marsza\u0142ka Jana D\u0105bskiego 31c\/15, 72-300 Gryfice, Pologne<br \/>Adresse \u00e9lectronique :  <strong><a href=\"mailto:kontakt@dupescents.co\" rel=\"noopener\">kontakt@dupescents.co<\/a><\/strong><\/p>\n<hr>\n<h2><strong>\u00a7 3 EXIGENCES TECHNIQUES<\/strong><\/h2>\n<p>Pour le bon fonctionnement de la boutique, les \u00e9l\u00e9ments suivants sont n\u00e9cessaires :<\/p>\n<ol>\n<li>\nun appareil avec acc\u00e8s \u00e0 Internet,\n<\/li>\n<li>\nun navigateur Web prenant en charge JavaScript et les cookies.\n<\/li>\n<\/ol>\n<p>Pour passer une commande dans la boutique, il est n\u00e9cessaire de disposer d&rsquo;un compte de messagerie \u00e9lectronique actif, en plus des exigences mentionn\u00e9es ci-dessus.<\/p>\n<hr>\n<h2><strong>\u00a7 4 ACHATS DANS LA BOUTIQUE<\/strong><\/h2>\n<ol>\n<li>\nLes prix des marchandises visibles dans la boutique sont des prix totaux.\n<\/li>\n<li>\nLe prix total de la commande comprend le prix du produit et, le cas \u00e9ch\u00e9ant, les frais de livraison.\n<\/li>\n<li>\nLe produit s\u00e9lectionn\u00e9 doit \u00eatre ajout\u00e9 au panier.\n<\/li>\n<li>\nL&rsquo;acheteur choisit le mode d&rsquo;exp\u00e9dition, le mode de paiement et fournit les donn\u00e9es n\u00e9cessaires \u00e0 l&rsquo;ex\u00e9cution de la commande.\n<\/li>\n<li>\nLa commande est pass\u00e9e apr\u00e8s validation de son contenu et acceptation des pr\u00e9sentes CGV.\n<\/li>\n<li>\nLa passation d&rsquo;une commande \u00e9quivaut \u00e0 la conclusion d&rsquo;un contrat de vente.\n<\/li>\n<li>\nLe vendeur transmet \u00e0 l&rsquo;acheteur privil\u00e9gi\u00e9 une confirmation de la conclusion du contrat de vente sur un support durable au plus tard au moment de la livraison des marchandises.\n<\/li>\n<li>\nL&rsquo;acheteur peut effectuer des achats avec ou sans enregistrement d&rsquo;un compte.\n<\/li>\n<\/ol>\n<hr>\n<h2><strong>\u00a7 5 PAIEMENTS<\/strong><\/h2>\n<p>M\u00e9thodes de paiement disponibles :<\/p>\n<ul>\n<li>\nVirement bancaire,\n<\/li>\n<li>\nCarte de paiement (Visa, MasterCard, Maestro),\n<\/li>\n<li>\nPlateformes de paiement (Przelewy24).\n<\/li>\n<\/ul>\n<p>L&rsquo;acheteur est tenu de payer la commande dans un d\u00e9lai de 1 jour ouvrable \u00e0 compter de la passation de la commande (en cas de paiement anticip\u00e9).<br \/>L&rsquo;acheteur accepte l&rsquo;utilisation de factures \u00e9lectroniques par le vendeur.<\/p>\n<hr>\n<h2><strong>\u00a7 6 EX\u00c9CUTION DE LA COMMANDE<\/strong><\/h2>\n<ol>\n<li>\nLe vendeur livre des marchandises exemptes de d\u00e9fauts.\n<\/li>\n<li>\nLe d\u00e9lai de traitement des commandes est indiqu\u00e9 dans la boutique.\n<\/li>\n<li>\nEn cas de paiement anticip\u00e9, le r\u00e8glement a lieu apr\u00e8s l&rsquo;enregistrement du paiement.\n<\/li>\n<li>\nPour les commandes comprenant plusieurs produits, le d\u00e9lai applicable est celui du produit dont le d\u00e9lai de traitement est le plus long.\n<\/li>\n<li>\nLa livraison des marchandises s&rsquo;effectue exclusivement sur le territoire de la R\u00e9publique de Pologne.\n<\/li>\n<\/ol>\n<hr>\n<h2><strong>\u00a7 7 DROIT DE R\u00c9TRACTATION<\/strong><\/h2>\n<p>L&rsquo;acheteur privil\u00e9gi\u00e9 a le droit de r\u00e9silier le contrat dans un d\u00e9lai de 14 jours sans avoir \u00e0 se justifier.<br \/>Les conditions d\u00e9taill\u00e9es relatives \u00e0 la r\u00e9tractation, au remboursement des paiements et aux obligations des parties sont d\u00e9finies aux articles 7-8 des pr\u00e9sentes CGV.<\/p>\n<hr>\n<h2><strong>\u00a7 8 EXCEPTIONS AU DROIT DE R\u00c9TRACTATION<\/strong><\/h2>\n<ol>\n<li>Le droit de r\u00e9tractation pour les contrats \u00e0 distance, tel que d\u00e9fini \u00e0 l&rsquo;article 7 des CGV, ne s&rsquo;applique pas aux contrats :\n<ol>\n<li>lorsque l&rsquo;objet de la prestation est un bien non pr\u00e9fabriqu\u00e9, fabriqu\u00e9 selon les sp\u00e9cifications de l&rsquo;acheteur privil\u00e9gi\u00e9 ou destin\u00e9 \u00e0 satisfaire ses besoins individuels ;<\/li>\n<li>pour lesquels l&rsquo;objet de la prestation est un bien susceptible de se d\u00e9t\u00e9riorer rapidement ou dont la date de p\u00e9remption est courte ;<\/li>\n<li>pour lesquels l&rsquo;objet de la prestation est un bien livr\u00e9 dans un emballage scell\u00e9 qui ne peut \u00eatre restitu\u00e9 apr\u00e8s ouverture de l&#8217;emballage pour des raisons de protection de la sant\u00e9 ou d&rsquo;hygi\u00e8ne, si l&#8217;emballage a \u00e9t\u00e9 ouvert apr\u00e8s la livraison ;<\/li>\n<li>pour lesquels l&rsquo;objet de la prestation sont des biens qui, apr\u00e8s la livraison, sont indissociablement li\u00e9s \u00e0 d&rsquo;autres biens en raison de leur nature ;<\/li>\n<li>lorsque l&rsquo;objet de la prestation est un enregistrement audio ou vid\u00e9o ou un logiciel informatique fourni dans un emballage scell\u00e9, si l&#8217;emballage a \u00e9t\u00e9 ouvert apr\u00e8s la livraison ;<\/li>\n<li>pour la fourniture de journaux, de p\u00e9riodiques ou de magazines, \u00e0 l&rsquo;exception des contrats d&rsquo;abonnement ;<\/li>\n<li>pour lesquels le prix ou la r\u00e9mun\u00e9ration d\u00e9pendent de fluctuations du march\u00e9 financier sur lesquelles le vendeur n&rsquo;a aucune influence et qui peuvent survenir avant la fin du d\u00e9lai de r\u00e9tractation.<\/li>\n<\/ol>\n<\/li>\n<\/ol>\n<hr>\n<h2><strong>\u00a7 9 R\u00c9CLAMATIONS<\/strong><\/h2>\n<ol>\n<li>\nL&rsquo;acheteur peut d\u00e9poser une r\u00e9clamation au titre de la garantie ou de la garantie (si elle est accord\u00e9e).\n<\/li>\n<li>\nLes r\u00e9clamations doivent \u00eatre envoy\u00e9es \u00e0 l&rsquo;adresse e-mail : <strong><a href=\"mailto:kontakt@dupescents.co\" rel=\"noopener\">kontakt@dupescents.co<\/a><\/strong>.\n<\/li>\n<li>\nLe vendeur traite les r\u00e9clamations dans un d\u00e9lai de 14 jours.\n<\/li>\n<li>\nDans le cas d&rsquo;un acheteur privil\u00e9gi\u00e9, les frais de renvoi des marchandises sont \u00e0 la charge du vendeur.\n<\/li>\n<\/ol>\n<p><\/p>\n<hr>\n<h2><strong>\u00a7 10 DONN\u00c9ES PERSONNELLES<\/strong><\/h2>\n<p>L&rsquo;administrateur des donn\u00e9es personnelles est <strong>Magic Perufme Sp. z o.o.<\/strong><br \/>Vous trouverez des r\u00e8gles d\u00e9taill\u00e9es sur le traitement des donn\u00e9es personnelles dans la <strong>d\u00e9claration de confidentialit\u00e9<\/strong> disponible dans la boutique.<\/p>\n<hr>\n<h2><strong>\u00a7 11 DISPOSITIONS FINALES<\/strong><\/h2>\n<ol>\n<li>\nIl est interdit \u00e0 l&rsquo;acheteur de fournir un contenu de nature ill\u00e9gale.\n<\/li>\n<li>\nChaque commande constitue un contrat distinct.\n<\/li>\n<li>\nLes contrats sont conclus en polonais.\n<\/li>\n<li>\nDans le cas d&rsquo;un acheteur qui n&rsquo;est pas un consommateur, le tribunal comp\u00e9tent est celui du si\u00e8ge du vendeur.\n<\/li>\n<\/ol>\n","protected":false},"excerpt":{"rendered":"<p>Conditions g\u00e9n\u00e9rales de vente de la boutique en ligne magischesparfum.de Elles r\u00e9gissent notamment les principes de conclusion des contrats de vente via la boutique et contiennent les principales informations sur le vendeur, la boutique et les droits du consommateur. Les dispositions concernant l&rsquo;entrepreneur privil\u00e9gi\u00e9 s&rsquo;appliquent aux contrats conclus \u00e0 partir du 31 octobre 2025. TABLE [&hellip;]<\/p>\n","protected":false},"author":2,"featured_media":0,"parent":0,"menu_order":0,"comment_status":"closed","ping_status":"closed","template":"","meta":{"_acf_changed":false,"footnotes":""},"class_list":["post-29504","page","type-page","status-publish","hentry"],"acf":[],"aioseo_notices":[],"jetpack_sharing_enabled":true,"_links":{"self":[{"href":"https:\/\/dupescents.co\/fr\/wp-json\/wp\/v2\/pages\/29504","targetHints":{"allow":["GET"]}}],"collection":[{"href":"https:\/\/dupescents.co\/fr\/wp-json\/wp\/v2\/pages"}],"about":[{"href":"https:\/\/dupescents.co\/fr\/wp-json\/wp\/v2\/types\/page"}],"author":[{"embeddable":true,"href":"https:\/\/dupescents.co\/fr\/wp-json\/wp\/v2\/users\/2"}],"replies":[{"embeddable":true,"href":"https:\/\/dupescents.co\/fr\/wp-json\/wp\/v2\/comments?post=29504"}],"version-history":[{"count":1,"href":"https:\/\/dupescents.co\/fr\/wp-json\/wp\/v2\/pages\/29504\/revisions"}],"predecessor-version":[{"id":29505,"href":"https:\/\/dupescents.co\/fr\/wp-json\/wp\/v2\/pages\/29504\/revisions\/29505"}],"wp:attachment":[{"href":"https:\/\/dupescents.co\/fr\/wp-json\/wp\/v2\/media?parent=29504"}],"curies":[{"name":"wp","href":"https:\/\/api.w.org\/{rel}","templated":true}]}}