{"id":25670,"date":"2025-06-26T22:45:09","date_gmt":"2025-06-26T20:45:09","guid":{"rendered":"https:\/\/dupescents.co\/expedition\/"},"modified":"2026-02-14T09:57:02","modified_gmt":"2026-02-14T08:57:02","slug":"expedition","status":"publish","type":"page","link":"https:\/\/dupescents.co\/fr\/expedition\/","title":{"rendered":"Exp\u00e9dition"},"content":{"rendered":"\n<p>Nous exp\u00e9dions les colis jusqu&rsquo;\u00e0 7 jours ouvrables apr\u00e8s la commande. En r\u00e8gle g\u00e9n\u00e9rale, ils sont exp\u00e9di\u00e9s le deuxi\u00e8me jour ouvrable, mais nous nous r\u00e9servons un d\u00e9lai de 7 jours pour les commandes pass\u00e9es le week-end et les jours f\u00e9ri\u00e9s. <\/p>\n\n<p>Les frais de livraison en Allemagne sont de 5,99 \u20ac.<\/p>\n\n<p>La commande passe par plusieurs \u00e9tapes, si un parfum n&rsquo;est pas renvers\u00e9 ou n&rsquo;est pas en stock, nous vous en informerons par e-mail.<\/p>\n\n<p>Le d\u00e9lai de livraison apr\u00e8s l&rsquo;exp\u00e9dition est de 2 \u00e0 5 jours ouvrables. L&rsquo;envoi est exp\u00e9di\u00e9 de Pologne \u00e0 un point de collecte et du point de collecte directement \u00e0 votre domicile. <\/p>\n","protected":false},"excerpt":{"rendered":"<p>Nous exp\u00e9dions les colis jusqu&rsquo;\u00e0 7 jours ouvrables apr\u00e8s la commande. En r\u00e8gle g\u00e9n\u00e9rale, ils sont exp\u00e9di\u00e9s le deuxi\u00e8me jour ouvrable, mais nous nous r\u00e9servons un d\u00e9lai de 7 jours pour les commandes pass\u00e9es le week-end et les jours f\u00e9ri\u00e9s. Les frais de livraison en Allemagne sont de 5,99 \u20ac. La commande passe par plusieurs [&hellip;]<\/p>\n","protected":false},"author":1,"featured_media":0,"parent":0,"menu_order":0,"comment_status":"closed","ping_status":"closed","template":"","meta":{"_acf_changed":false,"footnotes":""},"class_list":["post-25670","page","type-page","status-publish","hentry"],"acf":[],"aioseo_notices":[],"jetpack_sharing_enabled":true,"_links":{"self":[{"href":"https:\/\/dupescents.co\/fr\/wp-json\/wp\/v2\/pages\/25670","targetHints":{"allow":["GET"]}}],"collection":[{"href":"https:\/\/dupescents.co\/fr\/wp-json\/wp\/v2\/pages"}],"about":[{"href":"https:\/\/dupescents.co\/fr\/wp-json\/wp\/v2\/types\/page"}],"author":[{"embeddable":true,"href":"https:\/\/dupescents.co\/fr\/wp-json\/wp\/v2\/users\/1"}],"replies":[{"embeddable":true,"href":"https:\/\/dupescents.co\/fr\/wp-json\/wp\/v2\/comments?post=25670"}],"version-history":[{"count":2,"href":"https:\/\/dupescents.co\/fr\/wp-json\/wp\/v2\/pages\/25670\/revisions"}],"predecessor-version":[{"id":35132,"href":"https:\/\/dupescents.co\/fr\/wp-json\/wp\/v2\/pages\/25670\/revisions\/35132"}],"wp:attachment":[{"href":"https:\/\/dupescents.co\/fr\/wp-json\/wp\/v2\/media?parent=25670"}],"curies":[{"name":"wp","href":"https:\/\/api.w.org\/{rel}","templated":true}]}}