{"id":25664,"date":"2025-06-26T22:46:23","date_gmt":"2025-06-26T20:46:23","guid":{"rendered":"https:\/\/dupescents.co\/a-propos-de-nous\/"},"modified":"2025-11-05T19:20:44","modified_gmt":"2025-11-05T18:20:44","slug":"a-propos-de-nous","status":"publish","type":"page","link":"https:\/\/dupescents.co\/fr\/a-propos-de-nous\/","title":{"rendered":"\u00c0 propos de nous"},"content":{"rendered":"\n<h1 class=\"wp-block-heading\">\u00c0 propos de nous - Parfum magique<\/h1>\n\n<p>Bienvenue chez Magisches Parfum, un lieu o\u00f9 les parfums enflamment l&rsquo;imagination et font partie de votre quotidien. Notre passion pour les ar\u00f4mes exceptionnels nous a inspir\u00e9s pour cr\u00e9er une collection qui allie qualit\u00e9 sup\u00e9rieure et prix abordables. <\/p>\n\n<p>Chez Magisches Parfum, nous pensons que chacun devrait avoir la possibilit\u00e9 de s&rsquo;exprimer \u00e0 travers des parfums qui d\u00e9gagent \u00e9l\u00e9gance, \u00e9nergie et caract\u00e8re. Nos cr\u00e9ations sont \u00e9labor\u00e9es avec le plus grand soin afin de r\u00e9pondre aux besoins des clients les plus exigeants et de refl\u00e9ter la beaut\u00e9 et l&rsquo;harmonie de compositions parfum\u00e9es iconiques que vous connaissez et aimez. <\/p>\n\n<h2 class=\"wp-block-heading\">Ce qui nous distingue ?<\/h2>\n\n<ul class=\"wp-block-list\">\n<li><strong>Une qualit\u00e9 exceptionnelle :<\/strong> chacun de nos parfums est cr\u00e9\u00e9 avec le souci du d\u00e9tail pour garantir une intensit\u00e9 et une tenue qui durent toute la journ\u00e9e.<\/li>\n\n\n\n<li><strong>Des ar\u00f4mes inspir\u00e9s :<\/strong> nous proposons une collection de parfums inspir\u00e9s des compositions les plus connues et les plus appr\u00e9ci\u00e9es au monde.<\/li>\n\n\n\n<li><strong>Accessible \u00e0 tous :<\/strong> notre mission est de rendre les ar\u00f4mes exceptionnels accessibles \u00e0 tous, sans faire de compromis sur la qualit\u00e9 ou le style.<\/li>\n<\/ul>\n\n<p>Notre objectif n&rsquo;est pas seulement de proposer des produits, mais aussi de cr\u00e9er une exp\u00e9rience - un parfum qui souligne votre caract\u00e8re unique et rend chaque moment sp\u00e9cial.<\/p>\n\n<p>D\u00e9couvrez notre collection et trouvez le parfum qui deviendra votre marque personnelle.<\/p>\n\n<p><strong>Parfum magique - la magie des senteurs \u00e0 port\u00e9e de main.<\/strong><\/p>\n","protected":false},"excerpt":{"rendered":"<p>\u00c0 propos de nous - Parfum magique Bienvenue chez Magisches Parfum, un lieu o\u00f9 les parfums enflamment l&rsquo;imagination et font partie de votre quotidien. Notre passion pour les ar\u00f4mes exceptionnels nous a inspir\u00e9s pour cr\u00e9er une collection qui allie qualit\u00e9 sup\u00e9rieure et prix abordables. Chez Magisches Parfum, nous pensons que chacun devrait avoir la possibilit\u00e9 [&hellip;]<\/p>\n","protected":false},"author":1,"featured_media":0,"parent":0,"menu_order":0,"comment_status":"closed","ping_status":"closed","template":"","meta":{"_acf_changed":false,"footnotes":""},"class_list":["post-25664","page","type-page","status-publish","hentry"],"acf":[],"aioseo_notices":[],"jetpack_sharing_enabled":true,"_links":{"self":[{"href":"https:\/\/dupescents.co\/fr\/wp-json\/wp\/v2\/pages\/25664","targetHints":{"allow":["GET"]}}],"collection":[{"href":"https:\/\/dupescents.co\/fr\/wp-json\/wp\/v2\/pages"}],"about":[{"href":"https:\/\/dupescents.co\/fr\/wp-json\/wp\/v2\/types\/page"}],"author":[{"embeddable":true,"href":"https:\/\/dupescents.co\/fr\/wp-json\/wp\/v2\/users\/1"}],"replies":[{"embeddable":true,"href":"https:\/\/dupescents.co\/fr\/wp-json\/wp\/v2\/comments?post=25664"}],"version-history":[{"count":1,"href":"https:\/\/dupescents.co\/fr\/wp-json\/wp\/v2\/pages\/25664\/revisions"}],"predecessor-version":[{"id":25665,"href":"https:\/\/dupescents.co\/fr\/wp-json\/wp\/v2\/pages\/25664\/revisions\/25665"}],"wp:attachment":[{"href":"https:\/\/dupescents.co\/fr\/wp-json\/wp\/v2\/media?parent=25664"}],"curies":[{"name":"wp","href":"https:\/\/api.w.org\/{rel}","templated":true}]}}