{"id":28334,"date":"2025-04-02T18:50:41","date_gmt":"2025-04-02T16:50:41","guid":{"rendered":"https:\/\/dupescents.co\/products\/huele-a-q\/"},"modified":"2026-02-20T19:53:56","modified_gmt":"2026-02-20T18:53:56","slug":"huele-a-q","status":"publish","type":"product","link":"https:\/\/dupescents.co\/es\/productos\/huele-a-q\/","title":{"rendered":"Huele a&#8230; Q"},"content":{"rendered":"<p>340M - Eau de Parfum<br \/>\nPARF\u00dcMIERTES WASSER NR. 340M<\/p>\n<p>DUFTNOTEN VON UNSEREM ERSATZ:<\/p>\n<p>SAFFRON<br \/>\nGREYFRUT<br \/>\nROSE<br \/>\nAGAR (OUD)<br \/>\nKLEINER SAGE<br \/>\nBURSHINE<br \/>\nEDLE H\u00d6LZER<br \/>\nLABDANUM<br \/>\nTONKA FASOL<br \/>\nDUFTBESCHREIBUNG:<\/p>\n<p>Das Parf\u00fcm 340M ist f\u00fcr M\u00e4nner, die einen geheimnisvollen und fesselnden Duft suchen. Dieser Duft ist die perfekte Wahl f\u00fcr k\u00e4ltere Tage. Er ist tiefgr\u00fcndig, fast elektrisierend und dennoch sehr elegant. Im Inneren des Flakons befinden sich Noten von Safran, Grapefruit, Salbei, Achatholzrauch, Rose, Labdanum und Amber.<\/p>\n<p>EIGENSCHAFTEN DES GEGENST\u00dcCKS:<br \/>\nDufttyp: orientalisch, w\u00fcrzig<br \/>\nF\u00fcr wen: m\u00e4nnlich<br \/>\nInhalt 10 ml \/ 30 ml \/ 50 ml \/ 100 ml<br \/>\nProdukt-Code: 340M<br \/>\nDer Preis f\u00fcr dieses Parf\u00fcm h\u00e4ngt von der angegebenen Kapazit\u00e4t ab.<br \/>\nBitte geben Sie uns nach dem Kauf Ihr Feedback!<\/p>\n","protected":false},"excerpt":{"rendered":"<p class=\"product__text inline-richtext\">Inspiraci\u00f3n: Dolce &amp; Gabbana Q EDP 50ML<\/p>\n<p class=\"product__text inline-richtext\"><strong>\u2705 Eau de Toilette 19-21% Perfume<\/strong><\/p>\n<p class=\"product__text inline-richtext\"><strong>\u2705 La fragancia dura un segundo d\u00eda<\/strong><\/p>\n<p class=\"product__text inline-richtext\"><strong>Compra la fragancia, no la marca: ahorra dinero<\/strong><\/p>\n","protected":false},"featured_media":36093,"comment_status":"open","ping_status":"closed","template":"","meta":{"_acf_changed":false},"product_brand":[],"product_cat":[212,204],"product_tag":[],"class_list":{"0":"post-28334","1":"product","2":"type-product","3":"status-publish","4":"has-post-thumbnail","6":"product_cat-los-mas-vendidos","7":"product_cat-para-mujeres","9":"first","10":"instock","11":"shipping-taxable","12":"purchasable","13":"product-type-variable"},"acf":[],"aioseo_notices":[],"jetpack_sharing_enabled":true,"_links":{"self":[{"href":"https:\/\/dupescents.co\/es\/wp-json\/wp\/v2\/product\/28334","targetHints":{"allow":["GET"]}}],"collection":[{"href":"https:\/\/dupescents.co\/es\/wp-json\/wp\/v2\/product"}],"about":[{"href":"https:\/\/dupescents.co\/es\/wp-json\/wp\/v2\/types\/product"}],"replies":[{"embeddable":true,"href":"https:\/\/dupescents.co\/es\/wp-json\/wp\/v2\/comments?post=28334"}],"wp:featuredmedia":[{"embeddable":true,"href":"https:\/\/dupescents.co\/es\/wp-json\/wp\/v2\/media\/36093"}],"wp:attachment":[{"href":"https:\/\/dupescents.co\/es\/wp-json\/wp\/v2\/media?parent=28334"}],"wp:term":[{"taxonomy":"product_brand","embeddable":true,"href":"https:\/\/dupescents.co\/es\/wp-json\/wp\/v2\/product_brand?post=28334"},{"taxonomy":"product_cat","embeddable":true,"href":"https:\/\/dupescents.co\/es\/wp-json\/wp\/v2\/product_cat?post=28334"},{"taxonomy":"product_tag","embeddable":true,"href":"https:\/\/dupescents.co\/es\/wp-json\/wp\/v2\/product_tag?post=28334"}],"curies":[{"name":"wp","href":"https:\/\/api.w.org\/{rel}","templated":true}]}}