{"id":28286,"date":"2025-04-02T18:52:27","date_gmt":"2025-04-02T16:52:27","guid":{"rendered":"https:\/\/dupescents.co\/products\/repuesto-perfume-magico-030w\/"},"modified":"2025-11-05T19:36:20","modified_gmt":"2025-11-05T18:36:20","slug":"repuesto-perfume-magico-030w","status":"publish","type":"product","link":"https:\/\/dupescents.co\/es\/productos\/repuesto-perfume-magico-030w\/","title":{"rendered":"REPUESTO PERFUME M\u00c1GICO 030W"},"content":{"rendered":"<p>030W - DKNY Nectar Love Ersatz<br \/>\nPARF\u00dcMWASSER NR 030W - DKNY NECTAR LOVE ERSATZ<\/p>\n<p>DUFTNOTEN UNSERES ERSATZES:<\/p>\n<p>BIENENWACHS<br \/>\nNECTARIN<br \/>\nMIRRABELINE<br \/>\nSOLAR HS<br \/>\nVANILLE<br \/>\nYELLOW FRESH<br \/>\nMANDARINE<br \/>\nGREYFRUIT<br \/>\nJASMINE<br \/>\nPI\u017bMO<br \/>\nNEROLI<br \/>\nCONVALIA<br \/>\nZEDER<br \/>\nDUFTBESCHREIBUNG:<\/p>\n<p>Die intensive S\u00fc\u00dfe, die von unserem DKNY Nectar Love Parf\u00fcm kommt, vibriert und verf\u00fchrt mit seiner Romantik. Dieser Duft wird besonders von modernen und selbstbewussten Frauen gesch\u00e4tzt, die ihn bei einem romantischen Date oder auch im Alltag verwenden. Wird er auch Ihnen den Kopf verdrehen<\/p>\n<p>MERKMALE VON DKNY NECTAR LOVE PARF\u00dcM GEGENST\u00dcCK:<br \/>\nDufttyp: orientalisch, blumig<br \/>\nF\u00fcr wen: Frauen<br \/>\nInhalt: 10ml \/ 30ml \/ 50ml \/ 100ml<br \/>\nProdukt-Code: 030W<br \/>\nDer Preis f\u00fcr dieses Parf\u00fcm h\u00e4ngt von der angegebenen Menge ab.<br \/>\nBitte geben Sie uns Ihr Feedback nach dem Kauf!<\/p>\n<p>Siehe auch andere DKNY Parfums und ihre Ersatzprodukte.<\/p>\n<p>Wie riecht das entsprechende Parf\u00fcm DKNY Nectar Love?<br \/>\nEs ist ein h\u00fcbscher, s\u00fc\u00dfer Duft, der als blumig, aber auch als orientalisch eingestuft werden kann. Er kombiniert verschiedene Duftnoten, darunter Akkorde von Vanille, Maigl\u00f6ckchenbl\u00fcten, Freesie und Jasmin oder Akzente von Nektarine. Er passt zu stimmungsvollen Momenten.<\/p>\n","protected":false},"excerpt":{"rendered":"<p class=\"product__text inline-richtext\">Inspiraci\u00f3n: DKNY NECTAR LOVE EDP<\/p>\n<p class=\"product__text inline-richtext\"><strong>\u2705 Eau de Toilette 19-21% Perfume<\/strong><\/p>\n<p class=\"product__text inline-richtext\"><strong>\u2705 La fragancia dura un segundo d\u00eda<\/strong><\/p>\n<p class=\"product__text inline-richtext\"><strong>Compra la fragancia, no la marca: ahorra dinero<\/strong><\/p>\n","protected":false},"featured_media":0,"comment_status":"open","ping_status":"closed","template":"","meta":{"_acf_changed":false},"product_brand":[],"product_cat":[204],"product_tag":[],"class_list":{"0":"post-28286","1":"product","2":"type-product","3":"status-publish","5":"product_cat-para-mujeres","7":"first","8":"instock","9":"shipping-taxable","10":"purchasable","11":"product-type-variable"},"acf":[],"aioseo_notices":[],"jetpack_sharing_enabled":true,"_links":{"self":[{"href":"https:\/\/dupescents.co\/es\/wp-json\/wp\/v2\/product\/28286","targetHints":{"allow":["GET"]}}],"collection":[{"href":"https:\/\/dupescents.co\/es\/wp-json\/wp\/v2\/product"}],"about":[{"href":"https:\/\/dupescents.co\/es\/wp-json\/wp\/v2\/types\/product"}],"replies":[{"embeddable":true,"href":"https:\/\/dupescents.co\/es\/wp-json\/wp\/v2\/comments?post=28286"}],"wp:attachment":[{"href":"https:\/\/dupescents.co\/es\/wp-json\/wp\/v2\/media?parent=28286"}],"wp:term":[{"taxonomy":"product_brand","embeddable":true,"href":"https:\/\/dupescents.co\/es\/wp-json\/wp\/v2\/product_brand?post=28286"},{"taxonomy":"product_cat","embeddable":true,"href":"https:\/\/dupescents.co\/es\/wp-json\/wp\/v2\/product_cat?post=28286"},{"taxonomy":"product_tag","embeddable":true,"href":"https:\/\/dupescents.co\/es\/wp-json\/wp\/v2\/product_tag?post=28286"}],"curies":[{"name":"wp","href":"https:\/\/api.w.org\/{rel}","templated":true}]}}