{"id":28251,"date":"2025-04-02T19:00:18","date_gmt":"2025-04-02T17:00:18","guid":{"rendered":"https:\/\/dupescents.co\/products\/huele-a-1881\/"},"modified":"2026-02-21T19:32:07","modified_gmt":"2026-02-21T18:32:07","slug":"huele-a-1881","status":"publish","type":"product","link":"https:\/\/dupescents.co\/es\/productos\/huele-a-1881\/","title":{"rendered":"Huele a&#8230; 1881"},"content":{"rendered":"<p>120W - Cerruti 1881 ersatz<br \/>\nEAU DE PARFUM NO 120W - CERRUTI 1881 ersatz<\/p>\n<p>NOTAS DE FRAGANCIA DE NUESTRO SUSTITUTO:<\/p>\n<p>ROMANITA<br \/>\nMIMOSA<br \/>\nIRIS<br \/>\nROSA<br \/>\nFRESCO<br \/>\nPI\u017bMO<br \/>\nSANDALWOOD<br \/>\nVIOLETA<br \/>\nNARZYZ<br \/>\nGERANIO<br \/>\nCONVALIA<br \/>\nJASMINE<br \/>\nCOLLENDRA<br \/>\nGALBANO<br \/>\nBERGAMOT<br \/>\nROSA DE BRASIL<br \/>\nCEDRO<br \/>\nFLOR NARANJA<br \/>\nBURSHINE<br \/>\nTUBEROSO<br \/>\nVANILLE<br \/>\nDESCRIPCI\u00d3N DE LA FRAGANCIA:<\/p>\n<p>Una fragancia delicada para las aut\u00e9nticas rom\u00e1nticas. Nuestra hom\u00f3loga de Cerruti 1881 es un eau de parfum que resalta perfectamente la elegancia de su portadora durante el d\u00eda. Encantadoras notas florales se mezclan con gracia con el sensual almizcle y el s\u00e1ndalo para crear una lujosa esencia que ya ha encontrado muchos admiradores.  <\/p>\n","protected":false},"excerpt":{"rendered":"<p>Inspiraci\u00f3n: Cerruti 1881 EDT 50ML<\/p>\n<p class=\"product__text inline-richtext\"><strong>\u2705 Eau de Toilette 19-21% Perfume<\/strong><\/p>\n<p class=\"product__text inline-richtext\"><strong>\u2705 La fragancia dura un segundo d\u00eda<\/strong><\/p>\n<p class=\"product__text inline-richtext\"><strong>Compra la fragancia, no la marca: ahorra dinero<\/strong><\/p>\n","protected":false},"featured_media":35774,"comment_status":"open","ping_status":"closed","template":"","meta":{"_acf_changed":false},"product_brand":[],"product_cat":[204],"product_tag":[],"class_list":{"0":"post-28251","1":"product","2":"type-product","3":"status-publish","4":"has-post-thumbnail","6":"product_cat-para-mujeres","8":"first","9":"instock","10":"shipping-taxable","11":"purchasable","12":"product-type-variable"},"acf":[],"aioseo_notices":[],"jetpack_sharing_enabled":true,"_links":{"self":[{"href":"https:\/\/dupescents.co\/es\/wp-json\/wp\/v2\/product\/28251","targetHints":{"allow":["GET"]}}],"collection":[{"href":"https:\/\/dupescents.co\/es\/wp-json\/wp\/v2\/product"}],"about":[{"href":"https:\/\/dupescents.co\/es\/wp-json\/wp\/v2\/types\/product"}],"replies":[{"embeddable":true,"href":"https:\/\/dupescents.co\/es\/wp-json\/wp\/v2\/comments?post=28251"}],"wp:featuredmedia":[{"embeddable":true,"href":"https:\/\/dupescents.co\/es\/wp-json\/wp\/v2\/media\/35774"}],"wp:attachment":[{"href":"https:\/\/dupescents.co\/es\/wp-json\/wp\/v2\/media?parent=28251"}],"wp:term":[{"taxonomy":"product_brand","embeddable":true,"href":"https:\/\/dupescents.co\/es\/wp-json\/wp\/v2\/product_brand?post=28251"},{"taxonomy":"product_cat","embeddable":true,"href":"https:\/\/dupescents.co\/es\/wp-json\/wp\/v2\/product_cat?post=28251"},{"taxonomy":"product_tag","embeddable":true,"href":"https:\/\/dupescents.co\/es\/wp-json\/wp\/v2\/product_tag?post=28251"}],"curies":[{"name":"wp","href":"https:\/\/api.w.org\/{rel}","templated":true}]}}