{"id":28215,"date":"2025-04-02T20:10:45","date_gmt":"2025-04-02T18:10:45","guid":{"rendered":"https:\/\/dupescents.co\/products\/recambio-perfume-magico-045w\/"},"modified":"2025-11-05T19:36:12","modified_gmt":"2025-11-05T18:36:12","slug":"recambio-perfume-magico-045w","status":"publish","type":"product","link":"https:\/\/dupescents.co\/es\/productos\/recambio-perfume-magico-045w\/","title":{"rendered":"RECAMBIO PERFUME M\u00c1GICO 045W"},"content":{"rendered":"<p>045W - Lacoste Eau De Lacoste Ersatz<br \/>\nPARF\u00dcMWASSER NR. 045W - LACOSTE EAU DE LACOSTE ERSATZ<\/p>\n<p>DUFTNOTEN UNSERES ERSATZES:<\/p>\n<p>ANANAS<br \/>\nMANDARINE<br \/>\nVANILLE<br \/>\nGROSSBL\u00c4TTRIGER JASMIN<br \/>\nBERGAMOT<br \/>\nORANGENBLUME<br \/>\nSANDELHOLZ<br \/>\nBALSAM VON PERU<br \/>\nVETIVER<br \/>\nDUFTBESCHREIBUNG:<\/p>\n<p>Die Reinheit und Einfachheit, die aus dem Flakon dieses Parfums str\u00f6mt, erinnert t\u00e4uschend an den frischen Duft eines wei\u00dfen Baumwollhemdes. Unser \u00c4quivalent des Lacoste Eau de Lacoste Parfums verstr\u00f6mt einen sehr lang anhaltenden Duft, der Sie mit seiner Sinnlichkeit und Sch\u00f6nheit umh\u00fcllt. Das lang anhaltende Eau de Parfum kombiniert verspielte Noten von Ananas, Mandarine und Bergamotte zu einer einzigartigen Komposition f\u00fcr die moderne Frau.<\/p>\n<p>MERKMALE DES \u00c4QUIVALENTS VON LACOSTE EAU DE LACOSTE PARFUM:<br \/>\nDufttyp: fruchtig, blumig<br \/>\nF\u00fcr wen: Frauen<br \/>\nInhalt: 10ml \/ 30ml \/ 50ml \/ 100ml<br \/>\nProdukt-Code: 045W<br \/>\nDer Preis f\u00fcr dieses Parf\u00fcm h\u00e4ngt von der angegebenen Menge ab.<br \/>\nBitte geben Sie uns Ihr Feedback nach dem Kauf!<\/p>\n<p>Siehe auch andere Lacoste Parfums und deren Ersatzprodukte.<\/p>\n","protected":false},"excerpt":{"rendered":"<p class=\"product__text inline-richtext\">Inspiraci\u00f3n: LACOSTE EAU DE LACOSTE EDP<\/p>\n<p class=\"product__text inline-richtext\"><strong>\u2705 Eau de Toilette 19-21% Perfume<\/strong><\/p>\n<p class=\"product__text inline-richtext\"><strong>\u2705 La fragancia dura un segundo d\u00eda<\/strong><\/p>\n<p class=\"product__text inline-richtext\"><strong>Compra la fragancia, no la marca: ahorra dinero<\/strong><\/p>\n","protected":false},"featured_media":0,"comment_status":"open","ping_status":"closed","template":"","meta":{"_acf_changed":false},"product_brand":[],"product_cat":[204],"product_tag":[],"class_list":{"0":"post-28215","1":"product","2":"type-product","3":"status-publish","5":"product_cat-para-mujeres","7":"first","8":"instock","9":"shipping-taxable","10":"purchasable","11":"product-type-variable"},"acf":[],"aioseo_notices":[],"jetpack_sharing_enabled":true,"_links":{"self":[{"href":"https:\/\/dupescents.co\/es\/wp-json\/wp\/v2\/product\/28215","targetHints":{"allow":["GET"]}}],"collection":[{"href":"https:\/\/dupescents.co\/es\/wp-json\/wp\/v2\/product"}],"about":[{"href":"https:\/\/dupescents.co\/es\/wp-json\/wp\/v2\/types\/product"}],"replies":[{"embeddable":true,"href":"https:\/\/dupescents.co\/es\/wp-json\/wp\/v2\/comments?post=28215"}],"wp:attachment":[{"href":"https:\/\/dupescents.co\/es\/wp-json\/wp\/v2\/media?parent=28215"}],"wp:term":[{"taxonomy":"product_brand","embeddable":true,"href":"https:\/\/dupescents.co\/es\/wp-json\/wp\/v2\/product_brand?post=28215"},{"taxonomy":"product_cat","embeddable":true,"href":"https:\/\/dupescents.co\/es\/wp-json\/wp\/v2\/product_cat?post=28215"},{"taxonomy":"product_tag","embeddable":true,"href":"https:\/\/dupescents.co\/es\/wp-json\/wp\/v2\/product_tag?post=28215"}],"curies":[{"name":"wp","href":"https:\/\/api.w.org\/{rel}","templated":true}]}}