{"id":28201,"date":"2025-04-02T20:11:20","date_gmt":"2025-04-02T18:11:20","guid":{"rendered":"https:\/\/dupescents.co\/products\/jennifer-lopez-sustitucion-de-alambique-443w\/"},"modified":"2026-02-21T20:01:32","modified_gmt":"2026-02-21T19:01:32","slug":"jennifer-lopez-sustitucion-de-alambique-443w","status":"publish","type":"product","link":"https:\/\/dupescents.co\/es\/productos\/jennifer-lopez-sustitucion-de-alambique-443w\/","title":{"rendered":"JENNIFER LOPEZ SUSTITUCI\u00d3N DE ALAMBIQUE 443W"},"content":{"rendered":"<p>443W - JENNIFER LOPEZ STILLER ERSATZ<br \/>\nPARF\u00dcMWASSER NR. 443W - JENNIFER LOPEZ STILLER ERSATZ<\/p>\n<p>NOTAS DE FRAGANCIA DE NUESTRO SUSTITUTO:<\/p>\n<p>EARL T\u00c9 GRIS<br \/>\nTARTA BLANCA<br \/>\nMANDARINA<br \/>\n\u00c1MBAR<br \/>\nARROZ<br \/>\nJASMINE<br \/>\nCONWALIA<br \/>\nFRISCHER<br \/>\nBICICLETA<br \/>\nFLOR NARANJA<br \/>\nROSA<br \/>\nPR\u00cdNCIPE<br \/>\nPIZMERE<br \/>\nSANDALWOOD<br \/>\nIRIS<br \/>\nBURSHINE<br \/>\nDESCRIPCI\u00d3N DE LA FRAGANCIA:<\/p>\n<p>\u00a1La mezcla de esta fragancia es pura feminidad en un frasco! Inspirada en Jennifer L\u00f3pez, la fragancia STILL realza tu encanto y te envuelve en una seductora nube de notas de fragancia que han sido seleccionadas con sumo cuidado. T\u00e9 Earl Grey, pimienta blanca, aromas afrutados y florales, seductores almizcle y \u00e1mbar, as\u00ed como profundos acordes de s\u00e1ndalo, crean una verdadera obra de arte de la perfumer\u00eda. Esta fragancia es la compa\u00f1era perfecta para cada d\u00eda.   <\/p>\n","protected":false},"excerpt":{"rendered":"<p>Inspiraci\u00f3n: Jennifer Lopez Still EDP 100ML<\/p>\n<p class=\"product__text inline-richtext\"><strong>\u2705 Eau de Toilette 19-21% Perfume<\/strong><\/p>\n<p class=\"product__text inline-richtext\"><strong>\u2705 La fragancia dura un segundo d\u00eda<\/strong><\/p>\n<p class=\"product__text inline-richtext\"><strong>Compra la fragancia, no la marca: ahorra dinero<\/strong><\/p>\n","protected":false},"featured_media":35814,"comment_status":"open","ping_status":"closed","template":"","meta":{"_acf_changed":false},"product_brand":[],"product_cat":[212,204],"product_tag":[],"class_list":{"0":"post-28201","1":"product","2":"type-product","3":"status-publish","4":"has-post-thumbnail","6":"product_cat-los-mas-vendidos","7":"product_cat-para-mujeres","9":"first","10":"instock","11":"shipping-taxable","12":"purchasable","13":"product-type-variable"},"acf":[],"aioseo_notices":[],"jetpack_sharing_enabled":true,"_links":{"self":[{"href":"https:\/\/dupescents.co\/es\/wp-json\/wp\/v2\/product\/28201","targetHints":{"allow":["GET"]}}],"collection":[{"href":"https:\/\/dupescents.co\/es\/wp-json\/wp\/v2\/product"}],"about":[{"href":"https:\/\/dupescents.co\/es\/wp-json\/wp\/v2\/types\/product"}],"replies":[{"embeddable":true,"href":"https:\/\/dupescents.co\/es\/wp-json\/wp\/v2\/comments?post=28201"}],"wp:featuredmedia":[{"embeddable":true,"href":"https:\/\/dupescents.co\/es\/wp-json\/wp\/v2\/media\/35814"}],"wp:attachment":[{"href":"https:\/\/dupescents.co\/es\/wp-json\/wp\/v2\/media?parent=28201"}],"wp:term":[{"taxonomy":"product_brand","embeddable":true,"href":"https:\/\/dupescents.co\/es\/wp-json\/wp\/v2\/product_brand?post=28201"},{"taxonomy":"product_cat","embeddable":true,"href":"https:\/\/dupescents.co\/es\/wp-json\/wp\/v2\/product_cat?post=28201"},{"taxonomy":"product_tag","embeddable":true,"href":"https:\/\/dupescents.co\/es\/wp-json\/wp\/v2\/product_tag?post=28201"}],"curies":[{"name":"wp","href":"https:\/\/api.w.org\/{rel}","templated":true}]}}