{"id":28178,"date":"2025-04-02T16:52:38","date_gmt":"2025-04-02T14:52:38","guid":{"rendered":"https:\/\/dupescents.co\/products\/huele-a-ck-be\/"},"modified":"2026-02-22T00:30:47","modified_gmt":"2026-02-21T23:30:47","slug":"huele-a-ck-be","status":"publish","type":"product","link":"https:\/\/dupescents.co\/es\/productos\/huele-a-ck-be\/","title":{"rendered":"Huele a&#8230; CK Be"},"content":{"rendered":"<p>477W - Recambio para Calvin Klein CK be<br \/>\nEAU DE PARFUM NO 477W - RECAMBIO PARA CALVIN KLEIN CK BE<\/p>\n<p>NOTAS DE FRAGANCIA DE NUESTRO SUSTITUTO:<\/p>\n<p>LAWENDA<br \/>\nNUECES VERDES<br \/>\nBERGAMOT<br \/>\nMENTA<br \/>\nJUNIFER<br \/>\nMANDARINA<br \/>\nSUE\u00d1O VERDE<br \/>\nBRUSSWIN<br \/>\nJASMINE<br \/>\nFREESIA<br \/>\nMAGNOLIA<br \/>\nORQU\u00cdDEA<br \/>\nPI\u017bMO<br \/>\nSANDALWOOD<br \/>\nCEDRO<br \/>\nVANILLE<br \/>\nBURSHINE<br \/>\nOPONACS<br \/>\nDESCRIPCI\u00d3N DE LA FRAGANCIA:<\/p>\n<p>Calvin Klein CK be representa la libertad de ser t\u00fa mismo. Expresa tu personalidad con esta fragancia fresca y oriental con notas almizcladas. Combina el maravilloso aroma de la menta, la hierba verde, el jazm\u00edn, el melocot\u00f3n y la orqu\u00eddea. La calidez de toda la composici\u00f3n la aportan el cedro y el s\u00e1ndalo. El perfume amaderado CK be es perfecto para cualquier ocasi\u00f3n.    <\/p>\n<p>CARACTER\u00cdSTICAS DEL PERFUME CALVIN KLEIN CK BE EQUIVALENT:<br \/>\nTipo de fragancia: floral, amaderada, almizclada<br \/>\nPara qui\u00e9n: unisex<br \/>\nContenido: 10 ml \/ 30 ml \/ 50 ml \/ 100 ml<br \/>\nC\u00f3digo de producto: 477W<br \/>\nEl precio de este perfume depende de la capacidad indicada.<br \/>\n\u00a1Por favor, danos tu opini\u00f3n despu\u00e9s de la compra!<\/p>\n<p>Echa un vistazo a otros perfumes Calvin Klein.<\/p>\n","protected":false},"excerpt":{"rendered":"<p class=\"product__text inline-richtext\">Inspiraci\u00f3n: Calvin Klein CK be EDT 200ML<\/p>\n<p class=\"product__text inline-richtext\"><strong>\u2705 Eau de Toilette 19-21% Perfume<\/strong><\/p>\n<p class=\"product__text inline-richtext\"><strong>\u2705 La fragancia dura un segundo d\u00eda<\/strong><\/p>\n<p class=\"product__text inline-richtext\"><strong>Compra la fragancia, no la marca: ahorra dinero<\/strong><\/p>\n","protected":false},"featured_media":35918,"comment_status":"open","ping_status":"closed","template":"","meta":{"_acf_changed":false},"product_brand":[],"product_cat":[212,204],"product_tag":[],"class_list":{"0":"post-28178","1":"product","2":"type-product","3":"status-publish","4":"has-post-thumbnail","6":"product_cat-los-mas-vendidos","7":"product_cat-para-mujeres","9":"first","10":"instock","11":"shipping-taxable","12":"purchasable","13":"product-type-variable"},"acf":[],"aioseo_notices":[],"jetpack_sharing_enabled":true,"_links":{"self":[{"href":"https:\/\/dupescents.co\/es\/wp-json\/wp\/v2\/product\/28178","targetHints":{"allow":["GET"]}}],"collection":[{"href":"https:\/\/dupescents.co\/es\/wp-json\/wp\/v2\/product"}],"about":[{"href":"https:\/\/dupescents.co\/es\/wp-json\/wp\/v2\/types\/product"}],"replies":[{"embeddable":true,"href":"https:\/\/dupescents.co\/es\/wp-json\/wp\/v2\/comments?post=28178"}],"wp:featuredmedia":[{"embeddable":true,"href":"https:\/\/dupescents.co\/es\/wp-json\/wp\/v2\/media\/35918"}],"wp:attachment":[{"href":"https:\/\/dupescents.co\/es\/wp-json\/wp\/v2\/media?parent=28178"}],"wp:term":[{"taxonomy":"product_brand","embeddable":true,"href":"https:\/\/dupescents.co\/es\/wp-json\/wp\/v2\/product_brand?post=28178"},{"taxonomy":"product_cat","embeddable":true,"href":"https:\/\/dupescents.co\/es\/wp-json\/wp\/v2\/product_cat?post=28178"},{"taxonomy":"product_tag","embeddable":true,"href":"https:\/\/dupescents.co\/es\/wp-json\/wp\/v2\/product_tag?post=28178"}],"curies":[{"name":"wp","href":"https:\/\/api.w.org\/{rel}","templated":true}]}}