{"id":28166,"date":"2025-04-02T16:46:47","date_gmt":"2025-04-02T14:46:47","guid":{"rendered":"https:\/\/dupescents.co\/products\/recambio-perfume-magico-073w\/"},"modified":"2025-11-05T19:34:56","modified_gmt":"2025-11-05T18:34:56","slug":"recambio-perfume-magico-073w","status":"publish","type":"product","link":"https:\/\/dupescents.co\/es\/productos\/recambio-perfume-magico-073w\/","title":{"rendered":"RECAMBIO PERFUME M\u00c1GICO 073W"},"content":{"rendered":"<p>073W - DKNY Be Delicious Ersatz<br \/>\nEAU DE PARFUM NO 073W - DKNY BE DELICIOUS ERSATZ<\/p>\n<p>DUFTNOTEN UNSERES ERSATZES:<\/p>\n<p>GR\u00dcNER APFEL<br \/>\nFRUIT<br \/>\nGR\u00dcNE FR\u00dcCHTE<br \/>\nKONWALIA<br \/>\nMAGNOLIEN<br \/>\nHOLZIGE NOTEN<br \/>\nTUBEROZA<br \/>\nVIOLETT<br \/>\nSANDELHOLZ<br \/>\nROSE<br \/>\nBURSHINE<br \/>\nDUFTBESCHREIBUNG:<\/p>\n<p>Ein Duft voller Liebe und Lust auf Abenteuer. Das Gegenst\u00fcck zu DKNY Be Delicious ist eine energiegeladene Kombination aus Gurke mit ausdrucksstarken blumigen und fruchtigen Akkorden. Er erinnert t\u00e4uschend echt an eine aufregende und pulsierende New Yorker Nacht. Er steht f\u00fcr Vitalit\u00e4t und Frische mit einem berauschenden Hauch von S\u00fc\u00dfe. Der Duft ist die perfekte Erg\u00e4nzung f\u00fcr Fr\u00fchlings- und Sommertage.<\/p>\n<p>EIGENSCHAFTEN DES \u00c4QUIVALENTS VON DKNY BE DELICIOUS PARF\u00dcM:<br \/>\nDufttyp: fruchtig, blumig<br \/>\nF\u00fcr wen: Frauen<br \/>\nInhalt: 10ml \/ 30ml \/ 50ml \/ 100ml<br \/>\nProdukt-Code: 073W<br \/>\nDer Preis f\u00fcr dieses Parf\u00fcm h\u00e4ngt von der angegebenen Menge ab.<br \/>\nBitte geben Sie uns nach dem Kauf Ihr Feedback!<\/p>\n<p>Sehen Sie auch andere DKNY Parfums und ihre Substitute.<\/p>\n<p>\u00c4hnliche Parfums wie DKNY Be Delicious<br \/>\nUnser Ersatzparf\u00fcm Nr. 073W ist ein von DKNY Be Delicious inspiriertes Damenparf\u00fcm, das dem Original zu 100% entspricht. Dank der hochwertigen Duftinhaltsstoffe ist unser \u00c4quivalent langanhaltend und intensiv.<\/p>\n<p>Wie riecht das \u00c4quivalent des Parfums DKNY Be Delicious?<br \/>\nEs ist ein angenehmer und frischer Duft, der als blumig, aber auch fruchtig eingestuft wird. Unter den Duftnoten kann man Amber, Veilchen, Tuberose, holzige Noten und Apfel wahrnehmen. Die gesamte Komposition ist mit viel Energie verbunden und wird als s\u00fc\u00dfes Parf\u00fcm kategorisiert.<\/p>\n","protected":false},"excerpt":{"rendered":"<p class=\"product__text inline-richtext\">Inspiraci\u00f3n: DKNY BE DELICIOUS EDP<\/p>\n<p class=\"product__text inline-richtext\"><strong>\u2705 Eau de Toilette 19-21% Perfume<\/strong><\/p>\n<p class=\"product__text inline-richtext\"><strong>\u2705 La fragancia dura un segundo d\u00eda<\/strong><\/p>\n<p class=\"product__text inline-richtext\"><strong>Compra la fragancia, no la marca: ahorra dinero<\/strong><\/p>\n","protected":false},"featured_media":0,"comment_status":"open","ping_status":"closed","template":"","meta":{"_acf_changed":false},"product_brand":[],"product_cat":[204],"product_tag":[],"class_list":{"0":"post-28166","1":"product","2":"type-product","3":"status-publish","5":"product_cat-para-mujeres","7":"first","8":"instock","9":"shipping-taxable","10":"purchasable","11":"product-type-variable"},"acf":[],"aioseo_notices":[],"jetpack_sharing_enabled":true,"_links":{"self":[{"href":"https:\/\/dupescents.co\/es\/wp-json\/wp\/v2\/product\/28166","targetHints":{"allow":["GET"]}}],"collection":[{"href":"https:\/\/dupescents.co\/es\/wp-json\/wp\/v2\/product"}],"about":[{"href":"https:\/\/dupescents.co\/es\/wp-json\/wp\/v2\/types\/product"}],"replies":[{"embeddable":true,"href":"https:\/\/dupescents.co\/es\/wp-json\/wp\/v2\/comments?post=28166"}],"wp:attachment":[{"href":"https:\/\/dupescents.co\/es\/wp-json\/wp\/v2\/media?parent=28166"}],"wp:term":[{"taxonomy":"product_brand","embeddable":true,"href":"https:\/\/dupescents.co\/es\/wp-json\/wp\/v2\/product_brand?post=28166"},{"taxonomy":"product_cat","embeddable":true,"href":"https:\/\/dupescents.co\/es\/wp-json\/wp\/v2\/product_cat?post=28166"},{"taxonomy":"product_tag","embeddable":true,"href":"https:\/\/dupescents.co\/es\/wp-json\/wp\/v2\/product_tag?post=28166"}],"curies":[{"name":"wp","href":"https:\/\/api.w.org\/{rel}","templated":true}]}}