{"id":28142,"date":"2025-04-02T16:50:45","date_gmt":"2025-04-02T14:50:45","guid":{"rendered":"https:\/\/dupescents.co\/products\/huele-a-si-passione\/"},"modified":"2026-02-21T04:52:21","modified_gmt":"2026-02-21T03:52:21","slug":"huele-a-si-passione","status":"publish","type":"product","link":"https:\/\/dupescents.co\/es\/productos\/huele-a-si-passione\/","title":{"rendered":"Huele a&#8230; Si Passione"},"content":{"rendered":"<p>100W - Ersatz f\u00fcr Giorgio Armani SI Passione<br \/>\nEAU DE PARFUM 100W - ERSATZ F\u00dcR GIORGIO ARMANI SI PASSIONE<\/p>\n<p>DUFTNOTEN UNSERES ERSATZES:<\/p>\n<p>GRUSH<br \/>\nBLACKCURRANT<br \/>\nROSE<br \/>\nANANAS<br \/>\nPINK PEPPER<br \/>\nVANILLA<br \/>\nGRAUFRUCHT<br \/>\nHELIOTROP<br \/>\nZEDER<br \/>\nJASMINE<br \/>\nAMBERHOLZ<br \/>\nPACULA<br \/>\nDUFTBESCHREIBUNG:<\/p>\n<p>Ein wundersch\u00f6ner Duft voller Eleganz und St\u00e4rke. Unser Pendant zum Duft Giorgio Armani Si Passione ist ein Eau de Parfum f\u00fcr selbstbewusste und unabh\u00e4ngige Frauen. Die \u00fcppige Komposition aus fruchtigen Aromen und tiefen holzigen Noten erzielt eine kontrastreiche und sensible Wirkung. Ideal f\u00fcr den Alltag und die Arbeit, aber auch f\u00fcr den Abend.<\/p>\n<p>MERKMALE DES ENTSPRECHENDEN PARF\u00dcMS SI PASSIONE:<br \/>\nDufttyp: fruchtig, blumig<br \/>\nF\u00fcr wen: Frauen<br \/>\nInhalt 10ml \/ 30ml \/ 50ml \/ 100ml<br \/>\nProdukt-Code: 100W<br \/>\nDer Preis f\u00fcr dieses Parf\u00fcm h\u00e4ngt von der angegebenen Menge ab.<br \/>\nBitte geben Sie uns nach dem Kauf Ihr Feedback!<\/p>\n<p>Siehe auch andere Giorgio Armani Parfums und deren Ersatzprodukte.<\/p>\n<p>Wonach riecht der Ersatz f\u00fcr Giorgio Armani Si Passione?<br \/>\nDer Ersatz f\u00fcr Giorgio Armani Si Passion ist perfekt f\u00fcr Fr\u00fchling und Sommer. Die Kombination aus schwarzer Johannisbeere und Birne ist subtil und nicht so aufdringlich wie der Vorg\u00e4nger des Parfums. Das Parf\u00fcm enth\u00e4lt auch Vanille und Jasmin.<\/p>\n<p>Ist der Ersatz f\u00fcr Giorgio Armani Si Passione lang anhaltend?<br \/>\nDer Gehalt an Duftkomponenten des Giorgio Armani Si Passione Ersatzes betr\u00e4gt 19%, so dass der Duft lange auf der Haut h\u00e4lt.<\/p>\n","protected":false},"excerpt":{"rendered":"<p class=\"product__text inline-richtext\">Inspiraci\u00f3n: Giorgio Armani SI Passione EDP 30ML<\/p>\n<p class=\"product__text inline-richtext\"><strong>\u2705 Eau de Toilette 19-21% Perfume<\/strong><\/p>\n<p class=\"product__text inline-richtext\"><strong>\u2705 La fragancia dura un segundo d\u00eda<\/strong><\/p>\n<p class=\"product__text inline-richtext\"><strong>Compra la fragancia, no la marca: ahorra dinero<\/strong><\/p>\n","protected":false},"featured_media":35700,"comment_status":"open","ping_status":"closed","template":"","meta":{"_acf_changed":false},"product_brand":[],"product_cat":[212,204],"product_tag":[],"class_list":{"0":"post-28142","1":"product","2":"type-product","3":"status-publish","4":"has-post-thumbnail","6":"product_cat-los-mas-vendidos","7":"product_cat-para-mujeres","9":"first","10":"instock","11":"shipping-taxable","12":"purchasable","13":"product-type-variable"},"acf":[],"aioseo_notices":[],"jetpack_sharing_enabled":true,"_links":{"self":[{"href":"https:\/\/dupescents.co\/es\/wp-json\/wp\/v2\/product\/28142","targetHints":{"allow":["GET"]}}],"collection":[{"href":"https:\/\/dupescents.co\/es\/wp-json\/wp\/v2\/product"}],"about":[{"href":"https:\/\/dupescents.co\/es\/wp-json\/wp\/v2\/types\/product"}],"replies":[{"embeddable":true,"href":"https:\/\/dupescents.co\/es\/wp-json\/wp\/v2\/comments?post=28142"}],"wp:featuredmedia":[{"embeddable":true,"href":"https:\/\/dupescents.co\/es\/wp-json\/wp\/v2\/media\/35700"}],"wp:attachment":[{"href":"https:\/\/dupescents.co\/es\/wp-json\/wp\/v2\/media?parent=28142"}],"wp:term":[{"taxonomy":"product_brand","embeddable":true,"href":"https:\/\/dupescents.co\/es\/wp-json\/wp\/v2\/product_brand?post=28142"},{"taxonomy":"product_cat","embeddable":true,"href":"https:\/\/dupescents.co\/es\/wp-json\/wp\/v2\/product_cat?post=28142"},{"taxonomy":"product_tag","embeddable":true,"href":"https:\/\/dupescents.co\/es\/wp-json\/wp\/v2\/product_tag?post=28142"}],"curies":[{"name":"wp","href":"https:\/\/api.w.org\/{rel}","templated":true}]}}