{"id":28106,"date":"2025-04-01T17:03:35","date_gmt":"2025-04-01T15:03:35","guid":{"rendered":"https:\/\/dupescents.co\/products\/huele-a-orquidea-de-terciopelo\/"},"modified":"2025-11-05T19:33:00","modified_gmt":"2025-11-05T18:33:00","slug":"huele-a-orquidea-de-terciopelo","status":"publish","type":"product","link":"https:\/\/dupescents.co\/es\/productos\/huele-a-orquidea-de-terciopelo\/","title":{"rendered":"Huele a&#8230; Orqu\u00eddea de terciopelo"},"content":{"rendered":"<p>111W - Tom Ford Samtorchidee-Ersatz<br \/>\nEAU DE PARFUM NO 111W - TOM FORD SAMTORCHIDEE ERSATZ<\/p>\n<p>DUFTNOTEN UNSERES ERSATZES:<\/p>\n<p>RUM<br \/>\nSCHWARZE ORCHIDEE<br \/>\nHONIG<br \/>\nVANILLA<br \/>\nMIRRA<br \/>\nAMBER<br \/>\nSANDELHOLZ<br \/>\nBALSAM VON PERU<br \/>\nJASMINE<br \/>\nHELIOTROP<br \/>\nHIACINT<br \/>\nLABDANUM<br \/>\nROSEN\u00d6L<br \/>\nNARZYZ<br \/>\nMAGNOLIEN\u00d6L<br \/>\nORANGENBLUME<br \/>\nMANDARINE<br \/>\nBERGAMOT<br \/>\nBESCHREIBUNG DES DUFTES ORCHID VELVET:<\/p>\n<p>Die \u00fcppige schwarze Orchidee, begleitet von holzigen Noten und zarten Fr\u00fchlingsblumen, fasziniert und befl\u00fcgelt die Sinne. Unser Gegenst\u00fcck zu Tom Ford Velvet Orchid ist ein Eau de Parfum, das die Herzen aller erobert, die in seine aromatischen Akkorde eintauchen. Es eignet sich sowohl f\u00fcr den Alltag als auch f\u00fcr besondere Anl\u00e4sse.<\/p>\n<p>EIGENSCHAFTEN DES GEGENST\u00dcCKS:<br \/>\nDufttyp: orientalisch, blumig<br \/>\nF\u00fcr wen: Frauen<br \/>\nInhalt: 30 ml \/ 50 ml \/ 100 ml<br \/>\nProdukt-Code: 111W<br \/>\nDer Preis f\u00fcr dieses Parf\u00fcm h\u00e4ngt von der angegebenen Menge ab.<br \/>\nBitte geben Sie uns Ihr Feedback nach dem Kauf!<\/p>\n<p>Sehen Sie auch andere Parfums von Tom Ford und ihre Ersatzprodukte.<\/p>\n<p>Wie riecht das entsprechende Parf\u00fcm Tom Ford Velvet Orchid?<br \/>\nEs ist ein interessanter, intensiver Duft, der als blumig, aber auch als orientalisch eingestuft wird. Unter den Duftnoten kann man Akkorde von Bergamotte, Jasmin und Hyazinthenbl\u00fcten, Honig oder Sandelholz entdecken. Der gesamte Duft ist sehr ausdrucksstark, intensiv und ideal f\u00fcr den Abend.<\/p>\n<p>Der Ersatz f\u00fcr Velvet Orchid ist ein Damenduft, aber wenn Sie nach etwas Unisexem suchen, sollten Sie sich den Ersatz f\u00fcr Black Orchid ansehen.<\/p>\n","protected":false},"excerpt":{"rendered":"<p>Inspiraci\u00f3n: Tom Ford Velvet Orchid EDP 50ML<\/p>\n<p class=\"product__text inline-richtext\"><strong>\u2705 Eau de Toilette 19-21% Perfume<\/strong><\/p>\n<p class=\"product__text inline-richtext\"><strong>\u2705 La fragancia dura un segundo d\u00eda<\/strong><\/p>\n<p class=\"product__text inline-richtext\"><strong>Compra la fragancia, no la marca: ahorra dinero<\/strong><\/p>\n","protected":false},"featured_media":36173,"comment_status":"open","ping_status":"closed","template":"","meta":{"_acf_changed":false},"product_brand":[],"product_cat":[212,204],"product_tag":[],"class_list":{"0":"post-28106","1":"product","2":"type-product","3":"status-publish","4":"has-post-thumbnail","6":"product_cat-los-mas-vendidos","7":"product_cat-para-mujeres","9":"first","10":"instock","11":"shipping-taxable","12":"purchasable","13":"product-type-variable"},"acf":[],"aioseo_notices":[],"jetpack_sharing_enabled":true,"_links":{"self":[{"href":"https:\/\/dupescents.co\/es\/wp-json\/wp\/v2\/product\/28106","targetHints":{"allow":["GET"]}}],"collection":[{"href":"https:\/\/dupescents.co\/es\/wp-json\/wp\/v2\/product"}],"about":[{"href":"https:\/\/dupescents.co\/es\/wp-json\/wp\/v2\/types\/product"}],"replies":[{"embeddable":true,"href":"https:\/\/dupescents.co\/es\/wp-json\/wp\/v2\/comments?post=28106"}],"wp:featuredmedia":[{"embeddable":true,"href":"https:\/\/dupescents.co\/es\/wp-json\/wp\/v2\/media\/36173"}],"wp:attachment":[{"href":"https:\/\/dupescents.co\/es\/wp-json\/wp\/v2\/media?parent=28106"}],"wp:term":[{"taxonomy":"product_brand","embeddable":true,"href":"https:\/\/dupescents.co\/es\/wp-json\/wp\/v2\/product_brand?post=28106"},{"taxonomy":"product_cat","embeddable":true,"href":"https:\/\/dupescents.co\/es\/wp-json\/wp\/v2\/product_cat?post=28106"},{"taxonomy":"product_tag","embeddable":true,"href":"https:\/\/dupescents.co\/es\/wp-json\/wp\/v2\/product_tag?post=28106"}],"curies":[{"name":"wp","href":"https:\/\/api.w.org\/{rel}","templated":true}]}}