{"id":28098,"date":"2025-04-01T17:07:14","date_gmt":"2025-04-01T15:07:14","guid":{"rendered":"https:\/\/dupescents.co\/products\/huele-a-hugo-mujer-2014\/"},"modified":"2025-11-05T19:32:59","modified_gmt":"2025-11-05T18:32:59","slug":"huele-a-hugo-mujer-2014","status":"publish","type":"product","link":"https:\/\/dupescents.co\/es\/productos\/huele-a-hugo-mujer-2014\/","title":{"rendered":"Huele a&#8230; Hugo Mujer 2014"},"content":{"rendered":"<p>114W - Hugo Boss Hugo Woman 2014 Ersatz<br \/>\nEAU DE PARFUM NO 114W - HUGO BOSS HUGO WOMAN ERSATZ<\/p>\n<p>DUFTNOTEN UNSERES ERSATZES:<\/p>\n<p>HASPERBEERE<br \/>\nITALIENISCHE MANDARINE<br \/>\nPFLAUME<br \/>\nSCHWARZER TEE<br \/>\nJASMINE<br \/>\nSANDELHOLZ<br \/>\nDREI<br \/>\nIRYS<br \/>\nBURSHINE<br \/>\nZEDER<br \/>\nDUFTBESCHREIBUNG:<\/p>\n<p>Ein Eau de Parfum f\u00fcr unabh\u00e4ngige und moderne Frauen, die sich nicht scheuen, sich auszudr\u00fccken. Das Pendant zu Hugo Boss Hugo Woman 2014 ist ein Duft, der Selbstvertrauen vermittelt. Die sch\u00f6ne, klassisch fruchtig-blumige Komposition unterstreicht Charakterst\u00e4rke und Weiblichkeit. Eine stilvolle Kombination, ideal f\u00fcr den Tag.<\/p>\n<p>EIGENSCHAFTEN DES GEGENST\u00dcCKS:<br \/>\nDufttyp: fruchtig, blumig<br \/>\nF\u00fcr wen: weiblich<br \/>\nInhalt: 30 ml \/ 50 ml \/ 100 ml<br \/>\nProdukt-Code: 114W<br \/>\nDer Preis f\u00fcr dieses Parf\u00fcm h\u00e4ngt von der angegebenen Menge ab.<br \/>\nBitte geben Sie uns Ihr Feedback nach dem Kauf!<\/p>\n<p>&nbsp;<\/p>\n<p>Sehen Sie auch andere Hugo Boss Parfums und ihre Ersatzprodukte.<\/p>\n","protected":false},"excerpt":{"rendered":"<p class=\"product__text inline-richtext\">Inspiraci\u00f3n: Hugo Boss Hugo Woman 2014 EDP 50ML<\/p>\n<p class=\"product__text inline-richtext\"><strong>\u2705 Eau de Toilette 19-21% Perfume<\/strong><\/p>\n<p class=\"product__text inline-richtext\"><strong>\u2705 La fragancia dura un segundo d\u00eda<\/strong><\/p>\n<p class=\"product__text inline-richtext\"><strong>Compra la fragancia, no la marca: ahorra dinero<\/strong><\/p>\n","protected":false},"featured_media":36170,"comment_status":"open","ping_status":"closed","template":"","meta":{"_acf_changed":false},"product_brand":[],"product_cat":[212,204],"product_tag":[],"class_list":{"0":"post-28098","1":"product","2":"type-product","3":"status-publish","4":"has-post-thumbnail","6":"product_cat-los-mas-vendidos","7":"product_cat-para-mujeres","9":"first","10":"instock","11":"shipping-taxable","12":"purchasable","13":"product-type-variable"},"acf":[],"aioseo_notices":[],"jetpack_sharing_enabled":true,"_links":{"self":[{"href":"https:\/\/dupescents.co\/es\/wp-json\/wp\/v2\/product\/28098","targetHints":{"allow":["GET"]}}],"collection":[{"href":"https:\/\/dupescents.co\/es\/wp-json\/wp\/v2\/product"}],"about":[{"href":"https:\/\/dupescents.co\/es\/wp-json\/wp\/v2\/types\/product"}],"replies":[{"embeddable":true,"href":"https:\/\/dupescents.co\/es\/wp-json\/wp\/v2\/comments?post=28098"}],"wp:featuredmedia":[{"embeddable":true,"href":"https:\/\/dupescents.co\/es\/wp-json\/wp\/v2\/media\/36170"}],"wp:attachment":[{"href":"https:\/\/dupescents.co\/es\/wp-json\/wp\/v2\/media?parent=28098"}],"wp:term":[{"taxonomy":"product_brand","embeddable":true,"href":"https:\/\/dupescents.co\/es\/wp-json\/wp\/v2\/product_brand?post=28098"},{"taxonomy":"product_cat","embeddable":true,"href":"https:\/\/dupescents.co\/es\/wp-json\/wp\/v2\/product_cat?post=28098"},{"taxonomy":"product_tag","embeddable":true,"href":"https:\/\/dupescents.co\/es\/wp-json\/wp\/v2\/product_tag?post=28098"}],"curies":[{"name":"wp","href":"https:\/\/api.w.org\/{rel}","templated":true}]}}